{"id":858356,"date":"2025-06-11T23:20:10","date_gmt":"2025-06-11T20:20:10","guid":{"rendered":"https:\/\/nextsnkr.com\/product\/dior-b23-platform-white-grey-premium\/"},"modified":"2026-02-01T18:43:02","modified_gmt":"2026-02-01T15:43:02","slug":"dior-b23-platform-white-grey-premium","status":"publish","type":"product","link":"https:\/\/nextsnkr.com\/no\/produkt\/dior-b23-platform-white-grey-premium\/","title":{"rendered":"Dior B23 Plattform Hvit Gr\u00e5 Premium sneakers-stilige l\u00e6rsko"},"content":{"rendered":"<h2>Dior B23 Plattform Hvit Gr\u00e5 Premium sneakers-stilige l\u00e6rsko<\/h2>\n<p>&nbsp;<\/p>\n<p>Dior B23 Platform White Grey Premium sneakers kombinerer premium skinn og moderne Dior merkevare design. Modellen gir komfort og holdbarhet, og plattforms\u00e5len gir stil og unikhet. Disse joggeskoene Fra Dior er ideelle for daglig bruk og skaper fasjonable utseende, og vil understreke din smak og prestisje, noe som gj\u00f8r hvert trinn trygt og stilig.<\/p>\n","protected":false},"excerpt":{"rendered":"<p>Dior B23 Platform White Grey Premium sneakers kombinerer premium skinn og moderne Dior merkevare design. Modellen gir komfort og holdbarhet, og plattforms\u00e5len gir stil og unikhet. Disse joggeskoene Fra Dior er ideelle for daglig bruk og skaper fasjonable utseende, og vil understreke din smak og prestisje, noe som gj\u00f8r hvert trinn trygt og stilig.<\/p>\n","protected":false},"featured_media":858357,"comment_status":"open","ping_status":"open","template":"","meta":[],"product_brand":[],"product_cat":[3277,3324],"product_tag":[],"class_list":{"0":"post-858356","1":"product","2":"type-product","3":"status-publish","4":"has-post-thumbnail","6":"product_cat-all-product","7":"product_cat-kedy","8":"pa_rozmir-910","9":"pa_rozmir-912","10":"pa_rozmir-914","11":"pa_rozmir-915","12":"pa_rozmir-916","13":"pa_rozmir-917","14":"pa_rozmir-918","15":"pa_rozmir-919","16":"pa_rozmir-920","17":"pa_rozmir-921","18":"pa_rozmir-922","20":"first","21":"onbackorder","22":"purchasable","23":"product-type-variable"},"_links":{"self":[{"href":"https:\/\/nextsnkr.com\/no\/wp-json\/wp\/v2\/product\/858356","targetHints":{"allow":["GET"]}}],"collection":[{"href":"https:\/\/nextsnkr.com\/no\/wp-json\/wp\/v2\/product"}],"about":[{"href":"https:\/\/nextsnkr.com\/no\/wp-json\/wp\/v2\/types\/product"}],"replies":[{"embeddable":true,"href":"https:\/\/nextsnkr.com\/no\/wp-json\/wp\/v2\/comments?post=858356"}],"version-history":[{"count":0,"href":"https:\/\/nextsnkr.com\/no\/wp-json\/wp\/v2\/product\/858356\/revisions"}],"wp:featuredmedia":[{"embeddable":true,"href":"https:\/\/nextsnkr.com\/no\/wp-json\/wp\/v2\/media\/858357"}],"wp:attachment":[{"href":"https:\/\/nextsnkr.com\/no\/wp-json\/wp\/v2\/media?parent=858356"}],"wp:term":[{"taxonomy":"product_brand","embeddable":true,"href":"https:\/\/nextsnkr.com\/no\/wp-json\/wp\/v2\/product_brand?post=858356"},{"taxonomy":"product_cat","embeddable":true,"href":"https:\/\/nextsnkr.com\/no\/wp-json\/wp\/v2\/product_cat?post=858356"},{"taxonomy":"product_tag","embeddable":true,"href":"https:\/\/nextsnkr.com\/no\/wp-json\/wp\/v2\/product_tag?post=858356"}],"curies":[{"name":"wp","href":"https:\/\/api.w.org\/{rel}","templated":true}]}}