{"id":856996,"date":"2025-06-11T22:36:18","date_gmt":"2025-06-11T19:36:18","guid":{"rendered":"https:\/\/nextsnkr.com\/product\/nike-pegasus-trail-4-gore-tex\/"},"modified":"2026-02-01T18:42:28","modified_gmt":"2026-02-01T15:42:28","slug":"nike-pegasus-trail-4-gore-tex","status":"publish","type":"product","link":"https:\/\/nextsnkr.com\/no\/produkt\/nike-pegasus-trail-4-gore-tex\/","title":{"rendered":"Nike Pegasus Trail 4 Gore-Tex L\u00f8ping Og Trekking Sko"},"content":{"rendered":"<h2>Nike Pegasus Trail 4 Gore-Tex L\u00f8ping Og Trekking Sko<\/h2>\n<p>&nbsp;<\/p>\n<p>Nike Pegasus Trail 4 Gore-Tex joggesko er designet for terrengl\u00f8p og aktive turer i all slags v\u00e6r. Den vannavvisende Gore-Tex-membranen beskytter mot fuktighet, mens tekstiloverdelen gir letthet og ventilasjon. P\u00e5litelig demping og en iherdig s\u00e5le gir stabilitet p\u00e5 forskjellige overflater. Velg Nike Pegasus Trail 4 Gore-Tex hvis du verdsetter komfort, beskyttelse og utholdenhet mens du er p\u00e5 farten.<\/p>\n","protected":false},"excerpt":{"rendered":"<p>Nike Pegasus Trail 4 Gore-Tex joggesko er designet for terrengl\u00f8p og aktive turer i all slags v\u00e6r. Den vannavvisende Gore-Tex-membranen beskytter mot fuktighet, mens tekstiloverdelen gir letthet og ventilasjon. P\u00e5litelig demping og en iherdig s\u00e5le gir stabilitet p\u00e5 forskjellige overflater. Velg Nike Pegasus Trail 4 Gore-Tex hvis du verdsetter komfort, beskyttelse og utholdenhet mens du er p\u00e5 farten.<\/p>\n","protected":false},"featured_media":856997,"comment_status":"open","ping_status":"open","template":"","meta":[],"product_brand":[],"product_cat":[3277,3278],"product_tag":[],"class_list":{"0":"post-856996","1":"product","2":"type-product","3":"status-publish","4":"has-post-thumbnail","6":"product_cat-all-product","7":"product_cat-krosivky","8":"pa_rozmir-910","9":"pa_rozmir-912","10":"pa_rozmir-914","11":"pa_rozmir-915","12":"pa_rozmir-916","13":"pa_rozmir-917","14":"pa_rozmir-918","15":"pa_rozmir-919","16":"pa_rozmir-920","17":"pa_rozmir-921","18":"pa_rozmir-922","20":"first","21":"instock","22":"purchasable","23":"product-type-variable"},"_links":{"self":[{"href":"https:\/\/nextsnkr.com\/no\/wp-json\/wp\/v2\/product\/856996","targetHints":{"allow":["GET"]}}],"collection":[{"href":"https:\/\/nextsnkr.com\/no\/wp-json\/wp\/v2\/product"}],"about":[{"href":"https:\/\/nextsnkr.com\/no\/wp-json\/wp\/v2\/types\/product"}],"replies":[{"embeddable":true,"href":"https:\/\/nextsnkr.com\/no\/wp-json\/wp\/v2\/comments?post=856996"}],"version-history":[{"count":0,"href":"https:\/\/nextsnkr.com\/no\/wp-json\/wp\/v2\/product\/856996\/revisions"}],"wp:featuredmedia":[{"embeddable":true,"href":"https:\/\/nextsnkr.com\/no\/wp-json\/wp\/v2\/media\/856997"}],"wp:attachment":[{"href":"https:\/\/nextsnkr.com\/no\/wp-json\/wp\/v2\/media?parent=856996"}],"wp:term":[{"taxonomy":"product_brand","embeddable":true,"href":"https:\/\/nextsnkr.com\/no\/wp-json\/wp\/v2\/product_brand?post=856996"},{"taxonomy":"product_cat","embeddable":true,"href":"https:\/\/nextsnkr.com\/no\/wp-json\/wp\/v2\/product_cat?post=856996"},{"taxonomy":"product_tag","embeddable":true,"href":"https:\/\/nextsnkr.com\/no\/wp-json\/wp\/v2\/product_tag?post=856996"}],"curies":[{"name":"wp","href":"https:\/\/api.w.org\/{rel}","templated":true}]}}