{"id":853206,"date":"2025-06-11T23:03:44","date_gmt":"2025-06-11T20:03:44","guid":{"rendered":"https:\/\/nextsnkr.com\/product\/nike-air-more-uptempo-96\/"},"modified":"2026-02-01T18:40:15","modified_gmt":"2026-02-01T15:40:15","slug":"nike-air-more-uptempo-96","status":"publish","type":"product","link":"https:\/\/nextsnkr.com\/no\/produkt\/nike-air-more-uptempo-96\/","title":{"rendered":"Nike Air More Uptempo 96 sneakers-stilige og komfortable joggesko"},"content":{"rendered":"<h2>Nike Air More Uptempo 96 sneakers-stilige og komfortable joggesko<\/h2>\n<p>&nbsp;<\/p>\n<p>Nike Air More Uptempo 96 joggesko kombinerer et ikonisk design og h\u00f8y komfort for hverdagsbruk. Slitesterke materialer sikrer holdbarhet, og den st\u00f8tdempende s\u00e5len gir mykhet og st\u00f8tte under turg\u00e5ing eller utend\u00f8rsaktiviteter. Den massive silhuetten og den gjenkjennelige Uptempo-stilen gj\u00f8r modellen til en sl\u00e5ende aksent i ethvert utseende. Nike Air More Uptempo 96 Er det perfekte valget for kjennere av sporty og urban stil.<\/p>\n","protected":false},"excerpt":{"rendered":"<p>Nike Air More Uptempo 96 joggesko kombinerer et ikonisk design og h\u00f8y komfort for hverdagsbruk. Slitesterke materialer sikrer holdbarhet, og den st\u00f8tdempende s\u00e5len gir mykhet og st\u00f8tte under turg\u00e5ing eller utend\u00f8rsaktiviteter. Den massive silhuetten og den gjenkjennelige Uptempo-stilen gj\u00f8r modellen til en sl\u00e5ende aksent i ethvert utseende. Nike Air More Uptempo 96 Er det perfekte valget for kjennere av sporty og urban stil.<\/p>\n","protected":false},"featured_media":853207,"comment_status":"open","ping_status":"open","template":"","meta":[],"product_brand":[],"product_cat":[3277,3278],"product_tag":[],"class_list":{"0":"post-853206","1":"product","2":"type-product","3":"status-publish","4":"has-post-thumbnail","6":"product_cat-all-product","7":"product_cat-krosivky","8":"pa_rozmir-910","9":"pa_rozmir-912","10":"pa_rozmir-914","11":"pa_rozmir-915","12":"pa_rozmir-916","13":"pa_rozmir-917","14":"pa_rozmir-918","15":"pa_rozmir-919","16":"pa_rozmir-920","17":"pa_rozmir-921","18":"pa_rozmir-922","20":"first","21":"onbackorder","22":"purchasable","23":"product-type-variable"},"_links":{"self":[{"href":"https:\/\/nextsnkr.com\/no\/wp-json\/wp\/v2\/product\/853206","targetHints":{"allow":["GET"]}}],"collection":[{"href":"https:\/\/nextsnkr.com\/no\/wp-json\/wp\/v2\/product"}],"about":[{"href":"https:\/\/nextsnkr.com\/no\/wp-json\/wp\/v2\/types\/product"}],"replies":[{"embeddable":true,"href":"https:\/\/nextsnkr.com\/no\/wp-json\/wp\/v2\/comments?post=853206"}],"version-history":[{"count":0,"href":"https:\/\/nextsnkr.com\/no\/wp-json\/wp\/v2\/product\/853206\/revisions"}],"wp:featuredmedia":[{"embeddable":true,"href":"https:\/\/nextsnkr.com\/no\/wp-json\/wp\/v2\/media\/853207"}],"wp:attachment":[{"href":"https:\/\/nextsnkr.com\/no\/wp-json\/wp\/v2\/media?parent=853206"}],"wp:term":[{"taxonomy":"product_brand","embeddable":true,"href":"https:\/\/nextsnkr.com\/no\/wp-json\/wp\/v2\/product_brand?post=853206"},{"taxonomy":"product_cat","embeddable":true,"href":"https:\/\/nextsnkr.com\/no\/wp-json\/wp\/v2\/product_cat?post=853206"},{"taxonomy":"product_tag","embeddable":true,"href":"https:\/\/nextsnkr.com\/no\/wp-json\/wp\/v2\/product_tag?post=853206"}],"curies":[{"name":"wp","href":"https:\/\/api.w.org\/{rel}","templated":true}]}}