{"id":852186,"date":"2025-06-11T23:05:56","date_gmt":"2025-06-11T20:05:56","guid":{"rendered":"https:\/\/nextsnkr.com\/product\/nike-v2k-pink-premium\/"},"modified":"2026-02-01T18:39:47","modified_gmt":"2026-02-01T15:39:47","slug":"nike-v2k-pink-premium","status":"publish","type":"product","link":"https:\/\/nextsnkr.com\/no\/produkt\/nike-v2k-pink-premium\/","title":{"rendered":"Nike V2K Pink Premium joggesko-stilige rosa tekstil joggesko"},"content":{"rendered":"<h2>Nike V2K Pink Premium joggesko-stilige rosa tekstil joggesko<\/h2>\n<p>&nbsp;<\/p>\n<p>Nike V2K Pink Premium joggesko er laget av lette og pustende tekstiler, som sikrer komfort og en behagelig passform hele dagen. Den knallrosa fargen gj\u00f8r at modellen skiller seg ut og gir en stilig aksent til ethvert utseende. Den lette s\u00e5len garanterer demping og st\u00f8tte for foten n\u00e5r du g\u00e5r eller utend\u00f8rsaktiviteter. Nike V2K Pink Premium er det perfekte valget for de som verdsetter kvalitet, komfort og moteriktig design.<\/p>\n","protected":false},"excerpt":{"rendered":"<p>Nike V2K Pink Premium joggesko er laget av lette og pustende tekstiler, som sikrer komfort og en behagelig passform hele dagen. Den knallrosa fargen gj\u00f8r at modellen skiller seg ut og gir en stilig aksent til ethvert utseende. Den lette s\u00e5len garanterer demping og st\u00f8tte for foten n\u00e5r du g\u00e5r eller utend\u00f8rsaktiviteter. Nike V2K Pink Premium er det perfekte valget for de som verdsetter kvalitet, komfort og moteriktig design.<\/p>\n","protected":false},"featured_media":852187,"comment_status":"open","ping_status":"open","template":"","meta":[],"product_brand":[],"product_cat":[3277,3278],"product_tag":[],"class_list":{"0":"post-852186","1":"product","2":"type-product","3":"status-publish","4":"has-post-thumbnail","6":"product_cat-all-product","7":"product_cat-krosivky","8":"pa_rozmir-910","9":"pa_rozmir-912","10":"pa_rozmir-914","11":"pa_rozmir-915","12":"pa_rozmir-916","13":"pa_rozmir-917","14":"pa_rozmir-918","15":"pa_rozmir-919","16":"pa_rozmir-920","17":"pa_rozmir-921","18":"pa_rozmir-922","20":"first","21":"instock","22":"purchasable","23":"product-type-variable"},"_links":{"self":[{"href":"https:\/\/nextsnkr.com\/no\/wp-json\/wp\/v2\/product\/852186","targetHints":{"allow":["GET"]}}],"collection":[{"href":"https:\/\/nextsnkr.com\/no\/wp-json\/wp\/v2\/product"}],"about":[{"href":"https:\/\/nextsnkr.com\/no\/wp-json\/wp\/v2\/types\/product"}],"replies":[{"embeddable":true,"href":"https:\/\/nextsnkr.com\/no\/wp-json\/wp\/v2\/comments?post=852186"}],"version-history":[{"count":0,"href":"https:\/\/nextsnkr.com\/no\/wp-json\/wp\/v2\/product\/852186\/revisions"}],"wp:featuredmedia":[{"embeddable":true,"href":"https:\/\/nextsnkr.com\/no\/wp-json\/wp\/v2\/media\/852187"}],"wp:attachment":[{"href":"https:\/\/nextsnkr.com\/no\/wp-json\/wp\/v2\/media?parent=852186"}],"wp:term":[{"taxonomy":"product_brand","embeddable":true,"href":"https:\/\/nextsnkr.com\/no\/wp-json\/wp\/v2\/product_brand?post=852186"},{"taxonomy":"product_cat","embeddable":true,"href":"https:\/\/nextsnkr.com\/no\/wp-json\/wp\/v2\/product_cat?post=852186"},{"taxonomy":"product_tag","embeddable":true,"href":"https:\/\/nextsnkr.com\/no\/wp-json\/wp\/v2\/product_tag?post=852186"}],"curies":[{"name":"wp","href":"https:\/\/api.w.org\/{rel}","templated":true}]}}