{"id":851677,"date":"2025-06-11T23:07:34","date_gmt":"2025-06-11T20:07:34","guid":{"rendered":"https:\/\/nextsnkr.com\/product\/chelsea-boots\/"},"modified":"2026-02-01T18:39:33","modified_gmt":"2026-02-01T15:39:33","slug":"chelsea-boots","status":"publish","type":"product","link":"https:\/\/nextsnkr.com\/no\/produkt\/chelsea-boots\/","title":{"rendered":"Chelsea Boots-stilige italienske l\u00e6rst\u00f8vler"},"content":{"rendered":"<h2>Chelsea Boots-stilige italienske l\u00e6rst\u00f8vler<\/h2>\n<p>&nbsp;<\/p>\n<p>Chelsea Boots st\u00f8vler er laget av italiensk skinn av h\u00f8y kvalitet, noe som sikrer komfort og holdbarhet. Den klassiske designen med elastiske innsatser gj\u00f8r det enkelt \u00e5 sette p\u00e5 sko og harmonisk kombinere med enhver stil. Det perfekte valget for daglig slitasje og skape et elegant utseende. Chelsea-St\u00f8vler kombinerer f\u00f8rsteklasses kvalitet, bekvemmelighet og fasjonabelt utseende.<\/p>\n","protected":false},"excerpt":{"rendered":"<p>Chelsea Boots st\u00f8vler er laget av italiensk skinn av h\u00f8y kvalitet, noe som sikrer komfort og holdbarhet. Den klassiske designen med elastiske innsatser gj\u00f8r det enkelt \u00e5 sette p\u00e5 sko og harmonisk kombinere med enhver stil. Det perfekte valget for daglig slitasje og skape et elegant utseende. Chelsea-St\u00f8vler kombinerer f\u00f8rsteklasses kvalitet, bekvemmelighet og fasjonabelt utseende.<\/p>\n","protected":false},"featured_media":851678,"comment_status":"open","ping_status":"open","template":"","meta":[],"product_brand":[],"product_cat":[3277,3337],"product_tag":[],"class_list":{"0":"post-851677","1":"product","2":"type-product","3":"status-publish","4":"has-post-thumbnail","6":"product_cat-all-product","7":"product_cat-cherevyky","8":"pa_rozmir-910","9":"pa_rozmir-912","10":"pa_rozmir-914","11":"pa_rozmir-915","12":"pa_rozmir-916","13":"pa_rozmir-917","14":"pa_rozmir-918","15":"pa_rozmir-919","16":"pa_rozmir-920","17":"pa_rozmir-921","18":"pa_rozmir-922","20":"first","21":"onbackorder","22":"purchasable","23":"product-type-variable"},"_links":{"self":[{"href":"https:\/\/nextsnkr.com\/no\/wp-json\/wp\/v2\/product\/851677","targetHints":{"allow":["GET"]}}],"collection":[{"href":"https:\/\/nextsnkr.com\/no\/wp-json\/wp\/v2\/product"}],"about":[{"href":"https:\/\/nextsnkr.com\/no\/wp-json\/wp\/v2\/types\/product"}],"replies":[{"embeddable":true,"href":"https:\/\/nextsnkr.com\/no\/wp-json\/wp\/v2\/comments?post=851677"}],"version-history":[{"count":0,"href":"https:\/\/nextsnkr.com\/no\/wp-json\/wp\/v2\/product\/851677\/revisions"}],"wp:featuredmedia":[{"embeddable":true,"href":"https:\/\/nextsnkr.com\/no\/wp-json\/wp\/v2\/media\/851678"}],"wp:attachment":[{"href":"https:\/\/nextsnkr.com\/no\/wp-json\/wp\/v2\/media?parent=851677"}],"wp:term":[{"taxonomy":"product_brand","embeddable":true,"href":"https:\/\/nextsnkr.com\/no\/wp-json\/wp\/v2\/product_brand?post=851677"},{"taxonomy":"product_cat","embeddable":true,"href":"https:\/\/nextsnkr.com\/no\/wp-json\/wp\/v2\/product_cat?post=851677"},{"taxonomy":"product_tag","embeddable":true,"href":"https:\/\/nextsnkr.com\/no\/wp-json\/wp\/v2\/product_tag?post=851677"}],"curies":[{"name":"wp","href":"https:\/\/api.w.org\/{rel}","templated":true}]}}