{"id":851337,"date":"2025-06-11T23:08:16","date_gmt":"2025-06-11T20:08:16","guid":{"rendered":"https:\/\/nextsnkr.com\/product\/balenciaga-track-beige-premium\/"},"modified":"2026-02-01T18:39:25","modified_gmt":"2026-02-01T15:39:25","slug":"balenciaga-track-beige-premium","status":"publish","type":"product","link":"https:\/\/nextsnkr.com\/no\/produkt\/balenciaga-track-beige-premium\/","title":{"rendered":"Balenciaga Track Beige Premium joggesko-premium skinn joggesko"},"content":{"rendered":"<h2>Balenciaga Track Beige Premium joggesko-premium skinn joggesko<\/h2>\n<p>&nbsp;<\/p>\n<p>Balenciaga Track Beige Premium sneakers er laget av h\u00f8y kvalitet skinn, som garanterer holdbarhet og komfort n\u00e5r du b\u00e6rer. Den moderne designen i en lys beige nyanse gj\u00f8r dem til et stilig valg for daglig og aktiv bruk. Materialer av h\u00f8y kvalitet, komfortabel passform og f\u00f8rsteklasses estetikk understreker eierens status og motiverer dem til \u00e5 kj\u00f8pe disse merkeskoene.<\/p>\n","protected":false},"excerpt":{"rendered":"<p>Balenciaga Track Beige Premium sneakers er laget av h\u00f8y kvalitet skinn, som garanterer holdbarhet og komfort n\u00e5r du b\u00e6rer. Den moderne designen i en lys beige nyanse gj\u00f8r dem til et stilig valg for daglig og aktiv bruk. Materialer av h\u00f8y kvalitet, komfortabel passform og f\u00f8rsteklasses estetikk understreker eierens status og motiverer dem til \u00e5 kj\u00f8pe disse merkeskoene.<\/p>\n","protected":false},"featured_media":851338,"comment_status":"open","ping_status":"open","template":"","meta":[],"product_brand":[],"product_cat":[3277,3278],"product_tag":[],"class_list":{"0":"post-851337","1":"product","2":"type-product","3":"status-publish","4":"has-post-thumbnail","6":"product_cat-all-product","7":"product_cat-krosivky","8":"pa_rozmir-910","9":"pa_rozmir-912","10":"pa_rozmir-914","11":"pa_rozmir-915","12":"pa_rozmir-916","13":"pa_rozmir-917","14":"pa_rozmir-918","15":"pa_rozmir-919","16":"pa_rozmir-920","17":"pa_rozmir-921","18":"pa_rozmir-922","20":"first","21":"instock","22":"purchasable","23":"product-type-variable"},"_links":{"self":[{"href":"https:\/\/nextsnkr.com\/no\/wp-json\/wp\/v2\/product\/851337","targetHints":{"allow":["GET"]}}],"collection":[{"href":"https:\/\/nextsnkr.com\/no\/wp-json\/wp\/v2\/product"}],"about":[{"href":"https:\/\/nextsnkr.com\/no\/wp-json\/wp\/v2\/types\/product"}],"replies":[{"embeddable":true,"href":"https:\/\/nextsnkr.com\/no\/wp-json\/wp\/v2\/comments?post=851337"}],"version-history":[{"count":0,"href":"https:\/\/nextsnkr.com\/no\/wp-json\/wp\/v2\/product\/851337\/revisions"}],"wp:featuredmedia":[{"embeddable":true,"href":"https:\/\/nextsnkr.com\/no\/wp-json\/wp\/v2\/media\/851338"}],"wp:attachment":[{"href":"https:\/\/nextsnkr.com\/no\/wp-json\/wp\/v2\/media?parent=851337"}],"wp:term":[{"taxonomy":"product_brand","embeddable":true,"href":"https:\/\/nextsnkr.com\/no\/wp-json\/wp\/v2\/product_brand?post=851337"},{"taxonomy":"product_cat","embeddable":true,"href":"https:\/\/nextsnkr.com\/no\/wp-json\/wp\/v2\/product_cat?post=851337"},{"taxonomy":"product_tag","embeddable":true,"href":"https:\/\/nextsnkr.com\/no\/wp-json\/wp\/v2\/product_tag?post=851337"}],"curies":[{"name":"wp","href":"https:\/\/api.w.org\/{rel}","templated":true}]}}