{"id":851168,"date":"2025-06-11T23:08:57","date_gmt":"2025-06-11T20:08:57","guid":{"rendered":"https:\/\/nextsnkr.com\/product\/balenciaga-track-white-orange\/"},"modified":"2026-02-01T18:39:20","modified_gmt":"2026-02-01T15:39:20","slug":"balenciaga-track-white-orange","status":"publish","type":"product","link":"https:\/\/nextsnkr.com\/no\/produkt\/balenciaga-track-white-orange\/","title":{"rendered":"Balenciaga Track Hvit \/ Oransje sneakers-premium l\u00e6r-og tekstilsko"},"content":{"rendered":"<h2>Balenciaga Track Hvit \/ Oransje sneakers-premium l\u00e6r-og tekstilsko<\/h2>\n<p>&nbsp;<\/p>\n<p>Balenciaga Track hvite \/ Oransje joggesko kombinerer l\u00e6r og tekstiler for komfort og holdbarhet. Den stilige hvite og oransje designen fremhever det moderne premiummerket og gj\u00f8r skoene ideelle for hverdagsbruk og en aktiv livsstil. Materialer av h\u00f8y kvalitet og ergonomisk ytters\u00e5le sikrer holdbarhet og maksimal komfort for hver dag.<\/p>\n","protected":false},"excerpt":{"rendered":"<p>Balenciaga Track hvite \/ Oransje joggesko kombinerer l\u00e6r og tekstiler for komfort og holdbarhet. Den stilige hvite og oransje designen fremhever det moderne premiummerket og gj\u00f8r skoene ideelle for hverdagsbruk og en aktiv livsstil. Materialer av h\u00f8y kvalitet og ergonomisk ytters\u00e5le sikrer holdbarhet og maksimal komfort for hver dag.<\/p>\n","protected":false},"featured_media":851169,"comment_status":"open","ping_status":"open","template":"","meta":[],"product_brand":[],"product_cat":[3277,3278],"product_tag":[],"class_list":{"0":"post-851168","1":"product","2":"type-product","3":"status-publish","4":"has-post-thumbnail","6":"product_cat-all-product","7":"product_cat-krosivky","8":"pa_rozmir-910","9":"pa_rozmir-912","10":"pa_rozmir-914","11":"pa_rozmir-915","12":"pa_rozmir-916","13":"pa_rozmir-917","14":"pa_rozmir-918","15":"pa_rozmir-919","16":"pa_rozmir-920","17":"pa_rozmir-921","18":"pa_rozmir-922","20":"first","21":"instock","22":"purchasable","23":"product-type-variable"},"_links":{"self":[{"href":"https:\/\/nextsnkr.com\/no\/wp-json\/wp\/v2\/product\/851168","targetHints":{"allow":["GET"]}}],"collection":[{"href":"https:\/\/nextsnkr.com\/no\/wp-json\/wp\/v2\/product"}],"about":[{"href":"https:\/\/nextsnkr.com\/no\/wp-json\/wp\/v2\/types\/product"}],"replies":[{"embeddable":true,"href":"https:\/\/nextsnkr.com\/no\/wp-json\/wp\/v2\/comments?post=851168"}],"version-history":[{"count":0,"href":"https:\/\/nextsnkr.com\/no\/wp-json\/wp\/v2\/product\/851168\/revisions"}],"wp:featuredmedia":[{"embeddable":true,"href":"https:\/\/nextsnkr.com\/no\/wp-json\/wp\/v2\/media\/851169"}],"wp:attachment":[{"href":"https:\/\/nextsnkr.com\/no\/wp-json\/wp\/v2\/media?parent=851168"}],"wp:term":[{"taxonomy":"product_brand","embeddable":true,"href":"https:\/\/nextsnkr.com\/no\/wp-json\/wp\/v2\/product_brand?post=851168"},{"taxonomy":"product_cat","embeddable":true,"href":"https:\/\/nextsnkr.com\/no\/wp-json\/wp\/v2\/product_cat?post=851168"},{"taxonomy":"product_tag","embeddable":true,"href":"https:\/\/nextsnkr.com\/no\/wp-json\/wp\/v2\/product_tag?post=851168"}],"curies":[{"name":"wp","href":"https:\/\/api.w.org\/{rel}","templated":true}]}}