{"id":848275,"date":"2025-06-11T23:24:56","date_gmt":"2025-06-11T20:24:56","guid":{"rendered":"https:\/\/nextsnkr.com\/product\/fendi-sneakers-beige\/"},"modified":"2026-02-01T18:37:51","modified_gmt":"2026-02-01T15:37:51","slug":"fendi-sneakers-beige","status":"publish","type":"product","link":"https:\/\/nextsnkr.com\/no\/produkt\/fendi-sneakers-beige\/","title":{"rendered":"Fendi Sneakers Beige skinn og semsket skinn beige sneakers"},"content":{"rendered":"<h2>Fendi Sneakers Beige skinn og semsket skinn beige sneakers<\/h2>\n<p>&nbsp;<\/p>\n<p>Stilige Fendi Sneakers Beige joggesko er laget av en kombinasjon av ekte skinn og myk semsket skinn, som gir komfort, holdbarhet og et f\u00f8rsteklasses utseende. Beige farge gir allsidighet og kombineres enkelt med uformelt og fasjonabelt utseende. Den lette s\u00e5len garanterer komfort mens du g\u00e5r, og materialer av h\u00f8y kvalitet sikrer lang levetid. Et ideelt valg for kjennere av merkede og stilige joggesko. SKU: Os0066-335338<\/p>\n","protected":false},"excerpt":{"rendered":"<p>Stilige Fendi Sneakers Beige joggesko er laget av en kombinasjon av ekte skinn og myk semsket skinn, som gir komfort, holdbarhet og et f\u00f8rsteklasses utseende. Beige farge gir allsidighet og kombineres enkelt med uformelt og fasjonabelt utseende. Den lette s\u00e5len garanterer komfort mens du g\u00e5r, og materialer av h\u00f8y kvalitet sikrer lang levetid. Et ideelt valg for kjennere av merkede og stilige joggesko. SKU: Os0066-335338<\/p>\n","protected":false},"featured_media":848276,"comment_status":"open","ping_status":"open","template":"","meta":[],"product_brand":[],"product_cat":[3277,3324],"product_tag":[],"class_list":{"0":"post-848275","1":"product","2":"type-product","3":"status-publish","4":"has-post-thumbnail","6":"product_cat-all-product","7":"product_cat-kedy","8":"pa_rozmir-910","9":"pa_rozmir-912","10":"pa_rozmir-914","11":"pa_rozmir-915","12":"pa_rozmir-916","13":"pa_rozmir-917","14":"pa_rozmir-918","15":"pa_rozmir-919","16":"pa_rozmir-920","17":"pa_rozmir-921","18":"pa_rozmir-922","20":"first","21":"instock","22":"purchasable","23":"product-type-variable"},"_links":{"self":[{"href":"https:\/\/nextsnkr.com\/no\/wp-json\/wp\/v2\/product\/848275","targetHints":{"allow":["GET"]}}],"collection":[{"href":"https:\/\/nextsnkr.com\/no\/wp-json\/wp\/v2\/product"}],"about":[{"href":"https:\/\/nextsnkr.com\/no\/wp-json\/wp\/v2\/types\/product"}],"replies":[{"embeddable":true,"href":"https:\/\/nextsnkr.com\/no\/wp-json\/wp\/v2\/comments?post=848275"}],"version-history":[{"count":0,"href":"https:\/\/nextsnkr.com\/no\/wp-json\/wp\/v2\/product\/848275\/revisions"}],"wp:featuredmedia":[{"embeddable":true,"href":"https:\/\/nextsnkr.com\/no\/wp-json\/wp\/v2\/media\/848276"}],"wp:attachment":[{"href":"https:\/\/nextsnkr.com\/no\/wp-json\/wp\/v2\/media?parent=848275"}],"wp:term":[{"taxonomy":"product_brand","embeddable":true,"href":"https:\/\/nextsnkr.com\/no\/wp-json\/wp\/v2\/product_brand?post=848275"},{"taxonomy":"product_cat","embeddable":true,"href":"https:\/\/nextsnkr.com\/no\/wp-json\/wp\/v2\/product_cat?post=848275"},{"taxonomy":"product_tag","embeddable":true,"href":"https:\/\/nextsnkr.com\/no\/wp-json\/wp\/v2\/product_tag?post=848275"}],"curies":[{"name":"wp","href":"https:\/\/api.w.org\/{rel}","templated":true}]}}