{"id":847256,"date":"2025-06-11T23:27:33","date_gmt":"2025-06-11T20:27:33","guid":{"rendered":"https:\/\/nextsnkr.com\/product\/yeezy-500-blush\/"},"modified":"2026-02-01T18:37:23","modified_gmt":"2026-02-01T15:37:23","slug":"yeezy-500-blush","status":"publish","type":"product","link":"https:\/\/nextsnkr.com\/no\/produkt\/yeezy-500-blush\/","title":{"rendered":"McM Hvit \/ Svart sneakers-lette tekstilsko fra Italia"},"content":{"rendered":"<h2>McM Hvit \/ Svart sneakers-lette tekstilsko fra Italia<\/h2>\n<p>&nbsp;<\/p>\n<p>McM Hvite \/ Svarte joggesko er laget av tekstiler av h\u00f8y kvalitet, som gir letthet, komfort og god ventilasjon. Den kontrasterende svart-hvite designen tilf\u00f8rer mote og gj\u00f8r modellen allsidig for hverdagslig utseende. Italiensk produksjon garanterer h\u00f8y kvalitet skreddersy og holdbarhet av materialer. Takket v\u00e6re den komfortable passformen er disse joggeskoene egnet for aktiv daglig bruk. Velg McM-stil, komfort og p\u00e5litelighet i hvert trinn.<\/p>\n","protected":false},"excerpt":{"rendered":"<p>McM Hvite \/ Svarte joggesko er laget av tekstiler av h\u00f8y kvalitet, som gir letthet, komfort og god ventilasjon. Den kontrasterende svart-hvite designen tilf\u00f8rer mote og gj\u00f8r modellen allsidig for hverdagslig utseende. Italiensk produksjon garanterer h\u00f8y kvalitet skreddersy og holdbarhet av materialer. Takket v\u00e6re den komfortable passformen er disse joggeskoene egnet for aktiv daglig bruk. Velg McM-stil, komfort og p\u00e5litelighet i hvert trinn.<\/p>\n","protected":false},"featured_media":847257,"comment_status":"open","ping_status":"open","template":"","meta":[],"product_brand":[],"product_cat":[3402,3277,3278],"product_tag":[],"class_list":{"0":"post-847256","1":"product","2":"type-product","3":"status-publish","4":"has-post-thumbnail","6":"product_cat-adidas-yeezy","7":"product_cat-all-product","8":"product_cat-krosivky","9":"pa_rozmir-910","10":"pa_rozmir-912","11":"pa_rozmir-914","12":"pa_rozmir-915","13":"pa_rozmir-916","14":"pa_rozmir-917","15":"pa_rozmir-918","16":"pa_rozmir-919","17":"pa_rozmir-920","18":"pa_rozmir-921","19":"pa_rozmir-922","21":"first","22":"onbackorder","23":"purchasable","24":"product-type-variable"},"_links":{"self":[{"href":"https:\/\/nextsnkr.com\/no\/wp-json\/wp\/v2\/product\/847256","targetHints":{"allow":["GET"]}}],"collection":[{"href":"https:\/\/nextsnkr.com\/no\/wp-json\/wp\/v2\/product"}],"about":[{"href":"https:\/\/nextsnkr.com\/no\/wp-json\/wp\/v2\/types\/product"}],"replies":[{"embeddable":true,"href":"https:\/\/nextsnkr.com\/no\/wp-json\/wp\/v2\/comments?post=847256"}],"version-history":[{"count":0,"href":"https:\/\/nextsnkr.com\/no\/wp-json\/wp\/v2\/product\/847256\/revisions"}],"wp:featuredmedia":[{"embeddable":true,"href":"https:\/\/nextsnkr.com\/no\/wp-json\/wp\/v2\/media\/847257"}],"wp:attachment":[{"href":"https:\/\/nextsnkr.com\/no\/wp-json\/wp\/v2\/media?parent=847256"}],"wp:term":[{"taxonomy":"product_brand","embeddable":true,"href":"https:\/\/nextsnkr.com\/no\/wp-json\/wp\/v2\/product_brand?post=847256"},{"taxonomy":"product_cat","embeddable":true,"href":"https:\/\/nextsnkr.com\/no\/wp-json\/wp\/v2\/product_cat?post=847256"},{"taxonomy":"product_tag","embeddable":true,"href":"https:\/\/nextsnkr.com\/no\/wp-json\/wp\/v2\/product_tag?post=847256"}],"curies":[{"name":"wp","href":"https:\/\/api.w.org\/{rel}","templated":true}]}}