{"id":844712,"date":"2025-06-12T08:39:21","date_gmt":"2025-06-12T05:39:21","guid":{"rendered":"https:\/\/nextsnkr.com\/product\/classic-black-zamsh\/"},"modified":"2026-02-01T18:36:03","modified_gmt":"2026-02-01T15:36:03","slug":"classic-black-zamsh","status":"publish","type":"product","link":"https:\/\/nextsnkr.com\/no\/produkt\/classic-black-zamsh\/","title":{"rendered":"Klassiske Svarte semsket st\u00f8vler for stilig og behagelig bruk"},"content":{"rendered":"<h2>Klassiske Svarte semsket st\u00f8vler for stilig og behagelig bruk<\/h2>\n<p>&nbsp;<\/p>\n<p>Klassiske Svarte st\u00f8vler er laget av h\u00f8ykvalitets semsket skinn I Vietnam. Den elegante designen kombinerer komfort og stil, egnet for daglig bruk og spesielle anledninger. Den slitesterke s\u00e5len og gjennomtenkt design sikrer p\u00e5litelighet og komfort n\u00e5r du g\u00e5r. Kj\u00f8p Klassiske Sorte semsket st\u00f8vler og legg til en kombinasjon av eleganse og praktisk i garderoben din.<\/p>\n","protected":false},"excerpt":{"rendered":"<p>Klassiske Svarte st\u00f8vler er laget av h\u00f8ykvalitets semsket skinn I Vietnam. Den elegante designen kombinerer komfort og stil, egnet for daglig bruk og spesielle anledninger. Den slitesterke s\u00e5len og gjennomtenkt design sikrer p\u00e5litelighet og komfort n\u00e5r du g\u00e5r. Kj\u00f8p Klassiske Sorte semsket st\u00f8vler og legg til en kombinasjon av eleganse og praktisk i garderoben din.<\/p>\n","protected":false},"featured_media":844713,"comment_status":"open","ping_status":"open","template":"","meta":[],"product_brand":[],"product_cat":[3277,3337],"product_tag":[],"class_list":{"0":"post-844712","1":"product","2":"type-product","3":"status-publish","4":"has-post-thumbnail","6":"product_cat-all-product","7":"product_cat-cherevyky","8":"pa_rozmir-910","9":"pa_rozmir-912","10":"pa_rozmir-914","11":"pa_rozmir-915","12":"pa_rozmir-916","13":"pa_rozmir-917","14":"pa_rozmir-918","15":"pa_rozmir-919","16":"pa_rozmir-920","17":"pa_rozmir-921","18":"pa_rozmir-922","20":"first","21":"instock","22":"purchasable","23":"product-type-variable"},"_links":{"self":[{"href":"https:\/\/nextsnkr.com\/no\/wp-json\/wp\/v2\/product\/844712","targetHints":{"allow":["GET"]}}],"collection":[{"href":"https:\/\/nextsnkr.com\/no\/wp-json\/wp\/v2\/product"}],"about":[{"href":"https:\/\/nextsnkr.com\/no\/wp-json\/wp\/v2\/types\/product"}],"replies":[{"embeddable":true,"href":"https:\/\/nextsnkr.com\/no\/wp-json\/wp\/v2\/comments?post=844712"}],"version-history":[{"count":0,"href":"https:\/\/nextsnkr.com\/no\/wp-json\/wp\/v2\/product\/844712\/revisions"}],"wp:featuredmedia":[{"embeddable":true,"href":"https:\/\/nextsnkr.com\/no\/wp-json\/wp\/v2\/media\/844713"}],"wp:attachment":[{"href":"https:\/\/nextsnkr.com\/no\/wp-json\/wp\/v2\/media?parent=844712"}],"wp:term":[{"taxonomy":"product_brand","embeddable":true,"href":"https:\/\/nextsnkr.com\/no\/wp-json\/wp\/v2\/product_brand?post=844712"},{"taxonomy":"product_cat","embeddable":true,"href":"https:\/\/nextsnkr.com\/no\/wp-json\/wp\/v2\/product_cat?post=844712"},{"taxonomy":"product_tag","embeddable":true,"href":"https:\/\/nextsnkr.com\/no\/wp-json\/wp\/v2\/product_tag?post=844712"}],"curies":[{"name":"wp","href":"https:\/\/api.w.org\/{rel}","templated":true}]}}