{"id":842676,"date":"2025-06-12T08:45:23","date_gmt":"2025-06-12T05:45:23","guid":{"rendered":"https:\/\/nextsnkr.com\/product\/handball-spezial-shadow-red\/"},"modified":"2026-02-01T18:34:56","modified_gmt":"2026-02-01T15:34:56","slug":"handball-spezial-shadow-red","status":"publish","type":"product","link":"https:\/\/nextsnkr.com\/no\/produkt\/handball-spezial-shadow-red\/","title":{"rendered":"Handball Spezial Shadow Red tekstil joggesko for et stilig utseende"},"content":{"rendered":"<h2>Handball Spezial Shadow Red tekstil joggesko for et stilig utseende<\/h2>\n<p>&nbsp;<\/p>\n<p>Handball Spezial Shadow Red sneakers er laget av tekstiler av h\u00f8y kvalitet I Vietnam. Lette og komfortable, de gir komfort for hverdagsbruk og utend\u00f8rsaktiviteter. Den lyse r\u00f8de fargen gir personlighet og dynamikk til stilen din. Velg Handball Spezial Shadow Red sneakers for \u00c5 kombinere moteriktig design, praktisk og kvalitet i garderoben din.<\/p>\n","protected":false},"excerpt":{"rendered":"<p>Handball Spezial Shadow Red sneakers er laget av tekstiler av h\u00f8y kvalitet I Vietnam. Lette og komfortable, de gir komfort for hverdagsbruk og utend\u00f8rsaktiviteter. Den lyse r\u00f8de fargen gir personlighet og dynamikk til stilen din. Velg Handball Spezial Shadow Red sneakers for \u00c5 kombinere moteriktig design, praktisk og kvalitet i garderoben din.<\/p>\n","protected":false},"featured_media":842677,"comment_status":"open","ping_status":"open","template":"","meta":[],"product_brand":[],"product_cat":[3277,3324],"product_tag":[],"class_list":{"0":"post-842676","1":"product","2":"type-product","3":"status-publish","4":"has-post-thumbnail","6":"product_cat-all-product","7":"product_cat-kedy","8":"pa_rozmir-910","9":"pa_rozmir-912","10":"pa_rozmir-914","11":"pa_rozmir-915","12":"pa_rozmir-916","13":"pa_rozmir-917","14":"pa_rozmir-918","15":"pa_rozmir-919","16":"pa_rozmir-920","17":"pa_rozmir-921","18":"pa_rozmir-922","20":"first","21":"instock","22":"purchasable","23":"product-type-variable"},"_links":{"self":[{"href":"https:\/\/nextsnkr.com\/no\/wp-json\/wp\/v2\/product\/842676","targetHints":{"allow":["GET"]}}],"collection":[{"href":"https:\/\/nextsnkr.com\/no\/wp-json\/wp\/v2\/product"}],"about":[{"href":"https:\/\/nextsnkr.com\/no\/wp-json\/wp\/v2\/types\/product"}],"replies":[{"embeddable":true,"href":"https:\/\/nextsnkr.com\/no\/wp-json\/wp\/v2\/comments?post=842676"}],"version-history":[{"count":0,"href":"https:\/\/nextsnkr.com\/no\/wp-json\/wp\/v2\/product\/842676\/revisions"}],"wp:featuredmedia":[{"embeddable":true,"href":"https:\/\/nextsnkr.com\/no\/wp-json\/wp\/v2\/media\/842677"}],"wp:attachment":[{"href":"https:\/\/nextsnkr.com\/no\/wp-json\/wp\/v2\/media?parent=842676"}],"wp:term":[{"taxonomy":"product_brand","embeddable":true,"href":"https:\/\/nextsnkr.com\/no\/wp-json\/wp\/v2\/product_brand?post=842676"},{"taxonomy":"product_cat","embeddable":true,"href":"https:\/\/nextsnkr.com\/no\/wp-json\/wp\/v2\/product_cat?post=842676"},{"taxonomy":"product_tag","embeddable":true,"href":"https:\/\/nextsnkr.com\/no\/wp-json\/wp\/v2\/product_tag?post=842676"}],"curies":[{"name":"wp","href":"https:\/\/api.w.org\/{rel}","templated":true}]}}