{"id":842507,"date":"2025-06-12T08:46:02","date_gmt":"2025-06-12T05:46:02","guid":{"rendered":"https:\/\/nextsnkr.com\/product\/bad-bunny-x-campus-beige\/"},"modified":"2026-02-01T18:34:51","modified_gmt":"2026-02-01T15:34:51","slug":"bad-bunny-x-campus-beige","status":"publish","type":"product","link":"https:\/\/nextsnkr.com\/no\/produkt\/bad-bunny-x-campus-beige\/","title":{"rendered":"Bad Bunny X Campus Beige suede sneakers for stilig og behagelig slitasje"},"content":{"rendered":"<h2>Bad Bunny X Campus Beige suede sneakers for stilig og behagelig slitasje<\/h2>\n<p>&nbsp;<\/p>\n<p>Bad Bunny X Campus Beige joggesko er laget av semsket skinn av h\u00f8y kvalitet I Vietnam. Lette og komfortable, de gir komfort under hverdagsbruk og utend\u00f8rsaktiviteter. Beige farge gir allsidighet og eleganse til utseendet ditt. Velg Bad Bunny X Campus Beige joggesko for \u00e5 kombinere moteriktig design, kvalitet og stilig aksent i garderoben din.<\/p>\n","protected":false},"excerpt":{"rendered":"<p>Bad Bunny X Campus Beige joggesko er laget av semsket skinn av h\u00f8y kvalitet I Vietnam. Lette og komfortable, de gir komfort under hverdagsbruk og utend\u00f8rsaktiviteter. Beige farge gir allsidighet og eleganse til utseendet ditt. Velg Bad Bunny X Campus Beige joggesko for \u00e5 kombinere moteriktig design, kvalitet og stilig aksent i garderoben din.<\/p>\n","protected":false},"featured_media":842508,"comment_status":"open","ping_status":"open","template":"","meta":[],"product_brand":[],"product_cat":[3277,3324],"product_tag":[],"class_list":{"0":"post-842507","1":"product","2":"type-product","3":"status-publish","4":"has-post-thumbnail","6":"product_cat-all-product","7":"product_cat-kedy","8":"pa_rozmir-910","9":"pa_rozmir-912","10":"pa_rozmir-914","11":"pa_rozmir-915","12":"pa_rozmir-916","13":"pa_rozmir-917","14":"pa_rozmir-918","15":"pa_rozmir-919","16":"pa_rozmir-920","17":"pa_rozmir-921","18":"pa_rozmir-922","20":"first","21":"onbackorder","22":"purchasable","23":"product-type-variable"},"_links":{"self":[{"href":"https:\/\/nextsnkr.com\/no\/wp-json\/wp\/v2\/product\/842507","targetHints":{"allow":["GET"]}}],"collection":[{"href":"https:\/\/nextsnkr.com\/no\/wp-json\/wp\/v2\/product"}],"about":[{"href":"https:\/\/nextsnkr.com\/no\/wp-json\/wp\/v2\/types\/product"}],"replies":[{"embeddable":true,"href":"https:\/\/nextsnkr.com\/no\/wp-json\/wp\/v2\/comments?post=842507"}],"version-history":[{"count":0,"href":"https:\/\/nextsnkr.com\/no\/wp-json\/wp\/v2\/product\/842507\/revisions"}],"wp:featuredmedia":[{"embeddable":true,"href":"https:\/\/nextsnkr.com\/no\/wp-json\/wp\/v2\/media\/842508"}],"wp:attachment":[{"href":"https:\/\/nextsnkr.com\/no\/wp-json\/wp\/v2\/media?parent=842507"}],"wp:term":[{"taxonomy":"product_brand","embeddable":true,"href":"https:\/\/nextsnkr.com\/no\/wp-json\/wp\/v2\/product_brand?post=842507"},{"taxonomy":"product_cat","embeddable":true,"href":"https:\/\/nextsnkr.com\/no\/wp-json\/wp\/v2\/product_cat?post=842507"},{"taxonomy":"product_tag","embeddable":true,"href":"https:\/\/nextsnkr.com\/no\/wp-json\/wp\/v2\/product_tag?post=842507"}],"curies":[{"name":"wp","href":"https:\/\/api.w.org\/{rel}","templated":true}]}}