{"id":838251,"date":"2025-06-12T08:59:31","date_gmt":"2025-06-12T05:59:31","guid":{"rendered":"https:\/\/nextsnkr.com\/product\/zoom-voomero-5-silver-pink\/"},"modified":"2026-02-01T18:32:43","modified_gmt":"2026-02-01T15:32:43","slug":"zoom-voomero-5-silver-pink","status":"publish","type":"product","link":"https:\/\/nextsnkr.com\/no\/produkt\/zoom-voomero-5-silver-pink\/","title":{"rendered":"Nike Zoom Vomero 5 S\u00f8lv Rosa Textil Sneakers Til Sport"},"content":{"rendered":"<h2>Nike Zoom Vomero 5 S\u00f8lv Rosa Textil Sneakers Til Sport<\/h2>\n<p>&nbsp;<\/p>\n<p>Zoom Voomero 5 S\u00f8lvrosa joggesko kombinerer moderne design og h\u00f8y komfort for et aktivt liv. Overdelen av tekstiler av h\u00f8y kvalitet gir pusteevne, og den st\u00f8tdempende s\u00e5len st\u00f8tter foten under trenings\u00f8kter og daglige turer. Disse joggeskoene er laget I Vietnam og er et stilig og p\u00e5litelig valg for sport og urban bruk.<\/p>\n","protected":false},"excerpt":{"rendered":"<p>Zoom Voomero 5 S\u00f8lvrosa joggesko kombinerer moderne design og h\u00f8y komfort for et aktivt liv. Overdelen av tekstiler av h\u00f8y kvalitet gir pusteevne, og den st\u00f8tdempende s\u00e5len st\u00f8tter foten under trenings\u00f8kter og daglige turer. Disse joggeskoene er laget I Vietnam og er et stilig og p\u00e5litelig valg for sport og urban bruk.<\/p>\n","protected":false},"featured_media":838252,"comment_status":"open","ping_status":"open","template":"","meta":[],"product_brand":[],"product_cat":[3277,3278],"product_tag":[],"class_list":{"0":"post-838251","1":"product","2":"type-product","3":"status-publish","4":"has-post-thumbnail","6":"product_cat-all-product","7":"product_cat-krosivky","8":"pa_rozmir-910","9":"pa_rozmir-912","10":"pa_rozmir-914","11":"pa_rozmir-915","12":"pa_rozmir-916","13":"pa_rozmir-917","14":"pa_rozmir-918","15":"pa_rozmir-919","16":"pa_rozmir-920","17":"pa_rozmir-921","18":"pa_rozmir-922","20":"first","21":"onbackorder","22":"purchasable","23":"product-type-variable"},"_links":{"self":[{"href":"https:\/\/nextsnkr.com\/no\/wp-json\/wp\/v2\/product\/838251","targetHints":{"allow":["GET"]}}],"collection":[{"href":"https:\/\/nextsnkr.com\/no\/wp-json\/wp\/v2\/product"}],"about":[{"href":"https:\/\/nextsnkr.com\/no\/wp-json\/wp\/v2\/types\/product"}],"replies":[{"embeddable":true,"href":"https:\/\/nextsnkr.com\/no\/wp-json\/wp\/v2\/comments?post=838251"}],"version-history":[{"count":0,"href":"https:\/\/nextsnkr.com\/no\/wp-json\/wp\/v2\/product\/838251\/revisions"}],"wp:featuredmedia":[{"embeddable":true,"href":"https:\/\/nextsnkr.com\/no\/wp-json\/wp\/v2\/media\/838252"}],"wp:attachment":[{"href":"https:\/\/nextsnkr.com\/no\/wp-json\/wp\/v2\/media?parent=838251"}],"wp:term":[{"taxonomy":"product_brand","embeddable":true,"href":"https:\/\/nextsnkr.com\/no\/wp-json\/wp\/v2\/product_brand?post=838251"},{"taxonomy":"product_cat","embeddable":true,"href":"https:\/\/nextsnkr.com\/no\/wp-json\/wp\/v2\/product_cat?post=838251"},{"taxonomy":"product_tag","embeddable":true,"href":"https:\/\/nextsnkr.com\/no\/wp-json\/wp\/v2\/product_tag?post=838251"}],"curies":[{"name":"wp","href":"https:\/\/api.w.org\/{rel}","templated":true}]}}