{"id":837741,"date":"2025-06-12T09:01:13","date_gmt":"2025-06-12T06:01:13","guid":{"rendered":"https:\/\/nextsnkr.com\/product\/zoom-vomero-5-earth-fossil\/"},"modified":"2026-02-01T18:32:30","modified_gmt":"2026-02-01T15:32:30","slug":"zoom-vomero-5-earth-fossil","status":"publish","type":"product","link":"https:\/\/nextsnkr.com\/no\/produkt\/zoom-vomero-5-earth-fossil\/","title":{"rendered":"Kj\u00f8p nike Zoom Vomero 5 &#8216;Earth Fossil&#8217; textil Sneakers online _ footway. no"},"content":{"rendered":"<h2>Kj\u00f8p nike Zoom Vomero 5 &#8216;Earth Fossil&#8217; textil Sneakers online _ footway. no<\/h2>\n<p>&nbsp;<\/p>\n<p>Zoom Vomero 5 &#8216;Earth Fossil&#8217; sneakers har en moderne design og h\u00f8y komfort for et aktivt liv. En pustende tekstiloverdel gir ventilasjon, og en lett dempende s\u00e5le st\u00f8tter foten under trening og daglige turer. Laget I Vietnam, er disse joggeskoene ideelle for l\u00f8ping, sport og hverdagsbruk, som kombinerer stil og p\u00e5litelighet.<\/p>\n","protected":false},"excerpt":{"rendered":"<p>Zoom Vomero 5 &#8216;Earth Fossil&#8217; sneakers har en moderne design og h\u00f8y komfort for et aktivt liv. En pustende tekstiloverdel gir ventilasjon, og en lett dempende s\u00e5le st\u00f8tter foten under trening og daglige turer. Laget I Vietnam, er disse joggeskoene ideelle for l\u00f8ping, sport og hverdagsbruk, som kombinerer stil og p\u00e5litelighet.<\/p>\n","protected":false},"featured_media":837742,"comment_status":"open","ping_status":"open","template":"","meta":[],"product_brand":[],"product_cat":[3277,3278],"product_tag":[],"class_list":{"0":"post-837741","1":"product","2":"type-product","3":"status-publish","4":"has-post-thumbnail","6":"product_cat-all-product","7":"product_cat-krosivky","8":"pa_rozmir-910","9":"pa_rozmir-912","10":"pa_rozmir-914","11":"pa_rozmir-915","12":"pa_rozmir-916","13":"pa_rozmir-917","14":"pa_rozmir-918","15":"pa_rozmir-919","16":"pa_rozmir-920","17":"pa_rozmir-921","18":"pa_rozmir-922","20":"first","21":"instock","22":"purchasable","23":"product-type-variable"},"_links":{"self":[{"href":"https:\/\/nextsnkr.com\/no\/wp-json\/wp\/v2\/product\/837741","targetHints":{"allow":["GET"]}}],"collection":[{"href":"https:\/\/nextsnkr.com\/no\/wp-json\/wp\/v2\/product"}],"about":[{"href":"https:\/\/nextsnkr.com\/no\/wp-json\/wp\/v2\/types\/product"}],"replies":[{"embeddable":true,"href":"https:\/\/nextsnkr.com\/no\/wp-json\/wp\/v2\/comments?post=837741"}],"version-history":[{"count":0,"href":"https:\/\/nextsnkr.com\/no\/wp-json\/wp\/v2\/product\/837741\/revisions"}],"wp:featuredmedia":[{"embeddable":true,"href":"https:\/\/nextsnkr.com\/no\/wp-json\/wp\/v2\/media\/837742"}],"wp:attachment":[{"href":"https:\/\/nextsnkr.com\/no\/wp-json\/wp\/v2\/media?parent=837741"}],"wp:term":[{"taxonomy":"product_brand","embeddable":true,"href":"https:\/\/nextsnkr.com\/no\/wp-json\/wp\/v2\/product_brand?post=837741"},{"taxonomy":"product_cat","embeddable":true,"href":"https:\/\/nextsnkr.com\/no\/wp-json\/wp\/v2\/product_cat?post=837741"},{"taxonomy":"product_tag","embeddable":true,"href":"https:\/\/nextsnkr.com\/no\/wp-json\/wp\/v2\/product_tag?post=837741"}],"curies":[{"name":"wp","href":"https:\/\/api.w.org\/{rel}","templated":true}]}}