{"id":829380,"date":"2025-06-13T09:20:20","date_gmt":"2025-06-13T06:20:20","guid":{"rendered":"https:\/\/nextsnkr.com\/product\/adidas-ozelia-golden-rose\/"},"modified":"2026-02-01T18:28:05","modified_gmt":"2026-02-01T15:28:05","slug":"adidas-ozelia-golden-rose","status":"publish","type":"product","link":"https:\/\/nextsnkr.com\/no\/produkt\/adidas-ozelia-golden-rose\/","title":{"rendered":"Adidas Ozelia Gylne Rose semsket Tekstil joggesko"},"content":{"rendered":"<h2>Adidas Ozelia Gylne Rose semsket Tekstil joggesko<\/h2>\n<p>&nbsp;<\/p>\n<p>Adidas Ozelia Golden Rose joggesko kombinerer stil og komfort for daglig bruk. Laget av semsket skinn og tekstiler av h\u00f8y kvalitet, gir de holdbarhet, letthet og utmerket ventilasjon av foten. Adidas-merket garanterer h\u00f8y kvalitet og moderne design, og den delikate gylden-rosa skyggen gj\u00f8r joggeskoene til et universelt valg for sport, turg\u00e5ing og \u00e5 skape et fasjonabelt utseende.<\/p>\n","protected":false},"excerpt":{"rendered":"<p>Adidas Ozelia Golden Rose joggesko kombinerer stil og komfort for daglig bruk. Laget av semsket skinn og tekstiler av h\u00f8y kvalitet, gir de holdbarhet, letthet og utmerket ventilasjon av foten. Adidas-merket garanterer h\u00f8y kvalitet og moderne design, og den delikate gylden-rosa skyggen gj\u00f8r joggeskoene til et universelt valg for sport, turg\u00e5ing og \u00e5 skape et fasjonabelt utseende.<\/p>\n","protected":false},"featured_media":829381,"comment_status":"open","ping_status":"open","template":"","meta":[],"product_brand":[],"product_cat":[3277,3278],"product_tag":[],"class_list":{"0":"post-829380","1":"product","2":"type-product","3":"status-publish","4":"has-post-thumbnail","6":"product_cat-all-product","7":"product_cat-krosivky","8":"pa_rozmir-910","9":"pa_rozmir-912","10":"pa_rozmir-914","11":"pa_rozmir-915","12":"pa_rozmir-916","13":"pa_rozmir-917","14":"pa_rozmir-918","15":"pa_rozmir-919","16":"pa_rozmir-920","17":"pa_rozmir-921","18":"pa_rozmir-922","20":"first","21":"onbackorder","22":"purchasable","23":"product-type-variable"},"_links":{"self":[{"href":"https:\/\/nextsnkr.com\/no\/wp-json\/wp\/v2\/product\/829380","targetHints":{"allow":["GET"]}}],"collection":[{"href":"https:\/\/nextsnkr.com\/no\/wp-json\/wp\/v2\/product"}],"about":[{"href":"https:\/\/nextsnkr.com\/no\/wp-json\/wp\/v2\/types\/product"}],"replies":[{"embeddable":true,"href":"https:\/\/nextsnkr.com\/no\/wp-json\/wp\/v2\/comments?post=829380"}],"version-history":[{"count":0,"href":"https:\/\/nextsnkr.com\/no\/wp-json\/wp\/v2\/product\/829380\/revisions"}],"wp:featuredmedia":[{"embeddable":true,"href":"https:\/\/nextsnkr.com\/no\/wp-json\/wp\/v2\/media\/829381"}],"wp:attachment":[{"href":"https:\/\/nextsnkr.com\/no\/wp-json\/wp\/v2\/media?parent=829380"}],"wp:term":[{"taxonomy":"product_brand","embeddable":true,"href":"https:\/\/nextsnkr.com\/no\/wp-json\/wp\/v2\/product_brand?post=829380"},{"taxonomy":"product_cat","embeddable":true,"href":"https:\/\/nextsnkr.com\/no\/wp-json\/wp\/v2\/product_cat?post=829380"},{"taxonomy":"product_tag","embeddable":true,"href":"https:\/\/nextsnkr.com\/no\/wp-json\/wp\/v2\/product_tag?post=829380"}],"curies":[{"name":"wp","href":"https:\/\/api.w.org\/{rel}","templated":true}]}}