{"id":829041,"date":"2025-06-13T09:21:03","date_gmt":"2025-06-13T06:21:03","guid":{"rendered":"https:\/\/nextsnkr.com\/product\/adidas-ozelia-white\/"},"modified":"2026-02-01T18:27:56","modified_gmt":"2026-02-01T15:27:56","slug":"adidas-ozelia-white","status":"publish","type":"product","link":"https:\/\/nextsnkr.com\/no\/produkt\/adidas-ozelia-white\/","title":{"rendered":"Adidas Ozelia Hvite Mesh Joggesko for Daglig Komfort"},"content":{"rendered":"<h2>Adidas Ozelia Hvite Mesh Joggesko for Daglig Komfort<\/h2>\n<p>&nbsp;<\/p>\n<p>Adidas Ozelia White sneakers er laget av h\u00f8y kvalitet mesh, som gir god ventilasjon og brukervennlighet. Adidas-merket garanterer stilig design og p\u00e5litelighet, noe som gj\u00f8r disse joggeskoene ideelle for turg\u00e5ing, sport og utend\u00f8rsaktiviteter. Den lette og fleksible ytters\u00e5len gir komfort hele dagen, og kombinerer praktisk og moderne utseende for daglig bruk.<\/p>\n","protected":false},"excerpt":{"rendered":"<p>Adidas Ozelia White sneakers er laget av h\u00f8y kvalitet mesh, som gir god ventilasjon og brukervennlighet. Adidas-merket garanterer stilig design og p\u00e5litelighet, noe som gj\u00f8r disse joggeskoene ideelle for turg\u00e5ing, sport og utend\u00f8rsaktiviteter. Den lette og fleksible ytters\u00e5len gir komfort hele dagen, og kombinerer praktisk og moderne utseende for daglig bruk.<\/p>\n","protected":false},"featured_media":829042,"comment_status":"open","ping_status":"open","template":"","meta":[],"product_brand":[],"product_cat":[3277,3278],"product_tag":[],"class_list":{"0":"post-829041","1":"product","2":"type-product","3":"status-publish","4":"has-post-thumbnail","6":"product_cat-all-product","7":"product_cat-krosivky","8":"pa_rozmir-910","9":"pa_rozmir-912","10":"pa_rozmir-914","11":"pa_rozmir-915","12":"pa_rozmir-916","13":"pa_rozmir-917","14":"pa_rozmir-918","15":"pa_rozmir-919","16":"pa_rozmir-920","17":"pa_rozmir-921","18":"pa_rozmir-922","20":"first","21":"onbackorder","22":"purchasable","23":"product-type-variable"},"_links":{"self":[{"href":"https:\/\/nextsnkr.com\/no\/wp-json\/wp\/v2\/product\/829041","targetHints":{"allow":["GET"]}}],"collection":[{"href":"https:\/\/nextsnkr.com\/no\/wp-json\/wp\/v2\/product"}],"about":[{"href":"https:\/\/nextsnkr.com\/no\/wp-json\/wp\/v2\/types\/product"}],"replies":[{"embeddable":true,"href":"https:\/\/nextsnkr.com\/no\/wp-json\/wp\/v2\/comments?post=829041"}],"version-history":[{"count":0,"href":"https:\/\/nextsnkr.com\/no\/wp-json\/wp\/v2\/product\/829041\/revisions"}],"wp:featuredmedia":[{"embeddable":true,"href":"https:\/\/nextsnkr.com\/no\/wp-json\/wp\/v2\/media\/829042"}],"wp:attachment":[{"href":"https:\/\/nextsnkr.com\/no\/wp-json\/wp\/v2\/media?parent=829041"}],"wp:term":[{"taxonomy":"product_brand","embeddable":true,"href":"https:\/\/nextsnkr.com\/no\/wp-json\/wp\/v2\/product_brand?post=829041"},{"taxonomy":"product_cat","embeddable":true,"href":"https:\/\/nextsnkr.com\/no\/wp-json\/wp\/v2\/product_cat?post=829041"},{"taxonomy":"product_tag","embeddable":true,"href":"https:\/\/nextsnkr.com\/no\/wp-json\/wp\/v2\/product_tag?post=829041"}],"curies":[{"name":"wp","href":"https:\/\/api.w.org\/{rel}","templated":true}]}}