{"id":827853,"date":"2025-06-13T09:23:51","date_gmt":"2025-06-13T06:23:51","guid":{"rendered":"https:\/\/nextsnkr.com\/product\/air-force-gold-swoosh\/"},"modified":"2026-02-01T18:27:23","modified_gmt":"2026-02-01T15:27:23","slug":"air-force-gold-swoosh","status":"publish","type":"product","link":"https:\/\/nextsnkr.com\/no\/produkt\/air-force-gold-swoosh\/","title":{"rendered":"Adidas Forum Lav hvit Svart skinn sneakers-stil og komfort"},"content":{"rendered":"<h2>Adidas Forum Lav hvit Svart skinn sneakers-stil og komfort<\/h2>\n<p>&nbsp;<\/p>\n<p>Adidas Forum Low White Black sneakers er en ikonisk l\u00e6rmodell som kombinerer stil og p\u00e5litelig kvalitet. Merkede materialer sikrer holdbarhet, og den komfortable lave passformen gj\u00f8r dem ideelle for daglig bruk. Svarte aksenter p\u00e5 hvit bakgrunn gir allsidighet, og passer lett til ethvert utseende. Disse joggeskoene er laget I Vietnam og garanterer komfort, holdbarhet og selvtillit i hvert trinn. Velg Adidas Forum Low, en velpr\u00f8vd klassiker som alltid er p\u00e5 trend.<\/p>\n","protected":false},"excerpt":{"rendered":"<p>Adidas Forum Low White Black sneakers er en ikonisk l\u00e6rmodell som kombinerer stil og p\u00e5litelig kvalitet. Merkede materialer sikrer holdbarhet, og den komfortable lave passformen gj\u00f8r dem ideelle for daglig bruk. Svarte aksenter p\u00e5 hvit bakgrunn gir allsidighet, og passer lett til ethvert utseende. Disse joggeskoene er laget I Vietnam og garanterer komfort, holdbarhet og selvtillit i hvert trinn. Velg Adidas Forum Low, en velpr\u00f8vd klassiker som alltid er p\u00e5 trend.<\/p>\n","protected":false},"featured_media":827854,"comment_status":"open","ping_status":"open","template":"","meta":[],"product_brand":[],"product_cat":[3277,3324],"product_tag":[],"class_list":{"0":"post-827853","1":"product","2":"type-product","3":"status-publish","4":"has-post-thumbnail","6":"product_cat-all-product","7":"product_cat-kedy","8":"pa_rozmir-910","9":"pa_rozmir-912","10":"pa_rozmir-914","11":"pa_rozmir-915","12":"pa_rozmir-916","13":"pa_rozmir-917","14":"pa_rozmir-918","15":"pa_rozmir-919","16":"pa_rozmir-920","17":"pa_rozmir-921","18":"pa_rozmir-922","20":"first","21":"instock","22":"purchasable","23":"product-type-variable"},"_links":{"self":[{"href":"https:\/\/nextsnkr.com\/no\/wp-json\/wp\/v2\/product\/827853","targetHints":{"allow":["GET"]}}],"collection":[{"href":"https:\/\/nextsnkr.com\/no\/wp-json\/wp\/v2\/product"}],"about":[{"href":"https:\/\/nextsnkr.com\/no\/wp-json\/wp\/v2\/types\/product"}],"replies":[{"embeddable":true,"href":"https:\/\/nextsnkr.com\/no\/wp-json\/wp\/v2\/comments?post=827853"}],"version-history":[{"count":0,"href":"https:\/\/nextsnkr.com\/no\/wp-json\/wp\/v2\/product\/827853\/revisions"}],"wp:featuredmedia":[{"embeddable":true,"href":"https:\/\/nextsnkr.com\/no\/wp-json\/wp\/v2\/media\/827854"}],"wp:attachment":[{"href":"https:\/\/nextsnkr.com\/no\/wp-json\/wp\/v2\/media?parent=827853"}],"wp:term":[{"taxonomy":"product_brand","embeddable":true,"href":"https:\/\/nextsnkr.com\/no\/wp-json\/wp\/v2\/product_brand?post=827853"},{"taxonomy":"product_cat","embeddable":true,"href":"https:\/\/nextsnkr.com\/no\/wp-json\/wp\/v2\/product_cat?post=827853"},{"taxonomy":"product_tag","embeddable":true,"href":"https:\/\/nextsnkr.com\/no\/wp-json\/wp\/v2\/product_tag?post=827853"}],"curies":[{"name":"wp","href":"https:\/\/api.w.org\/{rel}","templated":true}]}}