{"id":826666,"date":"2025-06-12T16:03:46","date_gmt":"2025-06-12T13:03:46","guid":{"rendered":"https:\/\/nextsnkr.com\/product\/gucci-gg-rhyton\/"},"modified":"2026-02-01T18:26:53","modified_gmt":"2026-02-01T15:26:53","slug":"gucci-gg-rhyton","status":"publish","type":"product","link":"https:\/\/nextsnkr.com\/no\/produkt\/gucci-gg-rhyton\/","title":{"rendered":"Gucci gg Rhyton tekstil joggesko for stilig og behagelig bruk"},"content":{"rendered":"<h2>Gucci gg Rhyton tekstil joggesko for stilig og behagelig bruk<\/h2>\n<p>&nbsp;<\/p>\n<p>Gucci GG Rhyton joggesko er laget av tekstiler av h\u00f8y kvalitet, og kombinerer moderne design og komfort for daglig bruk. Den lette konstruksjonen gir komfort n\u00e5r du g\u00e5r, mens det stilige designet og det gjenkjennelige Gucci-merket understreker din status og smak. Disse joggeskoene er ideelle for fotturer, by-og utend\u00f8rsaktiviteter, og blir en lys aksent i utseendet ditt, og kombinerer praktisk, eleganse og holdbarhet hver dag.<\/p>\n","protected":false},"excerpt":{"rendered":"<p>Gucci GG Rhyton joggesko er laget av tekstiler av h\u00f8y kvalitet, og kombinerer moderne design og komfort for daglig bruk. Den lette konstruksjonen gir komfort n\u00e5r du g\u00e5r, mens det stilige designet og det gjenkjennelige Gucci-merket understreker din status og smak. Disse joggeskoene er ideelle for fotturer, by-og utend\u00f8rsaktiviteter, og blir en lys aksent i utseendet ditt, og kombinerer praktisk, eleganse og holdbarhet hver dag.<\/p>\n","protected":false},"featured_media":826667,"comment_status":"open","ping_status":"open","template":"","meta":[],"product_brand":[],"product_cat":[3277,3278],"product_tag":[],"class_list":{"0":"post-826666","1":"product","2":"type-product","3":"status-publish","4":"has-post-thumbnail","6":"product_cat-all-product","7":"product_cat-krosivky","8":"pa_rozmir-910","9":"pa_rozmir-912","10":"pa_rozmir-914","11":"pa_rozmir-915","12":"pa_rozmir-916","13":"pa_rozmir-917","14":"pa_rozmir-918","15":"pa_rozmir-919","16":"pa_rozmir-920","17":"pa_rozmir-921","18":"pa_rozmir-922","20":"first","21":"onbackorder","22":"purchasable","23":"product-type-variable"},"_links":{"self":[{"href":"https:\/\/nextsnkr.com\/no\/wp-json\/wp\/v2\/product\/826666","targetHints":{"allow":["GET"]}}],"collection":[{"href":"https:\/\/nextsnkr.com\/no\/wp-json\/wp\/v2\/product"}],"about":[{"href":"https:\/\/nextsnkr.com\/no\/wp-json\/wp\/v2\/types\/product"}],"replies":[{"embeddable":true,"href":"https:\/\/nextsnkr.com\/no\/wp-json\/wp\/v2\/comments?post=826666"}],"version-history":[{"count":0,"href":"https:\/\/nextsnkr.com\/no\/wp-json\/wp\/v2\/product\/826666\/revisions"}],"wp:featuredmedia":[{"embeddable":true,"href":"https:\/\/nextsnkr.com\/no\/wp-json\/wp\/v2\/media\/826667"}],"wp:attachment":[{"href":"https:\/\/nextsnkr.com\/no\/wp-json\/wp\/v2\/media?parent=826666"}],"wp:term":[{"taxonomy":"product_brand","embeddable":true,"href":"https:\/\/nextsnkr.com\/no\/wp-json\/wp\/v2\/product_brand?post=826666"},{"taxonomy":"product_cat","embeddable":true,"href":"https:\/\/nextsnkr.com\/no\/wp-json\/wp\/v2\/product_cat?post=826666"},{"taxonomy":"product_tag","embeddable":true,"href":"https:\/\/nextsnkr.com\/no\/wp-json\/wp\/v2\/product_tag?post=826666"}],"curies":[{"name":"wp","href":"https:\/\/api.w.org\/{rel}","templated":true}]}}