{"id":825987,"date":"2025-06-12T16:04:29","date_gmt":"2025-06-12T13:04:29","guid":{"rendered":"https:\/\/nextsnkr.com\/product\/1906r-grey-purple\/"},"modified":"2026-02-01T18:26:23","modified_gmt":"2026-02-01T15:26:23","slug":"1906r-grey-purple","status":"publish","type":"product","link":"https:\/\/nextsnkr.com\/no\/produkt\/1906r-grey-purple\/","title":{"rendered":"1906r Gr\u00e5 Lilla tekstil joggesko for komfort og stil"},"content":{"rendered":"<h2>1906r Gr\u00e5 Lilla tekstil joggesko for komfort og stil<\/h2>\n<p>&nbsp;<\/p>\n<p>1906r Grey Purple sneakers er laget av tekstiler av h\u00f8y kvalitet som gir letthet, pusteevne og komfort under daglig bruk. Nyanser av gr\u00e5tt og lilla gir utseendet en moderne stil og unikhet. Den lette designen er egnet for turg\u00e5ing, by-og utend\u00f8rsaktiviteter, og p\u00e5litelig produksjon garanterer holdbarhet. Velg 1906r joggesko for stilige, praktiske og komfortable sko hver dag.<\/p>\n","protected":false},"excerpt":{"rendered":"<p>1906r Grey Purple sneakers er laget av tekstiler av h\u00f8y kvalitet som gir letthet, pusteevne og komfort under daglig bruk. Nyanser av gr\u00e5tt og lilla gir utseendet en moderne stil og unikhet. Den lette designen er egnet for turg\u00e5ing, by-og utend\u00f8rsaktiviteter, og p\u00e5litelig produksjon garanterer holdbarhet. Velg 1906r joggesko for stilige, praktiske og komfortable sko hver dag.<\/p>\n","protected":false},"featured_media":825988,"comment_status":"open","ping_status":"open","template":"","meta":[],"product_brand":[],"product_cat":[3277,3278],"product_tag":[],"class_list":{"0":"post-825987","1":"product","2":"type-product","3":"status-publish","4":"has-post-thumbnail","6":"product_cat-all-product","7":"product_cat-krosivky","8":"pa_rozmir-910","9":"pa_rozmir-912","10":"pa_rozmir-914","11":"pa_rozmir-915","12":"pa_rozmir-916","13":"pa_rozmir-917","14":"pa_rozmir-918","15":"pa_rozmir-919","16":"pa_rozmir-920","17":"pa_rozmir-921","18":"pa_rozmir-922","20":"first","21":"instock","22":"purchasable","23":"product-type-variable"},"_links":{"self":[{"href":"https:\/\/nextsnkr.com\/no\/wp-json\/wp\/v2\/product\/825987","targetHints":{"allow":["GET"]}}],"collection":[{"href":"https:\/\/nextsnkr.com\/no\/wp-json\/wp\/v2\/product"}],"about":[{"href":"https:\/\/nextsnkr.com\/no\/wp-json\/wp\/v2\/types\/product"}],"replies":[{"embeddable":true,"href":"https:\/\/nextsnkr.com\/no\/wp-json\/wp\/v2\/comments?post=825987"}],"version-history":[{"count":0,"href":"https:\/\/nextsnkr.com\/no\/wp-json\/wp\/v2\/product\/825987\/revisions"}],"wp:featuredmedia":[{"embeddable":true,"href":"https:\/\/nextsnkr.com\/no\/wp-json\/wp\/v2\/media\/825988"}],"wp:attachment":[{"href":"https:\/\/nextsnkr.com\/no\/wp-json\/wp\/v2\/media?parent=825987"}],"wp:term":[{"taxonomy":"product_brand","embeddable":true,"href":"https:\/\/nextsnkr.com\/no\/wp-json\/wp\/v2\/product_brand?post=825987"},{"taxonomy":"product_cat","embeddable":true,"href":"https:\/\/nextsnkr.com\/no\/wp-json\/wp\/v2\/product_cat?post=825987"},{"taxonomy":"product_tag","embeddable":true,"href":"https:\/\/nextsnkr.com\/no\/wp-json\/wp\/v2\/product_tag?post=825987"}],"curies":[{"name":"wp","href":"https:\/\/api.w.org\/{rel}","templated":true}]}}