{"id":825647,"date":"2025-06-12T16:05:10","date_gmt":"2025-06-12T13:05:10","guid":{"rendered":"https:\/\/nextsnkr.com\/product\/1906r-white-light-grey\/"},"modified":"2026-02-01T18:26:13","modified_gmt":"2026-02-01T15:26:13","slug":"1906r-white-light-grey","status":"publish","type":"product","link":"https:\/\/nextsnkr.com\/no\/produkt\/1906r-white-light-grey\/","title":{"rendered":"1906r hvit \/ Lys Gr\u00e5 tekstil joggesko for komfort og stil"},"content":{"rendered":"<h2>1906r hvit \/ Lys Gr\u00e5 tekstil joggesko for komfort og stil<\/h2>\n<p>&nbsp;<\/p>\n<p>1906r Hvite \/ Lysegr\u00e5 joggesko er laget av tekstiler av h\u00f8y kvalitet som gir letthet, pusteevne og komfort under daglig bruk. Kombinasjonen av hvite og lysegr\u00e5 farger gir utseendet friskhet og et moderne utseende. Den lette konstruksjonen og den komfortable s\u00e5len gj\u00f8r dem ideelle for fotturer, by-og utend\u00f8rsaktiviteter. Velg 1906r joggesko for stilige, praktiske og slitesterke sko hver dag.<\/p>\n","protected":false},"excerpt":{"rendered":"<p>1906r Hvite \/ Lysegr\u00e5 joggesko er laget av tekstiler av h\u00f8y kvalitet som gir letthet, pusteevne og komfort under daglig bruk. Kombinasjonen av hvite og lysegr\u00e5 farger gir utseendet friskhet og et moderne utseende. Den lette konstruksjonen og den komfortable s\u00e5len gj\u00f8r dem ideelle for fotturer, by-og utend\u00f8rsaktiviteter. Velg 1906r joggesko for stilige, praktiske og slitesterke sko hver dag.<\/p>\n","protected":false},"featured_media":825648,"comment_status":"open","ping_status":"open","template":"","meta":[],"product_brand":[],"product_cat":[3277,3278],"product_tag":[],"class_list":{"0":"post-825647","1":"product","2":"type-product","3":"status-publish","4":"has-post-thumbnail","6":"product_cat-all-product","7":"product_cat-krosivky","8":"pa_rozmir-910","9":"pa_rozmir-912","10":"pa_rozmir-914","11":"pa_rozmir-915","12":"pa_rozmir-916","13":"pa_rozmir-917","14":"pa_rozmir-918","15":"pa_rozmir-919","16":"pa_rozmir-920","17":"pa_rozmir-921","18":"pa_rozmir-922","20":"first","21":"instock","22":"purchasable","23":"product-type-variable"},"_links":{"self":[{"href":"https:\/\/nextsnkr.com\/no\/wp-json\/wp\/v2\/product\/825647","targetHints":{"allow":["GET"]}}],"collection":[{"href":"https:\/\/nextsnkr.com\/no\/wp-json\/wp\/v2\/product"}],"about":[{"href":"https:\/\/nextsnkr.com\/no\/wp-json\/wp\/v2\/types\/product"}],"replies":[{"embeddable":true,"href":"https:\/\/nextsnkr.com\/no\/wp-json\/wp\/v2\/comments?post=825647"}],"version-history":[{"count":0,"href":"https:\/\/nextsnkr.com\/no\/wp-json\/wp\/v2\/product\/825647\/revisions"}],"wp:featuredmedia":[{"embeddable":true,"href":"https:\/\/nextsnkr.com\/no\/wp-json\/wp\/v2\/media\/825648"}],"wp:attachment":[{"href":"https:\/\/nextsnkr.com\/no\/wp-json\/wp\/v2\/media?parent=825647"}],"wp:term":[{"taxonomy":"product_brand","embeddable":true,"href":"https:\/\/nextsnkr.com\/no\/wp-json\/wp\/v2\/product_brand?post=825647"},{"taxonomy":"product_cat","embeddable":true,"href":"https:\/\/nextsnkr.com\/no\/wp-json\/wp\/v2\/product_cat?post=825647"},{"taxonomy":"product_tag","embeddable":true,"href":"https:\/\/nextsnkr.com\/no\/wp-json\/wp\/v2\/product_tag?post=825647"}],"curies":[{"name":"wp","href":"https:\/\/api.w.org\/{rel}","templated":true}]}}