{"id":824986,"date":"2025-06-12T16:06:32","date_gmt":"2025-06-12T13:06:32","guid":{"rendered":"https:\/\/nextsnkr.com\/product\/610-white-cream-black\/"},"modified":"2026-02-01T18:25:54","modified_gmt":"2026-02-01T15:25:54","slug":"610-white-cream-black","status":"publish","type":"product","link":"https:\/\/nextsnkr.com\/no\/produkt\/610-white-cream-black\/","title":{"rendered":"610 Hvit Krem Svart skinn joggesko er stilig og komfortabel"},"content":{"rendered":"<h2>610 Hvit Krem Svart skinn joggesko er stilig og komfortabel<\/h2>\n<p>&nbsp;<\/p>\n<p>610 White Cream Black sneakers er laget av l\u00e6r av h\u00f8y kvalitet, noe som sikrer komfort, holdbarhet og p\u00e5litelighet under daglig bruk. Kombinasjonen av hvite, kremfargede og svarte farger gir utseendet modernitet og allsidighet. Den lette konstruksjonen og den komfortable s\u00e5len gj\u00f8r dem ideelle for fotturer, by-og utend\u00f8rsaktiviteter. Velg 610 joggesko for stilige, praktiske og slitesterke sko hver dag.<\/p>\n","protected":false},"excerpt":{"rendered":"<p>610 White Cream Black sneakers er laget av l\u00e6r av h\u00f8y kvalitet, noe som sikrer komfort, holdbarhet og p\u00e5litelighet under daglig bruk. Kombinasjonen av hvite, kremfargede og svarte farger gir utseendet modernitet og allsidighet. Den lette konstruksjonen og den komfortable s\u00e5len gj\u00f8r dem ideelle for fotturer, by-og utend\u00f8rsaktiviteter. Velg 610 joggesko for stilige, praktiske og slitesterke sko hver dag.<\/p>\n","protected":false},"featured_media":824989,"comment_status":"open","ping_status":"open","template":"","meta":[],"product_brand":[],"product_cat":[3277,3278],"product_tag":[],"class_list":{"0":"post-824986","1":"product","2":"type-product","3":"status-publish","4":"has-post-thumbnail","6":"product_cat-all-product","7":"product_cat-krosivky","8":"pa_rozmir-910","9":"pa_rozmir-912","10":"pa_rozmir-914","11":"pa_rozmir-915","12":"pa_rozmir-916","13":"pa_rozmir-917","14":"pa_rozmir-918","15":"pa_rozmir-919","16":"pa_rozmir-920","17":"pa_rozmir-921","18":"pa_rozmir-922","20":"first","21":"instock","22":"purchasable","23":"product-type-variable"},"_links":{"self":[{"href":"https:\/\/nextsnkr.com\/no\/wp-json\/wp\/v2\/product\/824986","targetHints":{"allow":["GET"]}}],"collection":[{"href":"https:\/\/nextsnkr.com\/no\/wp-json\/wp\/v2\/product"}],"about":[{"href":"https:\/\/nextsnkr.com\/no\/wp-json\/wp\/v2\/types\/product"}],"replies":[{"embeddable":true,"href":"https:\/\/nextsnkr.com\/no\/wp-json\/wp\/v2\/comments?post=824986"}],"version-history":[{"count":0,"href":"https:\/\/nextsnkr.com\/no\/wp-json\/wp\/v2\/product\/824986\/revisions"}],"wp:featuredmedia":[{"embeddable":true,"href":"https:\/\/nextsnkr.com\/no\/wp-json\/wp\/v2\/media\/824989"}],"wp:attachment":[{"href":"https:\/\/nextsnkr.com\/no\/wp-json\/wp\/v2\/media?parent=824986"}],"wp:term":[{"taxonomy":"product_brand","embeddable":true,"href":"https:\/\/nextsnkr.com\/no\/wp-json\/wp\/v2\/product_brand?post=824986"},{"taxonomy":"product_cat","embeddable":true,"href":"https:\/\/nextsnkr.com\/no\/wp-json\/wp\/v2\/product_cat?post=824986"},{"taxonomy":"product_tag","embeddable":true,"href":"https:\/\/nextsnkr.com\/no\/wp-json\/wp\/v2\/product_tag?post=824986"}],"curies":[{"name":"wp","href":"https:\/\/api.w.org\/{rel}","templated":true}]}}