{"id":821782,"date":"2025-06-12T16:10:38","date_gmt":"2025-06-12T13:10:38","guid":{"rendered":"https:\/\/nextsnkr.com\/product\/baley-beige\/"},"modified":"2026-02-01T18:24:16","modified_gmt":"2026-02-01T15:24:16","slug":"baley-beige","status":"publish","type":"product","link":"https:\/\/nextsnkr.com\/no\/produkt\/baley-beige\/","title":{"rendered":"UGG Baley Beige semsket skinn med pels beige komfortabel og stilig"},"content":{"rendered":"<h2>UGG Baley Beige semsket skinn med pels beige komfortabel og stilig<\/h2>\n<p>&nbsp;<\/p>\n<p>UGG Baley Beige st\u00f8vler er laget av naturlig semsket skinn og isolert med myk fuskepels, som gir varme og komfort i den kalde \u00e5rstiden. Den beige fargen gj\u00f8r modellen allsidig og kan enkelt kombineres med hvilken som helst garderobe. Den lette designen og den komfortable s\u00e5len garanterer behagelig daglig bruk, turg\u00e5ing og utend\u00f8rsaktiviteter. Velg Ugg Baley Beige for en kombinasjon av stil, praktisk og holdbarhet.<\/p>\n","protected":false},"excerpt":{"rendered":"<p>UGG Baley Beige st\u00f8vler er laget av naturlig semsket skinn og isolert med myk fuskepels, som gir varme og komfort i den kalde \u00e5rstiden. Den beige fargen gj\u00f8r modellen allsidig og kan enkelt kombineres med hvilken som helst garderobe. Den lette designen og den komfortable s\u00e5len garanterer behagelig daglig bruk, turg\u00e5ing og utend\u00f8rsaktiviteter. Velg Ugg Baley Beige for en kombinasjon av stil, praktisk og holdbarhet.<\/p>\n","protected":false},"featured_media":821784,"comment_status":"open","ping_status":"open","template":"","meta":[],"product_brand":[],"product_cat":[3413,3277],"product_tag":[],"class_list":{"0":"post-821782","1":"product","2":"type-product","3":"status-publish","4":"has-post-thumbnail","6":"product_cat-ugg","7":"product_cat-all-product","8":"pa_rozmir-910","9":"pa_rozmir-912","10":"pa_rozmir-914","11":"pa_rozmir-915","12":"pa_rozmir-916","13":"pa_rozmir-917","14":"pa_rozmir-918","15":"pa_rozmir-919","16":"pa_rozmir-920","17":"pa_rozmir-921","18":"pa_rozmir-922","20":"first","21":"instock","22":"purchasable","23":"product-type-variable"},"_links":{"self":[{"href":"https:\/\/nextsnkr.com\/no\/wp-json\/wp\/v2\/product\/821782","targetHints":{"allow":["GET"]}}],"collection":[{"href":"https:\/\/nextsnkr.com\/no\/wp-json\/wp\/v2\/product"}],"about":[{"href":"https:\/\/nextsnkr.com\/no\/wp-json\/wp\/v2\/types\/product"}],"replies":[{"embeddable":true,"href":"https:\/\/nextsnkr.com\/no\/wp-json\/wp\/v2\/comments?post=821782"}],"version-history":[{"count":0,"href":"https:\/\/nextsnkr.com\/no\/wp-json\/wp\/v2\/product\/821782\/revisions"}],"wp:featuredmedia":[{"embeddable":true,"href":"https:\/\/nextsnkr.com\/no\/wp-json\/wp\/v2\/media\/821784"}],"wp:attachment":[{"href":"https:\/\/nextsnkr.com\/no\/wp-json\/wp\/v2\/media?parent=821782"}],"wp:term":[{"taxonomy":"product_brand","embeddable":true,"href":"https:\/\/nextsnkr.com\/no\/wp-json\/wp\/v2\/product_brand?post=821782"},{"taxonomy":"product_cat","embeddable":true,"href":"https:\/\/nextsnkr.com\/no\/wp-json\/wp\/v2\/product_cat?post=821782"},{"taxonomy":"product_tag","embeddable":true,"href":"https:\/\/nextsnkr.com\/no\/wp-json\/wp\/v2\/product_tag?post=821782"}],"curies":[{"name":"wp","href":"https:\/\/api.w.org\/{rel}","templated":true}]}}