{"id":821541,"date":"2025-06-13T09:32:34","date_gmt":"2025-06-13T06:32:34","guid":{"rendered":"https:\/\/nextsnkr.com\/product\/new-balance-550-white-grey\/"},"modified":"2026-02-01T18:24:11","modified_gmt":"2026-02-01T15:24:11","slug":"new-balance-550-white-grey","status":"publish","type":"product","link":"https:\/\/nextsnkr.com\/no\/produkt\/new-balance-550-white-grey\/","title":{"rendered":"New Balance 550 Hvit Gr\u00e5 skinn \/ semsket sko-klassisk stil"},"content":{"rendered":"<h2>New Balance 550 Hvit Gr\u00e5 skinn \/ semsket sko-klassisk stil<\/h2>\n<p>&nbsp;<\/p>\n<p>Den moderne New Balance 550 Hvit Gr\u00e5 joggesko er laget av en kombinasjon av h\u00f8y kvalitet skinn og semsket skinn, som gir komfort, holdbarhet og et stilig utseende. Den hvite og gr\u00e5 fargekombinasjonen gj\u00f8r modellen allsidig og enkel \u00e5 matche med hvilken som helst garderobe. Disse joggeskoene er laget i Kina og garanterer p\u00e5litelig kvalitet, komfortabel passform og moderne design. Perfekt valg for daglig bruk og aktiv livsstil. Kode: NB041-382416.<\/p>\n","protected":false},"excerpt":{"rendered":"<p>Den moderne New Balance 550 Hvit Gr\u00e5 joggesko er laget av en kombinasjon av h\u00f8y kvalitet skinn og semsket skinn, som gir komfort, holdbarhet og et stilig utseende. Den hvite og gr\u00e5 fargekombinasjonen gj\u00f8r modellen allsidig og enkel \u00e5 matche med hvilken som helst garderobe. Disse joggeskoene er laget i Kina og garanterer p\u00e5litelig kvalitet, komfortabel passform og moderne design. Perfekt valg for daglig bruk og aktiv livsstil. Kode: NB041-382416.<\/p>\n","protected":false},"featured_media":821546,"comment_status":"open","ping_status":"open","template":"","meta":[],"product_brand":[],"product_cat":[3277,3278],"product_tag":[],"class_list":{"0":"post-821541","1":"product","2":"type-product","3":"status-publish","4":"has-post-thumbnail","6":"product_cat-all-product","7":"product_cat-krosivky","8":"pa_rozmir-910","9":"pa_rozmir-912","10":"pa_rozmir-914","11":"pa_rozmir-915","12":"pa_rozmir-916","13":"pa_rozmir-917","14":"pa_rozmir-918","15":"pa_rozmir-919","16":"pa_rozmir-920","17":"pa_rozmir-921","18":"pa_rozmir-922","20":"first","21":"instock","22":"purchasable","23":"product-type-variable"},"_links":{"self":[{"href":"https:\/\/nextsnkr.com\/no\/wp-json\/wp\/v2\/product\/821541","targetHints":{"allow":["GET"]}}],"collection":[{"href":"https:\/\/nextsnkr.com\/no\/wp-json\/wp\/v2\/product"}],"about":[{"href":"https:\/\/nextsnkr.com\/no\/wp-json\/wp\/v2\/types\/product"}],"replies":[{"embeddable":true,"href":"https:\/\/nextsnkr.com\/no\/wp-json\/wp\/v2\/comments?post=821541"}],"version-history":[{"count":0,"href":"https:\/\/nextsnkr.com\/no\/wp-json\/wp\/v2\/product\/821541\/revisions"}],"wp:featuredmedia":[{"embeddable":true,"href":"https:\/\/nextsnkr.com\/no\/wp-json\/wp\/v2\/media\/821546"}],"wp:attachment":[{"href":"https:\/\/nextsnkr.com\/no\/wp-json\/wp\/v2\/media?parent=821541"}],"wp:term":[{"taxonomy":"product_brand","embeddable":true,"href":"https:\/\/nextsnkr.com\/no\/wp-json\/wp\/v2\/product_brand?post=821541"},{"taxonomy":"product_cat","embeddable":true,"href":"https:\/\/nextsnkr.com\/no\/wp-json\/wp\/v2\/product_cat?post=821541"},{"taxonomy":"product_tag","embeddable":true,"href":"https:\/\/nextsnkr.com\/no\/wp-json\/wp\/v2\/product_tag?post=821541"}],"curies":[{"name":"wp","href":"https:\/\/api.w.org\/{rel}","templated":true}]}}