{"id":819922,"date":"2025-06-12T16:13:02","date_gmt":"2025-06-12T13:13:02","guid":{"rendered":"https:\/\/nextsnkr.com\/product\/yeezy-boost-350-v2-black-premium\/"},"modified":"2026-02-01T18:23:28","modified_gmt":"2026-02-01T15:23:28","slug":"yeezy-boost-350-v2-black-premium","status":"publish","type":"product","link":"https:\/\/nextsnkr.com\/no\/produkt\/yeezy-boost-350-v2-black-premium\/","title":{"rendered":"Yeezy Boost 350 v2 Svart Premium Tekstil Joggesko"},"content":{"rendered":"<h2>Yeezy Boost 350 v2 Svart Premium Tekstil Joggesko<\/h2>\n<p>&nbsp;<\/p>\n<p>Yeezy Boost 350 v2 Svarte Premium joggesko kombinerer stilig svart design og tekstiler av h\u00f8y kvalitet for komfort og holdbarhet. Modellen er utstyrt med refleks sn\u00f8reb\u00e5nd for enkelhets skyld og sikkerhet n\u00e5r du g\u00e5r. Perfekt for daglig bruk og en aktiv livsstil, og gir et moderne preg p\u00e5 utseendet ditt. Velg Yeezy Boost 350 v2 Svart Premium for fasjonable og p\u00e5litelige sko.<\/p>\n","protected":false},"excerpt":{"rendered":"<p>Yeezy Boost 350 v2 Svarte Premium joggesko kombinerer stilig svart design og tekstiler av h\u00f8y kvalitet for komfort og holdbarhet. Modellen er utstyrt med refleks sn\u00f8reb\u00e5nd for enkelhets skyld og sikkerhet n\u00e5r du g\u00e5r. Perfekt for daglig bruk og en aktiv livsstil, og gir et moderne preg p\u00e5 utseendet ditt. Velg Yeezy Boost 350 v2 Svart Premium for fasjonable og p\u00e5litelige sko.<\/p>\n","protected":false},"featured_media":819926,"comment_status":"open","ping_status":"open","template":"","meta":[],"product_brand":[],"product_cat":[3402,3277,3278],"product_tag":[],"class_list":{"0":"post-819922","1":"product","2":"type-product","3":"status-publish","4":"has-post-thumbnail","6":"product_cat-adidas-yeezy","7":"product_cat-all-product","8":"product_cat-krosivky","9":"pa_rozmir-910","10":"pa_rozmir-912","11":"pa_rozmir-914","12":"pa_rozmir-915","13":"pa_rozmir-916","14":"pa_rozmir-917","15":"pa_rozmir-918","16":"pa_rozmir-919","17":"pa_rozmir-920","18":"pa_rozmir-921","19":"pa_rozmir-922","21":"first","22":"instock","23":"purchasable","24":"product-type-variable"},"_links":{"self":[{"href":"https:\/\/nextsnkr.com\/no\/wp-json\/wp\/v2\/product\/819922","targetHints":{"allow":["GET"]}}],"collection":[{"href":"https:\/\/nextsnkr.com\/no\/wp-json\/wp\/v2\/product"}],"about":[{"href":"https:\/\/nextsnkr.com\/no\/wp-json\/wp\/v2\/types\/product"}],"replies":[{"embeddable":true,"href":"https:\/\/nextsnkr.com\/no\/wp-json\/wp\/v2\/comments?post=819922"}],"version-history":[{"count":0,"href":"https:\/\/nextsnkr.com\/no\/wp-json\/wp\/v2\/product\/819922\/revisions"}],"wp:featuredmedia":[{"embeddable":true,"href":"https:\/\/nextsnkr.com\/no\/wp-json\/wp\/v2\/media\/819926"}],"wp:attachment":[{"href":"https:\/\/nextsnkr.com\/no\/wp-json\/wp\/v2\/media?parent=819922"}],"wp:term":[{"taxonomy":"product_brand","embeddable":true,"href":"https:\/\/nextsnkr.com\/no\/wp-json\/wp\/v2\/product_brand?post=819922"},{"taxonomy":"product_cat","embeddable":true,"href":"https:\/\/nextsnkr.com\/no\/wp-json\/wp\/v2\/product_cat?post=819922"},{"taxonomy":"product_tag","embeddable":true,"href":"https:\/\/nextsnkr.com\/no\/wp-json\/wp\/v2\/product_tag?post=819922"}],"curies":[{"name":"wp","href":"https:\/\/api.w.org\/{rel}","templated":true}]}}