{"id":818645,"date":"2025-06-13T09:36:19","date_gmt":"2025-06-13T06:36:19","guid":{"rendered":"https:\/\/nextsnkr.com\/product\/new-balance-550-white-red-black\/"},"modified":"2026-02-01T18:22:40","modified_gmt":"2026-02-01T15:22:40","slug":"new-balance-550-white-red-black","status":"publish","type":"product","link":"https:\/\/nextsnkr.com\/no\/produkt\/new-balance-550-white-red-black\/","title":{"rendered":"New Balance 550 hvit\/R\u00f8d \/ Svart skinn sneakers-stil og komfort"},"content":{"rendered":"<h2>New Balance 550 hvit\/R\u00f8d \/ Svart skinn sneakers-stil og komfort<\/h2>\n<p>&nbsp;<\/p>\n<p>De stilige new Balance 550 Hvite\/R\u00f8de\/Svarte joggeskoene er laget av l\u00e6r av h\u00f8y kvalitet, noe som sikrer komfort, holdbarhet og elegant utseende. Den hvit-svart-r\u00f8de fargekombinasjonen gj\u00f8r modellen lys og allsidig for ethvert utseende. Disse joggeskoene er laget I Vietnam og garanterer p\u00e5litelig kvalitet, komfortabel passform og moderne stil. Det perfekte valget for en aktiv livsstil og daglig bruk. Kode: NB038-344495.<\/p>\n","protected":false},"excerpt":{"rendered":"<p>De stilige new Balance 550 Hvite\/R\u00f8de\/Svarte joggeskoene er laget av l\u00e6r av h\u00f8y kvalitet, noe som sikrer komfort, holdbarhet og elegant utseende. Den hvit-svart-r\u00f8de fargekombinasjonen gj\u00f8r modellen lys og allsidig for ethvert utseende. Disse joggeskoene er laget I Vietnam og garanterer p\u00e5litelig kvalitet, komfortabel passform og moderne stil. Det perfekte valget for en aktiv livsstil og daglig bruk. Kode: NB038-344495.<\/p>\n","protected":false},"featured_media":818646,"comment_status":"open","ping_status":"open","template":"","meta":[],"product_brand":[],"product_cat":[3277,3324],"product_tag":[],"class_list":{"0":"post-818645","1":"product","2":"type-product","3":"status-publish","4":"has-post-thumbnail","6":"product_cat-all-product","7":"product_cat-kedy","8":"pa_rozmir-910","9":"pa_rozmir-912","10":"pa_rozmir-914","11":"pa_rozmir-915","12":"pa_rozmir-916","13":"pa_rozmir-917","14":"pa_rozmir-918","15":"pa_rozmir-919","16":"pa_rozmir-920","17":"pa_rozmir-921","18":"pa_rozmir-922","20":"first","21":"instock","22":"purchasable","23":"product-type-variable"},"_links":{"self":[{"href":"https:\/\/nextsnkr.com\/no\/wp-json\/wp\/v2\/product\/818645","targetHints":{"allow":["GET"]}}],"collection":[{"href":"https:\/\/nextsnkr.com\/no\/wp-json\/wp\/v2\/product"}],"about":[{"href":"https:\/\/nextsnkr.com\/no\/wp-json\/wp\/v2\/types\/product"}],"replies":[{"embeddable":true,"href":"https:\/\/nextsnkr.com\/no\/wp-json\/wp\/v2\/comments?post=818645"}],"version-history":[{"count":0,"href":"https:\/\/nextsnkr.com\/no\/wp-json\/wp\/v2\/product\/818645\/revisions"}],"wp:featuredmedia":[{"embeddable":true,"href":"https:\/\/nextsnkr.com\/no\/wp-json\/wp\/v2\/media\/818646"}],"wp:attachment":[{"href":"https:\/\/nextsnkr.com\/no\/wp-json\/wp\/v2\/media?parent=818645"}],"wp:term":[{"taxonomy":"product_brand","embeddable":true,"href":"https:\/\/nextsnkr.com\/no\/wp-json\/wp\/v2\/product_brand?post=818645"},{"taxonomy":"product_cat","embeddable":true,"href":"https:\/\/nextsnkr.com\/no\/wp-json\/wp\/v2\/product_cat?post=818645"},{"taxonomy":"product_tag","embeddable":true,"href":"https:\/\/nextsnkr.com\/no\/wp-json\/wp\/v2\/product_tag?post=818645"}],"curies":[{"name":"wp","href":"https:\/\/api.w.org\/{rel}","templated":true}]}}