{"id":817201,"date":"2025-06-12T16:16:12","date_gmt":"2025-06-12T13:16:12","guid":{"rendered":"https:\/\/nextsnkr.com\/product\/dr-martens-1460-black\/"},"modified":"2026-02-01T18:21:59","modified_gmt":"2026-02-01T15:21:59","slug":"dr-martens-1460-black","status":"publish","type":"product","link":"https:\/\/nextsnkr.com\/no\/produkt\/dr-martens-1460-black\/","title":{"rendered":"Choboti Dr. Martens 1460 Svart og semsket skinn uten pels for et stilig utseende"},"content":{"rendered":"<h2>Choboti Dr. Martens 1460 Svart og semsket skinn uten pels for et stilig utseende<\/h2>\n<p>&nbsp;<\/p>\n<p>Dr. Martens 1460 Svarte st\u00f8vler er laget av h\u00f8ykvalitets semsket skinn uten pels, noe som sikrer komfort og holdbarhet. Den klassiske svarte designen kombinerer eleganse og moderne stil, noe som gj\u00f8r dem allsidige for daglig bruk og spesielle anledninger. Produksjon i Kina garanterer Den h\u00f8ye kvaliteten P\u00e5 Dr. Martens-merket. Velg disse st\u00f8vlene til garderoben din og legg til en lys aksent i utseendet ditt, f\u00f8l deg komfortabel og stilig i hvert trinn!<\/p>\n","protected":false},"excerpt":{"rendered":"<p>Dr. Martens 1460 Svarte st\u00f8vler er laget av h\u00f8ykvalitets semsket skinn uten pels, noe som sikrer komfort og holdbarhet. Den klassiske svarte designen kombinerer eleganse og moderne stil, noe som gj\u00f8r dem allsidige for daglig bruk og spesielle anledninger. Produksjon i Kina garanterer Den h\u00f8ye kvaliteten P\u00e5 Dr. Martens-merket. Velg disse st\u00f8vlene til garderoben din og legg til en lys aksent i utseendet ditt, f\u00f8l deg komfortabel og stilig i hvert trinn!<\/p>\n","protected":false},"featured_media":817205,"comment_status":"open","ping_status":"open","template":"","meta":[],"product_brand":[2398],"product_cat":[3622,3277,3337],"product_tag":[],"class_list":{"0":"post-817201","1":"product","2":"type-product","3":"status-publish","4":"has-post-thumbnail","6":"product_brand-dr-martens","7":"product_cat-dr-martens","8":"product_cat-all-product","9":"product_cat-cherevyky","10":"pa_rozmir-910","11":"pa_rozmir-912","12":"pa_rozmir-914","13":"pa_rozmir-915","14":"pa_rozmir-916","15":"pa_rozmir-917","16":"pa_rozmir-918","17":"pa_rozmir-919","18":"pa_rozmir-920","19":"pa_rozmir-921","20":"pa_rozmir-922","22":"first","23":"onbackorder","24":"purchasable","25":"product-type-variable"},"_links":{"self":[{"href":"https:\/\/nextsnkr.com\/no\/wp-json\/wp\/v2\/product\/817201","targetHints":{"allow":["GET"]}}],"collection":[{"href":"https:\/\/nextsnkr.com\/no\/wp-json\/wp\/v2\/product"}],"about":[{"href":"https:\/\/nextsnkr.com\/no\/wp-json\/wp\/v2\/types\/product"}],"replies":[{"embeddable":true,"href":"https:\/\/nextsnkr.com\/no\/wp-json\/wp\/v2\/comments?post=817201"}],"version-history":[{"count":0,"href":"https:\/\/nextsnkr.com\/no\/wp-json\/wp\/v2\/product\/817201\/revisions"}],"wp:featuredmedia":[{"embeddable":true,"href":"https:\/\/nextsnkr.com\/no\/wp-json\/wp\/v2\/media\/817205"}],"wp:attachment":[{"href":"https:\/\/nextsnkr.com\/no\/wp-json\/wp\/v2\/media?parent=817201"}],"wp:term":[{"taxonomy":"product_brand","embeddable":true,"href":"https:\/\/nextsnkr.com\/no\/wp-json\/wp\/v2\/product_brand?post=817201"},{"taxonomy":"product_cat","embeddable":true,"href":"https:\/\/nextsnkr.com\/no\/wp-json\/wp\/v2\/product_cat?post=817201"},{"taxonomy":"product_tag","embeddable":true,"href":"https:\/\/nextsnkr.com\/no\/wp-json\/wp\/v2\/product_tag?post=817201"}],"curies":[{"name":"wp","href":"https:\/\/api.w.org\/{rel}","templated":true}]}}