{"id":815520,"date":"2025-06-12T16:17:57","date_gmt":"2025-06-12T13:17:57","guid":{"rendered":"https:\/\/nextsnkr.com\/product\/brown-ultra-mini\/"},"modified":"2026-02-01T18:21:01","modified_gmt":"2026-02-01T15:21:01","slug":"brown-ultra-mini","status":"publish","type":"product","link":"https:\/\/nextsnkr.com\/no\/produkt\/brown-ultra-mini\/","title":{"rendered":"Ugg Brown Ultra Mini st\u00f8vler laget av milj\u00f8vennlig materiale for daglig komfort"},"content":{"rendered":"<h2>Ugg Brown Ultra Mini st\u00f8vler laget av milj\u00f8vennlig materiale for daglig komfort<\/h2>\n<p>&nbsp;<\/p>\n<p>Ugg Brown Ultra Mini brown st\u00f8vler er laget av milj\u00f8vennlig materiale av h\u00f8y kvalitet som gir varme, letthet og komfort i all slags v\u00e6r. Mini-designen gj\u00f8r dem komfortable for daglig bruk og en aktiv livsstil. Produksjonen i Tyrkia garanterer p\u00e5litelig Kvalitet P\u00e5 Ugg-merket. Velg Ugg Brown Ultra Mini for et stilig og praktisk tillegg til garderoben din som gir komfort og et moderne utseende p\u00e5 hvert trinn!<\/p>\n","protected":false},"excerpt":{"rendered":"<p>Ugg Brown Ultra Mini brown st\u00f8vler er laget av milj\u00f8vennlig materiale av h\u00f8y kvalitet som gir varme, letthet og komfort i all slags v\u00e6r. Mini-designen gj\u00f8r dem komfortable for daglig bruk og en aktiv livsstil. Produksjonen i Tyrkia garanterer p\u00e5litelig Kvalitet P\u00e5 Ugg-merket. Velg Ugg Brown Ultra Mini for et stilig og praktisk tillegg til garderoben din som gir komfort og et moderne utseende p\u00e5 hvert trinn!<\/p>\n","protected":false},"featured_media":815522,"comment_status":"open","ping_status":"open","template":"","meta":[],"product_brand":[],"product_cat":[3413,3277],"product_tag":[],"class_list":{"0":"post-815520","1":"product","2":"type-product","3":"status-publish","4":"has-post-thumbnail","6":"product_cat-ugg","7":"product_cat-all-product","8":"pa_rozmir-910","9":"pa_rozmir-912","10":"pa_rozmir-914","11":"pa_rozmir-915","12":"pa_rozmir-916","13":"pa_rozmir-917","14":"pa_rozmir-918","15":"pa_rozmir-919","16":"pa_rozmir-920","17":"pa_rozmir-921","18":"pa_rozmir-922","20":"first","21":"instock","22":"purchasable","23":"product-type-variable"},"_links":{"self":[{"href":"https:\/\/nextsnkr.com\/no\/wp-json\/wp\/v2\/product\/815520","targetHints":{"allow":["GET"]}}],"collection":[{"href":"https:\/\/nextsnkr.com\/no\/wp-json\/wp\/v2\/product"}],"about":[{"href":"https:\/\/nextsnkr.com\/no\/wp-json\/wp\/v2\/types\/product"}],"replies":[{"embeddable":true,"href":"https:\/\/nextsnkr.com\/no\/wp-json\/wp\/v2\/comments?post=815520"}],"version-history":[{"count":0,"href":"https:\/\/nextsnkr.com\/no\/wp-json\/wp\/v2\/product\/815520\/revisions"}],"wp:featuredmedia":[{"embeddable":true,"href":"https:\/\/nextsnkr.com\/no\/wp-json\/wp\/v2\/media\/815522"}],"wp:attachment":[{"href":"https:\/\/nextsnkr.com\/no\/wp-json\/wp\/v2\/media?parent=815520"}],"wp:term":[{"taxonomy":"product_brand","embeddable":true,"href":"https:\/\/nextsnkr.com\/no\/wp-json\/wp\/v2\/product_brand?post=815520"},{"taxonomy":"product_cat","embeddable":true,"href":"https:\/\/nextsnkr.com\/no\/wp-json\/wp\/v2\/product_cat?post=815520"},{"taxonomy":"product_tag","embeddable":true,"href":"https:\/\/nextsnkr.com\/no\/wp-json\/wp\/v2\/product_tag?post=815520"}],"curies":[{"name":"wp","href":"https:\/\/api.w.org\/{rel}","templated":true}]}}