{"id":815178,"date":"2025-06-12T16:18:17","date_gmt":"2025-06-12T13:18:17","guid":{"rendered":"https:\/\/nextsnkr.com\/product\/neumel-black\/"},"modified":"2026-02-01T18:20:52","modified_gmt":"2026-02-01T15:20:52","slug":"neumel-black","status":"publish","type":"product","link":"https:\/\/nextsnkr.com\/no\/produkt\/neumel-black\/","title":{"rendered":"Neumel Svart semsket skinn og pels st\u00f8vler for stilig komfort"},"content":{"rendered":"<h2>Neumel Svart semsket skinn og pels st\u00f8vler for stilig komfort<\/h2>\n<p>&nbsp;<\/p>\n<p>Neumel Svarte st\u00f8vler er laget av semsket skinn og myk pels av h\u00f8y kvalitet, som gir varme, komfort og holdbarhet. Den klassiske designen gj\u00f8r dem allsidige for daglig bruk og en aktiv livsstil. Produksjon i Tyrkia garanterer p\u00e5litelig merkevarekvalitet. Velg Neumel Black for at garderoben din skal f\u00f8les stilig, koselig og praktisk i hvert trinn, og understreke din personlighet!<\/p>\n","protected":false},"excerpt":{"rendered":"<p>Neumel Svarte st\u00f8vler er laget av semsket skinn og myk pels av h\u00f8y kvalitet, som gir varme, komfort og holdbarhet. Den klassiske designen gj\u00f8r dem allsidige for daglig bruk og en aktiv livsstil. Produksjon i Tyrkia garanterer p\u00e5litelig merkevarekvalitet. Velg Neumel Black for at garderoben din skal f\u00f8les stilig, koselig og praktisk i hvert trinn, og understreke din personlighet!<\/p>\n","protected":false},"featured_media":815181,"comment_status":"open","ping_status":"open","template":"","meta":[],"product_brand":[],"product_cat":[3277,3337],"product_tag":[],"class_list":{"0":"post-815178","1":"product","2":"type-product","3":"status-publish","4":"has-post-thumbnail","6":"product_cat-all-product","7":"product_cat-cherevyky","8":"pa_rozmir-910","9":"pa_rozmir-912","10":"pa_rozmir-914","11":"pa_rozmir-915","12":"pa_rozmir-916","13":"pa_rozmir-917","14":"pa_rozmir-918","15":"pa_rozmir-919","16":"pa_rozmir-920","17":"pa_rozmir-921","18":"pa_rozmir-922","20":"first","21":"instock","22":"purchasable","23":"product-type-variable"},"_links":{"self":[{"href":"https:\/\/nextsnkr.com\/no\/wp-json\/wp\/v2\/product\/815178","targetHints":{"allow":["GET"]}}],"collection":[{"href":"https:\/\/nextsnkr.com\/no\/wp-json\/wp\/v2\/product"}],"about":[{"href":"https:\/\/nextsnkr.com\/no\/wp-json\/wp\/v2\/types\/product"}],"replies":[{"embeddable":true,"href":"https:\/\/nextsnkr.com\/no\/wp-json\/wp\/v2\/comments?post=815178"}],"version-history":[{"count":0,"href":"https:\/\/nextsnkr.com\/no\/wp-json\/wp\/v2\/product\/815178\/revisions"}],"wp:featuredmedia":[{"embeddable":true,"href":"https:\/\/nextsnkr.com\/no\/wp-json\/wp\/v2\/media\/815181"}],"wp:attachment":[{"href":"https:\/\/nextsnkr.com\/no\/wp-json\/wp\/v2\/media?parent=815178"}],"wp:term":[{"taxonomy":"product_brand","embeddable":true,"href":"https:\/\/nextsnkr.com\/no\/wp-json\/wp\/v2\/product_brand?post=815178"},{"taxonomy":"product_cat","embeddable":true,"href":"https:\/\/nextsnkr.com\/no\/wp-json\/wp\/v2\/product_cat?post=815178"},{"taxonomy":"product_tag","embeddable":true,"href":"https:\/\/nextsnkr.com\/no\/wp-json\/wp\/v2\/product_tag?post=815178"}],"curies":[{"name":"wp","href":"https:\/\/api.w.org\/{rel}","templated":true}]}}