{"id":814837,"date":"2025-06-12T16:18:58","date_gmt":"2025-06-12T13:18:58","guid":{"rendered":"https:\/\/nextsnkr.com\/product\/6-inch-premium-black-termo\/"},"modified":"2026-02-01T18:20:43","modified_gmt":"2026-02-01T15:20:43","slug":"6-inch-premium-black-termo","status":"publish","type":"product","link":"https:\/\/nextsnkr.com\/no\/produkt\/6-inch-premium-black-termo\/","title":{"rendered":"6 tommers Premium Svart Nubuck THERMO St\u00f8vler for varme og komfort"},"content":{"rendered":"<h2>6 tommers Premium Svart Nubuck THERMO St\u00f8vler for varme og komfort<\/h2>\n<p>&nbsp;<\/p>\n<p>6-tommers Premium Black THERMO black boots er laget av nubuck-skinn av h\u00f8y kvalitet, og gir varme, komfort og holdbarhet selv i kaldt v\u00e6r. En spesiell termoforing opprettholder optimal fottemperatur, og den robuste konstruksjonen garanterer p\u00e5litelighet under alle forhold. Produksjonen i USA bekrefter kvaliteten p\u00e5 merkevaren. Velg En 6 tommers Premium Svart TERMO for garderoben din og f\u00f8l deg komfortabel og stilig i hvert trinn!<\/p>\n","protected":false},"excerpt":{"rendered":"<p>6-tommers Premium Black THERMO black boots er laget av nubuck-skinn av h\u00f8y kvalitet, og gir varme, komfort og holdbarhet selv i kaldt v\u00e6r. En spesiell termoforing opprettholder optimal fottemperatur, og den robuste konstruksjonen garanterer p\u00e5litelighet under alle forhold. Produksjonen i USA bekrefter kvaliteten p\u00e5 merkevaren. Velg En 6 tommers Premium Svart TERMO for garderoben din og f\u00f8l deg komfortabel og stilig i hvert trinn!<\/p>\n","protected":false},"featured_media":814842,"comment_status":"open","ping_status":"open","template":"","meta":[],"product_brand":[],"product_cat":[3277,3337],"product_tag":[],"class_list":{"0":"post-814837","1":"product","2":"type-product","3":"status-publish","4":"has-post-thumbnail","6":"product_cat-all-product","7":"product_cat-cherevyky","8":"pa_rozmir-910","9":"pa_rozmir-912","10":"pa_rozmir-914","11":"pa_rozmir-915","12":"pa_rozmir-916","13":"pa_rozmir-917","14":"pa_rozmir-918","15":"pa_rozmir-919","16":"pa_rozmir-920","17":"pa_rozmir-921","18":"pa_rozmir-922","20":"first","21":"instock","22":"purchasable","23":"product-type-variable"},"_links":{"self":[{"href":"https:\/\/nextsnkr.com\/no\/wp-json\/wp\/v2\/product\/814837","targetHints":{"allow":["GET"]}}],"collection":[{"href":"https:\/\/nextsnkr.com\/no\/wp-json\/wp\/v2\/product"}],"about":[{"href":"https:\/\/nextsnkr.com\/no\/wp-json\/wp\/v2\/types\/product"}],"replies":[{"embeddable":true,"href":"https:\/\/nextsnkr.com\/no\/wp-json\/wp\/v2\/comments?post=814837"}],"version-history":[{"count":0,"href":"https:\/\/nextsnkr.com\/no\/wp-json\/wp\/v2\/product\/814837\/revisions"}],"wp:featuredmedia":[{"embeddable":true,"href":"https:\/\/nextsnkr.com\/no\/wp-json\/wp\/v2\/media\/814842"}],"wp:attachment":[{"href":"https:\/\/nextsnkr.com\/no\/wp-json\/wp\/v2\/media?parent=814837"}],"wp:term":[{"taxonomy":"product_brand","embeddable":true,"href":"https:\/\/nextsnkr.com\/no\/wp-json\/wp\/v2\/product_brand?post=814837"},{"taxonomy":"product_cat","embeddable":true,"href":"https:\/\/nextsnkr.com\/no\/wp-json\/wp\/v2\/product_cat?post=814837"},{"taxonomy":"product_tag","embeddable":true,"href":"https:\/\/nextsnkr.com\/no\/wp-json\/wp\/v2\/product_tag?post=814837"}],"curies":[{"name":"wp","href":"https:\/\/api.w.org\/{rel}","templated":true}]}}