{"id":814498,"date":"2025-06-12T16:19:17","date_gmt":"2025-06-12T13:19:17","guid":{"rendered":"https:\/\/nextsnkr.com\/product\/a-mcqueen-black-white\/"},"modified":"2026-02-01T18:20:34","modified_gmt":"2026-02-01T15:20:34","slug":"a-mcqueen-black-white","status":"publish","type":"product","link":"https:\/\/nextsnkr.com\/no\/produkt\/a-mcqueen-black-white\/","title":{"rendered":"A. McQueen Svarte Hvite skinnsko for et stilig uformelt utseende"},"content":{"rendered":"<h2>A. McQueen Svarte Hvite skinnsko for et stilig uformelt utseende<\/h2>\n<p>&nbsp;<\/p>\n<p>A. McQueen Black White sneakers er laget av l\u00e6r av h\u00f8y kvalitet, som gir komfort, holdbarhet og brukervennlighet. Den stilige kombinasjonen av svarte og hvite farger fremhever det moderne designet og gj\u00f8r joggeskoene til et allsidig valg for daglig bruk og en aktiv livsstil. Produksjonen i Tyrkia garanterer p\u00e5litelig kvalitet p\u00e5 A. McQueen-merket. Velg disse joggeskoene til garderoben din og legg til en lys aksent i stilen din!<\/p>\n","protected":false},"excerpt":{"rendered":"<p>A. McQueen Black White sneakers er laget av l\u00e6r av h\u00f8y kvalitet, som gir komfort, holdbarhet og brukervennlighet. Den stilige kombinasjonen av svarte og hvite farger fremhever det moderne designet og gj\u00f8r joggeskoene til et allsidig valg for daglig bruk og en aktiv livsstil. Produksjonen i Tyrkia garanterer p\u00e5litelig kvalitet p\u00e5 A. McQueen-merket. Velg disse joggeskoene til garderoben din og legg til en lys aksent i stilen din!<\/p>\n","protected":false},"featured_media":814501,"comment_status":"open","ping_status":"open","template":"","meta":[],"product_brand":[],"product_cat":[3277,3324],"product_tag":[],"class_list":{"0":"post-814498","1":"product","2":"type-product","3":"status-publish","4":"has-post-thumbnail","6":"product_cat-all-product","7":"product_cat-kedy","8":"pa_rozmir-910","9":"pa_rozmir-912","10":"pa_rozmir-914","11":"pa_rozmir-915","12":"pa_rozmir-916","13":"pa_rozmir-917","14":"pa_rozmir-918","15":"pa_rozmir-919","16":"pa_rozmir-920","17":"pa_rozmir-921","18":"pa_rozmir-922","20":"first","21":"instock","22":"purchasable","23":"product-type-variable"},"_links":{"self":[{"href":"https:\/\/nextsnkr.com\/no\/wp-json\/wp\/v2\/product\/814498","targetHints":{"allow":["GET"]}}],"collection":[{"href":"https:\/\/nextsnkr.com\/no\/wp-json\/wp\/v2\/product"}],"about":[{"href":"https:\/\/nextsnkr.com\/no\/wp-json\/wp\/v2\/types\/product"}],"replies":[{"embeddable":true,"href":"https:\/\/nextsnkr.com\/no\/wp-json\/wp\/v2\/comments?post=814498"}],"version-history":[{"count":0,"href":"https:\/\/nextsnkr.com\/no\/wp-json\/wp\/v2\/product\/814498\/revisions"}],"wp:featuredmedia":[{"embeddable":true,"href":"https:\/\/nextsnkr.com\/no\/wp-json\/wp\/v2\/media\/814501"}],"wp:attachment":[{"href":"https:\/\/nextsnkr.com\/no\/wp-json\/wp\/v2\/media?parent=814498"}],"wp:term":[{"taxonomy":"product_brand","embeddable":true,"href":"https:\/\/nextsnkr.com\/no\/wp-json\/wp\/v2\/product_brand?post=814498"},{"taxonomy":"product_cat","embeddable":true,"href":"https:\/\/nextsnkr.com\/no\/wp-json\/wp\/v2\/product_cat?post=814498"},{"taxonomy":"product_tag","embeddable":true,"href":"https:\/\/nextsnkr.com\/no\/wp-json\/wp\/v2\/product_tag?post=814498"}],"curies":[{"name":"wp","href":"https:\/\/api.w.org\/{rel}","templated":true}]}}