{"id":813566,"date":"2025-06-13T09:43:15","date_gmt":"2025-06-13T06:43:15","guid":{"rendered":"https:\/\/nextsnkr.com\/product\/500-utility-black-uteplennye\/"},"modified":"2026-02-01T18:20:08","modified_gmt":"2026-02-01T15:20:08","slug":"500-utility-black-uteplennye","status":"publish","type":"product","link":"https:\/\/nextsnkr.com\/no\/produkt\/500-utility-black-uteplennye\/","title":{"rendered":"Joggesko 500 Utility svart isolert semsket Skinn Svart"},"content":{"rendered":"<h2>Joggesko 500 Utility svart isolert semsket Skinn Svart<\/h2>\n<p>&nbsp;<\/p>\n<p>500 Utility Black sneakers (isolert) er laget av slitesterk naturlig semsket skinn og er isolert med myk pels, noe som gir varme og komfort i den kalde \u00e5rstiden. Den svarte universelle designen gj\u00f8r modellen enkel \u00e5 kombinere med uformelt utseende. Den st\u00f8tdempende s\u00e5len garanterer komfort mens du g\u00e5r, og materialer av h\u00f8y kvalitet sikrer holdbarhet. Det perfekte valget for de som leter etter stilige vintersko. Produsent: Vietnam. SKU: YE017-168728<\/p>\n","protected":false},"excerpt":{"rendered":"<p>500 Utility Black sneakers (isolert) er laget av slitesterk naturlig semsket skinn og er isolert med myk pels, noe som gir varme og komfort i den kalde \u00e5rstiden. Den svarte universelle designen gj\u00f8r modellen enkel \u00e5 kombinere med uformelt utseende. Den st\u00f8tdempende s\u00e5len garanterer komfort mens du g\u00e5r, og materialer av h\u00f8y kvalitet sikrer holdbarhet. Det perfekte valget for de som leter etter stilige vintersko. Produsent: Vietnam. SKU: YE017-168728<\/p>\n","protected":false},"featured_media":813568,"comment_status":"open","ping_status":"open","template":"","meta":[],"product_brand":[],"product_cat":[3277,3278],"product_tag":[],"class_list":{"0":"post-813566","1":"product","2":"type-product","3":"status-publish","4":"has-post-thumbnail","6":"product_cat-all-product","7":"product_cat-krosivky","8":"pa_rozmir-910","9":"pa_rozmir-912","10":"pa_rozmir-914","11":"pa_rozmir-915","12":"pa_rozmir-916","13":"pa_rozmir-917","14":"pa_rozmir-918","15":"pa_rozmir-919","16":"pa_rozmir-920","17":"pa_rozmir-921","18":"pa_rozmir-922","20":"first","21":"instock","22":"purchasable","23":"product-type-variable"},"_links":{"self":[{"href":"https:\/\/nextsnkr.com\/no\/wp-json\/wp\/v2\/product\/813566","targetHints":{"allow":["GET"]}}],"collection":[{"href":"https:\/\/nextsnkr.com\/no\/wp-json\/wp\/v2\/product"}],"about":[{"href":"https:\/\/nextsnkr.com\/no\/wp-json\/wp\/v2\/types\/product"}],"replies":[{"embeddable":true,"href":"https:\/\/nextsnkr.com\/no\/wp-json\/wp\/v2\/comments?post=813566"}],"version-history":[{"count":0,"href":"https:\/\/nextsnkr.com\/no\/wp-json\/wp\/v2\/product\/813566\/revisions"}],"wp:featuredmedia":[{"embeddable":true,"href":"https:\/\/nextsnkr.com\/no\/wp-json\/wp\/v2\/media\/813568"}],"wp:attachment":[{"href":"https:\/\/nextsnkr.com\/no\/wp-json\/wp\/v2\/media?parent=813566"}],"wp:term":[{"taxonomy":"product_brand","embeddable":true,"href":"https:\/\/nextsnkr.com\/no\/wp-json\/wp\/v2\/product_brand?post=813566"},{"taxonomy":"product_cat","embeddable":true,"href":"https:\/\/nextsnkr.com\/no\/wp-json\/wp\/v2\/product_cat?post=813566"},{"taxonomy":"product_tag","embeddable":true,"href":"https:\/\/nextsnkr.com\/no\/wp-json\/wp\/v2\/product_tag?post=813566"}],"curies":[{"name":"wp","href":"https:\/\/api.w.org\/{rel}","templated":true}]}}