{"id":813233,"date":"2025-06-13T09:43:35","date_gmt":"2025-06-13T06:43:35","guid":{"rendered":"https:\/\/nextsnkr.com\/product\/500-blush\/"},"modified":"2026-02-01T18:19:59","modified_gmt":"2026-02-01T15:19:59","slug":"500-blush","status":"publish","type":"product","link":"https:\/\/nextsnkr.com\/no\/produkt\/500-blush\/","title":{"rendered":"Adidas Yeezy 500 Ash Gr\u00e5 sneakers-stil og komfort"},"content":{"rendered":"<h2>Adidas Yeezy 500 Ash Gr\u00e5 sneakers-stil og komfort<\/h2>\n<p>&nbsp;<\/p>\n<p>Adidas Yeezy 500 Ash Grey joggesko er laget av tekstiler og mesh av h\u00f8y kvalitet, noe som gir utmerket ventilasjon og komfort hele dagen. Modellen fra Adidas-merket er ideell for utend\u00f8rsaktiviteter og daglig bruk. Den stilige gr\u00e5 nyansen er enkel \u00e5 kombinere med ethvert utseende. Lett, slitesterk og moderne \u2013 det perfekte valget for de som verdsetter kvalitet og estetikk.<\/p>\n","protected":false},"excerpt":{"rendered":"<p>Adidas Yeezy 500 Ash Grey joggesko er laget av tekstiler og mesh av h\u00f8y kvalitet, noe som gir utmerket ventilasjon og komfort hele dagen. Modellen fra Adidas-merket er ideell for utend\u00f8rsaktiviteter og daglig bruk. Den stilige gr\u00e5 nyansen er enkel \u00e5 kombinere med ethvert utseende. Lett, slitesterk og moderne \u2013 det perfekte valget for de som verdsetter kvalitet og estetikk.<\/p>\n","protected":false},"featured_media":813234,"comment_status":"open","ping_status":"open","template":"","meta":[],"product_brand":[],"product_cat":[3402,3277,3278],"product_tag":[],"class_list":{"0":"post-813233","1":"product","2":"type-product","3":"status-publish","4":"has-post-thumbnail","6":"product_cat-adidas-yeezy","7":"product_cat-all-product","8":"product_cat-krosivky","9":"pa_rozmir-910","10":"pa_rozmir-912","11":"pa_rozmir-914","12":"pa_rozmir-915","13":"pa_rozmir-916","14":"pa_rozmir-917","15":"pa_rozmir-918","16":"pa_rozmir-919","17":"pa_rozmir-920","18":"pa_rozmir-921","19":"pa_rozmir-922","21":"first","22":"onbackorder","23":"purchasable","24":"product-type-variable"},"_links":{"self":[{"href":"https:\/\/nextsnkr.com\/no\/wp-json\/wp\/v2\/product\/813233","targetHints":{"allow":["GET"]}}],"collection":[{"href":"https:\/\/nextsnkr.com\/no\/wp-json\/wp\/v2\/product"}],"about":[{"href":"https:\/\/nextsnkr.com\/no\/wp-json\/wp\/v2\/types\/product"}],"replies":[{"embeddable":true,"href":"https:\/\/nextsnkr.com\/no\/wp-json\/wp\/v2\/comments?post=813233"}],"version-history":[{"count":0,"href":"https:\/\/nextsnkr.com\/no\/wp-json\/wp\/v2\/product\/813233\/revisions"}],"wp:featuredmedia":[{"embeddable":true,"href":"https:\/\/nextsnkr.com\/no\/wp-json\/wp\/v2\/media\/813234"}],"wp:attachment":[{"href":"https:\/\/nextsnkr.com\/no\/wp-json\/wp\/v2\/media?parent=813233"}],"wp:term":[{"taxonomy":"product_brand","embeddable":true,"href":"https:\/\/nextsnkr.com\/no\/wp-json\/wp\/v2\/product_brand?post=813233"},{"taxonomy":"product_cat","embeddable":true,"href":"https:\/\/nextsnkr.com\/no\/wp-json\/wp\/v2\/product_cat?post=813233"},{"taxonomy":"product_tag","embeddable":true,"href":"https:\/\/nextsnkr.com\/no\/wp-json\/wp\/v2\/product_tag?post=813233"}],"curies":[{"name":"wp","href":"https:\/\/api.w.org\/{rel}","templated":true}]}}