{"id":811425,"date":"2025-06-12T16:23:10","date_gmt":"2025-06-12T13:23:10","guid":{"rendered":"https:\/\/nextsnkr.com\/product\/prada-utsinka\/"},"modified":"2026-02-01T18:18:52","modified_gmt":"2026-02-01T15:18:52","slug":"prada-utsinka","status":"publish","type":"product","link":"https:\/\/nextsnkr.com\/no\/produkt\/prada-utsinka\/","title":{"rendered":"Prada st\u00f8vler-stilige svarte damest\u00f8vler (markdown)"},"content":{"rendered":"<h2>Prada st\u00f8vler-stilige svarte damest\u00f8vler (markdown)<\/h2>\n<p>&nbsp;<\/p>\n<p>Prada st\u00f8vler (markdown) er en elegant modell i et moderne design, laget for \u00e5 kombinere stil og komfort. Laget I Tyrkia, kjennetegnes de av utf\u00f8relse av h\u00f8y kvalitet og p\u00e5litelige materialer. Den allsidige svarte fargen passer lett til enhver garderobe, og den gjennomtenkte designen sikrer komfort under daglig bruk. En liten markdown p\u00e5virker ikke parets praktiske egenskaper, noe som gj\u00f8r det til et fordelaktig valg for fasjonable utseende.<\/p>\n","protected":false},"excerpt":{"rendered":"<p>Prada st\u00f8vler (markdown) er en elegant modell i et moderne design, laget for \u00e5 kombinere stil og komfort. Laget I Tyrkia, kjennetegnes de av utf\u00f8relse av h\u00f8y kvalitet og p\u00e5litelige materialer. Den allsidige svarte fargen passer lett til enhver garderobe, og den gjennomtenkte designen sikrer komfort under daglig bruk. En liten markdown p\u00e5virker ikke parets praktiske egenskaper, noe som gj\u00f8r det til et fordelaktig valg for fasjonable utseende.<\/p>\n","protected":false},"featured_media":811429,"comment_status":"open","ping_status":"open","template":"","meta":[],"product_brand":[],"product_cat":[3277,3337],"product_tag":[],"class_list":{"0":"post-811425","1":"product","2":"type-product","3":"status-publish","4":"has-post-thumbnail","6":"product_cat-all-product","7":"product_cat-cherevyky","8":"pa_rozmir-910","9":"pa_rozmir-912","10":"pa_rozmir-914","11":"pa_rozmir-915","12":"pa_rozmir-916","13":"pa_rozmir-917","14":"pa_rozmir-918","15":"pa_rozmir-919","16":"pa_rozmir-920","17":"pa_rozmir-921","18":"pa_rozmir-922","20":"first","21":"onbackorder","22":"purchasable","23":"product-type-variable"},"_links":{"self":[{"href":"https:\/\/nextsnkr.com\/no\/wp-json\/wp\/v2\/product\/811425","targetHints":{"allow":["GET"]}}],"collection":[{"href":"https:\/\/nextsnkr.com\/no\/wp-json\/wp\/v2\/product"}],"about":[{"href":"https:\/\/nextsnkr.com\/no\/wp-json\/wp\/v2\/types\/product"}],"replies":[{"embeddable":true,"href":"https:\/\/nextsnkr.com\/no\/wp-json\/wp\/v2\/comments?post=811425"}],"version-history":[{"count":0,"href":"https:\/\/nextsnkr.com\/no\/wp-json\/wp\/v2\/product\/811425\/revisions"}],"wp:featuredmedia":[{"embeddable":true,"href":"https:\/\/nextsnkr.com\/no\/wp-json\/wp\/v2\/media\/811429"}],"wp:attachment":[{"href":"https:\/\/nextsnkr.com\/no\/wp-json\/wp\/v2\/media?parent=811425"}],"wp:term":[{"taxonomy":"product_brand","embeddable":true,"href":"https:\/\/nextsnkr.com\/no\/wp-json\/wp\/v2\/product_brand?post=811425"},{"taxonomy":"product_cat","embeddable":true,"href":"https:\/\/nextsnkr.com\/no\/wp-json\/wp\/v2\/product_cat?post=811425"},{"taxonomy":"product_tag","embeddable":true,"href":"https:\/\/nextsnkr.com\/no\/wp-json\/wp\/v2\/product_tag?post=811425"}],"curies":[{"name":"wp","href":"https:\/\/api.w.org\/{rel}","templated":true}]}}