{"id":811193,"date":"2025-06-13T09:45:41","date_gmt":"2025-06-13T06:45:41","guid":{"rendered":"https:\/\/nextsnkr.com\/product\/1460-black-gloss-mekh-rasprodazha\/"},"modified":"2026-02-01T18:18:47","modified_gmt":"2026-02-01T15:18:47","slug":"1460-black-gloss-mekh-rasprodazha","status":"publish","type":"product","link":"https:\/\/nextsnkr.com\/no\/produkt\/1460-black-gloss-mekh-rasprodazha\/","title":{"rendered":"1460 Svart skinn og pels st\u00f8vler: <url> &#8211; stilig salg"},"content":{"rendered":"<h2>1460 Svart skinn og pels st\u00f8vler: <url> &#8211; stilig salg<\/h2>\n<p>&nbsp;<\/p>\n<p>1460 Svarte st\u00f8vler laget av ekte skinn og fuskepels kombinerer n\u00e5 elegant design og varme for kaldt v\u00e6r. 1460-merkemodellen gir komfort under daglig bruk, holdbarhet og p\u00e5litelighet takket v\u00e6re materialer av h\u00f8y kvalitet. Den komfortable puten og den stabile s\u00e5len gj\u00f8r disse st\u00f8vlene til et praktisk og fasjonabelt valg for ethvert utseende. Forhandlingsprisen gj\u00f8r dem til et ideelt kj\u00f8p for stilige og aktive kj\u00f8pere.<\/p>\n","protected":false},"excerpt":{"rendered":"<p>1460 Svarte st\u00f8vler laget av ekte skinn og fuskepels kombinerer n\u00e5 elegant design og varme for kaldt v\u00e6r. 1460-merkemodellen gir komfort under daglig bruk, holdbarhet og p\u00e5litelighet takket v\u00e6re materialer av h\u00f8y kvalitet. Den komfortable puten og den stabile s\u00e5len gj\u00f8r disse st\u00f8vlene til et praktisk og fasjonabelt valg for ethvert utseende. Forhandlingsprisen gj\u00f8r dem til et ideelt kj\u00f8p for stilige og aktive kj\u00f8pere.<\/p>\n","protected":false},"featured_media":811194,"comment_status":"open","ping_status":"open","template":"","meta":[],"product_brand":[],"product_cat":[3277,3337],"product_tag":[],"class_list":{"0":"post-811193","1":"product","2":"type-product","3":"status-publish","4":"has-post-thumbnail","6":"product_cat-all-product","7":"product_cat-cherevyky","8":"pa_rozmir-910","9":"pa_rozmir-912","10":"pa_rozmir-914","11":"pa_rozmir-915","12":"pa_rozmir-916","13":"pa_rozmir-917","14":"pa_rozmir-918","15":"pa_rozmir-919","16":"pa_rozmir-920","17":"pa_rozmir-921","18":"pa_rozmir-922","20":"first","21":"instock","22":"purchasable","23":"product-type-variable"},"_links":{"self":[{"href":"https:\/\/nextsnkr.com\/no\/wp-json\/wp\/v2\/product\/811193","targetHints":{"allow":["GET"]}}],"collection":[{"href":"https:\/\/nextsnkr.com\/no\/wp-json\/wp\/v2\/product"}],"about":[{"href":"https:\/\/nextsnkr.com\/no\/wp-json\/wp\/v2\/types\/product"}],"replies":[{"embeddable":true,"href":"https:\/\/nextsnkr.com\/no\/wp-json\/wp\/v2\/comments?post=811193"}],"version-history":[{"count":0,"href":"https:\/\/nextsnkr.com\/no\/wp-json\/wp\/v2\/product\/811193\/revisions"}],"wp:featuredmedia":[{"embeddable":true,"href":"https:\/\/nextsnkr.com\/no\/wp-json\/wp\/v2\/media\/811194"}],"wp:attachment":[{"href":"https:\/\/nextsnkr.com\/no\/wp-json\/wp\/v2\/media?parent=811193"}],"wp:term":[{"taxonomy":"product_brand","embeddable":true,"href":"https:\/\/nextsnkr.com\/no\/wp-json\/wp\/v2\/product_brand?post=811193"},{"taxonomy":"product_cat","embeddable":true,"href":"https:\/\/nextsnkr.com\/no\/wp-json\/wp\/v2\/product_cat?post=811193"},{"taxonomy":"product_tag","embeddable":true,"href":"https:\/\/nextsnkr.com\/no\/wp-json\/wp\/v2\/product_tag?post=811193"}],"curies":[{"name":"wp","href":"https:\/\/api.w.org\/{rel}","templated":true}]}}