{"id":810513,"date":"2025-06-13T09:46:41","date_gmt":"2025-06-13T06:46:41","guid":{"rendered":"https:\/\/nextsnkr.com\/product\/jadon-galaxy-rozproodazh\/"},"modified":"2026-02-01T18:18:28","modified_gmt":"2026-02-01T15:18:28","slug":"jadon-galaxy-rozproodazh","status":"publish","type":"product","link":"https:\/\/nextsnkr.com\/no\/produkt\/jadon-galaxy-rozproodazh\/","title":{"rendered":"Jadon Svart Ekte Skinn St\u00f8vler-r\u00f8verkj\u00f8p salg"},"content":{"rendered":"<h2>Jadon Svart Ekte Skinn St\u00f8vler-r\u00f8verkj\u00f8p salg<\/h2>\n<p>&nbsp;<\/p>\n<p>Jadon Black boots er laget av ekte l\u00e6r av h\u00f8y kvalitet, noe som garanterer komfort og holdbarhet. Jadon-merkemodellen er egnet for daglig bruk, og gir et stilig og elegant utseende. Den komfortable puten og den slitesterke s\u00e5len gj\u00f8r disse st\u00f8vlene til et praktisk valg for ethvert utseende. Salgsprisen lar deg kj\u00f8pe stilige st\u00f8vler av h\u00f8y kvalitet til en god pris.<\/p>\n","protected":false},"excerpt":{"rendered":"<p>Jadon Black boots er laget av ekte l\u00e6r av h\u00f8y kvalitet, noe som garanterer komfort og holdbarhet. Jadon-merkemodellen er egnet for daglig bruk, og gir et stilig og elegant utseende. Den komfortable puten og den slitesterke s\u00e5len gj\u00f8r disse st\u00f8vlene til et praktisk valg for ethvert utseende. Salgsprisen lar deg kj\u00f8pe stilige st\u00f8vler av h\u00f8y kvalitet til en god pris.<\/p>\n","protected":false},"featured_media":810514,"comment_status":"open","ping_status":"open","template":"","meta":[],"product_brand":[],"product_cat":[3277,3337],"product_tag":[],"class_list":{"0":"post-810513","1":"product","2":"type-product","3":"status-publish","4":"has-post-thumbnail","6":"product_cat-all-product","7":"product_cat-cherevyky","8":"pa_rozmir-910","9":"pa_rozmir-912","10":"pa_rozmir-914","11":"pa_rozmir-915","12":"pa_rozmir-916","13":"pa_rozmir-917","14":"pa_rozmir-918","15":"pa_rozmir-919","16":"pa_rozmir-920","17":"pa_rozmir-921","18":"pa_rozmir-922","20":"first","21":"instock","22":"purchasable","23":"product-type-variable"},"_links":{"self":[{"href":"https:\/\/nextsnkr.com\/no\/wp-json\/wp\/v2\/product\/810513","targetHints":{"allow":["GET"]}}],"collection":[{"href":"https:\/\/nextsnkr.com\/no\/wp-json\/wp\/v2\/product"}],"about":[{"href":"https:\/\/nextsnkr.com\/no\/wp-json\/wp\/v2\/types\/product"}],"replies":[{"embeddable":true,"href":"https:\/\/nextsnkr.com\/no\/wp-json\/wp\/v2\/comments?post=810513"}],"version-history":[{"count":0,"href":"https:\/\/nextsnkr.com\/no\/wp-json\/wp\/v2\/product\/810513\/revisions"}],"wp:featuredmedia":[{"embeddable":true,"href":"https:\/\/nextsnkr.com\/no\/wp-json\/wp\/v2\/media\/810514"}],"wp:attachment":[{"href":"https:\/\/nextsnkr.com\/no\/wp-json\/wp\/v2\/media?parent=810513"}],"wp:term":[{"taxonomy":"product_brand","embeddable":true,"href":"https:\/\/nextsnkr.com\/no\/wp-json\/wp\/v2\/product_brand?post=810513"},{"taxonomy":"product_cat","embeddable":true,"href":"https:\/\/nextsnkr.com\/no\/wp-json\/wp\/v2\/product_cat?post=810513"},{"taxonomy":"product_tag","embeddable":true,"href":"https:\/\/nextsnkr.com\/no\/wp-json\/wp\/v2\/product_tag?post=810513"}],"curies":[{"name":"wp","href":"https:\/\/api.w.org\/{rel}","templated":true}]}}