{"id":810081,"date":"2025-06-12T16:24:39","date_gmt":"2025-06-12T13:24:39","guid":{"rendered":"https:\/\/nextsnkr.com\/product\/1460-white-fur\/"},"modified":"2026-02-01T18:18:13","modified_gmt":"2026-02-01T15:18:13","slug":"1460-white-fur","status":"publish","type":"product","link":"https:\/\/nextsnkr.com\/no\/produkt\/1460-white-fur\/","title":{"rendered":"Boots 1460 White Fur-l\u00e6r og pels, stilig og varm"},"content":{"rendered":"<h2>Boots 1460 White Fur-l\u00e6r og pels, stilig og varm<\/h2>\n<p>&nbsp;<\/p>\n<p>1460 Hvite Pelsst\u00f8vler er laget av ekte skinn og myk pels I Vietnam, noe som gir varme og komfort i den kalde \u00e5rstiden. Den klassiske designen legger vekt p\u00e5 stilen og p\u00e5liteligheten til skoene. Ideell for daglig bruk og utend\u00f8rsaktiviteter. Denne modellen kombinerer merkevarekvalitet med eleganse, noe som gir tillit til hvert trinn og et stilig utseende.<\/p>\n","protected":false},"excerpt":{"rendered":"<p>1460 Hvite Pelsst\u00f8vler er laget av ekte skinn og myk pels I Vietnam, noe som gir varme og komfort i den kalde \u00e5rstiden. Den klassiske designen legger vekt p\u00e5 stilen og p\u00e5liteligheten til skoene. Ideell for daglig bruk og utend\u00f8rsaktiviteter. Denne modellen kombinerer merkevarekvalitet med eleganse, noe som gir tillit til hvert trinn og et stilig utseende.<\/p>\n","protected":false},"featured_media":810083,"comment_status":"open","ping_status":"open","template":"","meta":[],"product_brand":[],"product_cat":[3277,3337],"product_tag":[],"class_list":{"0":"post-810081","1":"product","2":"type-product","3":"status-publish","4":"has-post-thumbnail","6":"product_cat-all-product","7":"product_cat-cherevyky","8":"pa_rozmir-910","9":"pa_rozmir-912","10":"pa_rozmir-914","11":"pa_rozmir-915","12":"pa_rozmir-916","13":"pa_rozmir-917","14":"pa_rozmir-918","15":"pa_rozmir-919","16":"pa_rozmir-920","17":"pa_rozmir-921","18":"pa_rozmir-922","20":"first","21":"onbackorder","22":"purchasable","23":"product-type-variable"},"_links":{"self":[{"href":"https:\/\/nextsnkr.com\/no\/wp-json\/wp\/v2\/product\/810081","targetHints":{"allow":["GET"]}}],"collection":[{"href":"https:\/\/nextsnkr.com\/no\/wp-json\/wp\/v2\/product"}],"about":[{"href":"https:\/\/nextsnkr.com\/no\/wp-json\/wp\/v2\/types\/product"}],"replies":[{"embeddable":true,"href":"https:\/\/nextsnkr.com\/no\/wp-json\/wp\/v2\/comments?post=810081"}],"version-history":[{"count":0,"href":"https:\/\/nextsnkr.com\/no\/wp-json\/wp\/v2\/product\/810081\/revisions"}],"wp:featuredmedia":[{"embeddable":true,"href":"https:\/\/nextsnkr.com\/no\/wp-json\/wp\/v2\/media\/810083"}],"wp:attachment":[{"href":"https:\/\/nextsnkr.com\/no\/wp-json\/wp\/v2\/media?parent=810081"}],"wp:term":[{"taxonomy":"product_brand","embeddable":true,"href":"https:\/\/nextsnkr.com\/no\/wp-json\/wp\/v2\/product_brand?post=810081"},{"taxonomy":"product_cat","embeddable":true,"href":"https:\/\/nextsnkr.com\/no\/wp-json\/wp\/v2\/product_cat?post=810081"},{"taxonomy":"product_tag","embeddable":true,"href":"https:\/\/nextsnkr.com\/no\/wp-json\/wp\/v2\/product_tag?post=810081"}],"curies":[{"name":"wp","href":"https:\/\/api.w.org\/{rel}","templated":true}]}}