{"id":807453,"date":"2025-06-13T09:51:15","date_gmt":"2025-06-13T06:51:15","guid":{"rendered":"https:\/\/nextsnkr.com\/product\/ugg-classic-tall-ii-boot-shade-rasprodazha\/"},"modified":"2026-02-01T18:16:50","modified_gmt":"2026-02-01T15:16:50","slug":"ugg-classic-tall-ii-boot-shade-rasprodazha","status":"publish","type":"product","link":"https:\/\/nextsnkr.com\/no\/produkt\/ugg-classic-tall-ii-boot-shade-rasprodazha\/","title":{"rendered":"UGG Classic Tall II Boot Lys Gr\u00e5 semsket St\u00f8vler-salg"},"content":{"rendered":"<h2>UGG Classic Tall II Boot Lys Gr\u00e5 semsket St\u00f8vler-salg<\/h2>\n<p>&nbsp;<\/p>\n<p>UGG Classic Tall II Boot Lysegr\u00e5 st\u00f8vler er laget av myk semsket skinn og isolert med fuskepels, som gir varme og komfort i den kalde \u00e5rstiden. Modellen TIL DET Australske merket UGG er ideell for daglig bruk og skaper et stilig vinterutseende. Den komfortable puten og den solide ytters\u00e5len garanterer holdbarhet og praktisk bruk. Bargain prisen gj\u00f8r disse st\u00f8vlene et r\u00f8verkj\u00f8p for de som verdsetter kvalitet, komfort og moderne design.<\/p>\n","protected":false},"excerpt":{"rendered":"<p>UGG Classic Tall II Boot Lysegr\u00e5 st\u00f8vler er laget av myk semsket skinn og isolert med fuskepels, som gir varme og komfort i den kalde \u00e5rstiden. Modellen TIL DET Australske merket UGG er ideell for daglig bruk og skaper et stilig vinterutseende. Den komfortable puten og den solide ytters\u00e5len garanterer holdbarhet og praktisk bruk. Bargain prisen gj\u00f8r disse st\u00f8vlene et r\u00f8verkj\u00f8p for de som verdsetter kvalitet, komfort og moderne design.<\/p>\n","protected":false},"featured_media":807454,"comment_status":"open","ping_status":"open","template":"","meta":[],"product_brand":[],"product_cat":[3413,3277],"product_tag":[],"class_list":{"0":"post-807453","1":"product","2":"type-product","3":"status-publish","4":"has-post-thumbnail","6":"product_cat-ugg","7":"product_cat-all-product","8":"pa_rozmir-923","9":"pa_rozmir-910","10":"pa_rozmir-912","11":"pa_rozmir-914","12":"pa_rozmir-915","13":"pa_rozmir-916","14":"pa_rozmir-917","15":"pa_rozmir-918","16":"pa_rozmir-919","17":"pa_rozmir-920","18":"pa_rozmir-921","20":"first","21":"onbackorder","22":"purchasable","23":"product-type-variable"},"_links":{"self":[{"href":"https:\/\/nextsnkr.com\/no\/wp-json\/wp\/v2\/product\/807453","targetHints":{"allow":["GET"]}}],"collection":[{"href":"https:\/\/nextsnkr.com\/no\/wp-json\/wp\/v2\/product"}],"about":[{"href":"https:\/\/nextsnkr.com\/no\/wp-json\/wp\/v2\/types\/product"}],"replies":[{"embeddable":true,"href":"https:\/\/nextsnkr.com\/no\/wp-json\/wp\/v2\/comments?post=807453"}],"version-history":[{"count":0,"href":"https:\/\/nextsnkr.com\/no\/wp-json\/wp\/v2\/product\/807453\/revisions"}],"wp:featuredmedia":[{"embeddable":true,"href":"https:\/\/nextsnkr.com\/no\/wp-json\/wp\/v2\/media\/807454"}],"wp:attachment":[{"href":"https:\/\/nextsnkr.com\/no\/wp-json\/wp\/v2\/media?parent=807453"}],"wp:term":[{"taxonomy":"product_brand","embeddable":true,"href":"https:\/\/nextsnkr.com\/no\/wp-json\/wp\/v2\/product_brand?post=807453"},{"taxonomy":"product_cat","embeddable":true,"href":"https:\/\/nextsnkr.com\/no\/wp-json\/wp\/v2\/product_cat?post=807453"},{"taxonomy":"product_tag","embeddable":true,"href":"https:\/\/nextsnkr.com\/no\/wp-json\/wp\/v2\/product_tag?post=807453"}],"curies":[{"name":"wp","href":"https:\/\/api.w.org\/{rel}","templated":true}]}}