{"id":807314,"date":"2025-06-17T21:50:41","date_gmt":"2025-06-17T18:50:41","guid":{"rendered":"https:\/\/nextsnkr.com\/product\/nike-huarache-acronym-black\/"},"modified":"2026-02-01T18:16:46","modified_gmt":"2026-02-01T15:16:46","slug":"nike-huarache-acronym-black","status":"publish","type":"product","link":"https:\/\/nextsnkr.com\/no\/produkt\/nike-huarache-acronym-black\/","title":{"rendered":"Nike Huarache Acronym Svarte Joggesko-Nubuck herre"},"content":{"rendered":"<h2>Nike Huarache Acronym Svarte Joggesko-Nubuck herre<\/h2>\n<p>&nbsp;<\/p>\n<p>Nike Huarache Acronym Black sneakers er stilige nubuck herresko med termisk foring for komfort og varme. Den slitesterke ytters\u00e5len gir demping og stabilitet n\u00e5r du g\u00e5r, mens den moderne svarte designen understreker atletisk stil og allsidighet i hverdagsbruk. Den lette designen gj\u00f8r modellen behagelig for langvarig slitasje, og kvaliteten p\u00e5 materialene garanterer holdbarhet. Det perfekte valget for kjennere Av Nike-merket og funksjonelle stilige sko.<\/p>\n","protected":false},"excerpt":{"rendered":"<p>Nike Huarache Acronym Black sneakers er stilige nubuck herresko med termisk foring for komfort og varme. Den slitesterke ytters\u00e5len gir demping og stabilitet n\u00e5r du g\u00e5r, mens den moderne svarte designen understreker atletisk stil og allsidighet i hverdagsbruk. Den lette designen gj\u00f8r modellen behagelig for langvarig slitasje, og kvaliteten p\u00e5 materialene garanterer holdbarhet. Det perfekte valget for kjennere Av Nike-merket og funksjonelle stilige sko.<\/p>\n","protected":false},"featured_media":807319,"comment_status":"open","ping_status":"open","template":"","meta":[],"product_brand":[],"product_cat":[3277,3278],"product_tag":[],"class_list":{"0":"post-807314","1":"product","2":"type-product","3":"status-publish","4":"has-post-thumbnail","6":"product_cat-all-product","7":"product_cat-krosivky","8":"pa_rozmir-910","9":"pa_rozmir-912","10":"pa_rozmir-914","11":"pa_rozmir-915","12":"pa_rozmir-916","13":"pa_rozmir-917","14":"pa_rozmir-918","15":"pa_rozmir-919","16":"pa_rozmir-920","17":"pa_rozmir-921","18":"pa_rozmir-922","20":"first","21":"onbackorder","22":"purchasable","23":"product-type-variable"},"_links":{"self":[{"href":"https:\/\/nextsnkr.com\/no\/wp-json\/wp\/v2\/product\/807314","targetHints":{"allow":["GET"]}}],"collection":[{"href":"https:\/\/nextsnkr.com\/no\/wp-json\/wp\/v2\/product"}],"about":[{"href":"https:\/\/nextsnkr.com\/no\/wp-json\/wp\/v2\/types\/product"}],"replies":[{"embeddable":true,"href":"https:\/\/nextsnkr.com\/no\/wp-json\/wp\/v2\/comments?post=807314"}],"version-history":[{"count":0,"href":"https:\/\/nextsnkr.com\/no\/wp-json\/wp\/v2\/product\/807314\/revisions"}],"wp:featuredmedia":[{"embeddable":true,"href":"https:\/\/nextsnkr.com\/no\/wp-json\/wp\/v2\/media\/807319"}],"wp:attachment":[{"href":"https:\/\/nextsnkr.com\/no\/wp-json\/wp\/v2\/media?parent=807314"}],"wp:term":[{"taxonomy":"product_brand","embeddable":true,"href":"https:\/\/nextsnkr.com\/no\/wp-json\/wp\/v2\/product_brand?post=807314"},{"taxonomy":"product_cat","embeddable":true,"href":"https:\/\/nextsnkr.com\/no\/wp-json\/wp\/v2\/product_cat?post=807314"},{"taxonomy":"product_tag","embeddable":true,"href":"https:\/\/nextsnkr.com\/no\/wp-json\/wp\/v2\/product_tag?post=807314"}],"curies":[{"name":"wp","href":"https:\/\/api.w.org\/{rel}","templated":true}]}}