{"id":806976,"date":"2025-06-17T21:51:32","date_gmt":"2025-06-17T18:51:32","guid":{"rendered":"https:\/\/nextsnkr.com\/product\/hua-winter-acronym-navy-blue\/"},"modified":"2026-02-01T18:16:36","modified_gmt":"2026-02-01T15:16:36","slug":"hua-winter-acronym-navy-blue","status":"publish","type":"product","link":"https:\/\/nextsnkr.com\/no\/produkt\/hua-winter-acronym-navy-blue\/","title":{"rendered":"Hua Hin Acronym Navy bl\u00e5 sneakers-vinter textile opp til -16. C"},"content":{"rendered":"<h2>Hua Hin Acronym Navy bl\u00e5 sneakers-vinter textile opp til -16. C<\/h2>\n<p>&nbsp;<\/p>\n<p>Hua Winter Acronym Navy Blue sneakers er en p\u00e5litelig l\u00f8sning for kaldt v\u00e6r opp til -16 \u2776 C. Laget av tekstiler av h\u00f8y kvalitet med termisk foring inni, gir de varme, komfort og en behagelig passform for foten. Skum og slitesterk gummi ytters\u00e5le garanterer demping og stabilitet p\u00e5 alle overflater. Modellen er lett (798 g) og praktisk, st\u00f8rrelse 41-45. Den stilige m\u00f8rkebl\u00e5 fargen gir moderniteten til utseendet. Velg Hua Winter Akronym-varme, komfort og moderne design i hvert trinn.<\/p>\n","protected":false},"excerpt":{"rendered":"<p>Hua Winter Acronym Navy Blue sneakers er en p\u00e5litelig l\u00f8sning for kaldt v\u00e6r opp til -16 \u2776 C. Laget av tekstiler av h\u00f8y kvalitet med termisk foring inni, gir de varme, komfort og en behagelig passform for foten. Skum og slitesterk gummi ytters\u00e5le garanterer demping og stabilitet p\u00e5 alle overflater. Modellen er lett (798 g) og praktisk, st\u00f8rrelse 41-45. Den stilige m\u00f8rkebl\u00e5 fargen gir moderniteten til utseendet. Velg Hua Winter Akronym-varme, komfort og moderne design i hvert trinn.<\/p>\n","protected":false},"featured_media":806980,"comment_status":"open","ping_status":"open","template":"","meta":[],"product_brand":[],"product_cat":[3277,3278],"product_tag":[],"class_list":{"0":"post-806976","1":"product","2":"type-product","3":"status-publish","4":"has-post-thumbnail","6":"product_cat-all-product","7":"product_cat-krosivky","8":"pa_rozmir-910","9":"pa_rozmir-912","10":"pa_rozmir-914","11":"pa_rozmir-915","12":"pa_rozmir-916","13":"pa_rozmir-917","14":"pa_rozmir-918","15":"pa_rozmir-919","16":"pa_rozmir-920","17":"pa_rozmir-921","18":"pa_rozmir-922","20":"first","21":"onbackorder","22":"purchasable","23":"product-type-variable"},"_links":{"self":[{"href":"https:\/\/nextsnkr.com\/no\/wp-json\/wp\/v2\/product\/806976","targetHints":{"allow":["GET"]}}],"collection":[{"href":"https:\/\/nextsnkr.com\/no\/wp-json\/wp\/v2\/product"}],"about":[{"href":"https:\/\/nextsnkr.com\/no\/wp-json\/wp\/v2\/types\/product"}],"replies":[{"embeddable":true,"href":"https:\/\/nextsnkr.com\/no\/wp-json\/wp\/v2\/comments?post=806976"}],"version-history":[{"count":0,"href":"https:\/\/nextsnkr.com\/no\/wp-json\/wp\/v2\/product\/806976\/revisions"}],"wp:featuredmedia":[{"embeddable":true,"href":"https:\/\/nextsnkr.com\/no\/wp-json\/wp\/v2\/media\/806980"}],"wp:attachment":[{"href":"https:\/\/nextsnkr.com\/no\/wp-json\/wp\/v2\/media?parent=806976"}],"wp:term":[{"taxonomy":"product_brand","embeddable":true,"href":"https:\/\/nextsnkr.com\/no\/wp-json\/wp\/v2\/product_brand?post=806976"},{"taxonomy":"product_cat","embeddable":true,"href":"https:\/\/nextsnkr.com\/no\/wp-json\/wp\/v2\/product_cat?post=806976"},{"taxonomy":"product_tag","embeddable":true,"href":"https:\/\/nextsnkr.com\/no\/wp-json\/wp\/v2\/product_tag?post=806976"}],"curies":[{"name":"wp","href":"https:\/\/api.w.org\/{rel}","templated":true}]}}