{"id":803037,"date":"2025-06-17T22:01:57","date_gmt":"2025-06-17T19:01:57","guid":{"rendered":"https:\/\/nextsnkr.com\/product\/nike-air-zoom-spiridon-cage-2-stussy-pure-platinum\/"},"modified":"2026-02-01T18:14:42","modified_gmt":"2026-02-01T15:14:42","slug":"nike-air-zoom-spiridon-cage-2-stussy-pure-platinum","status":"publish","type":"product","link":"https:\/\/nextsnkr.com\/no\/produkt\/nike-air-zoom-spiridon-cage-2-stussy-pure-platinum\/","title":{"rendered":"Nike Air Zoom Spiridon Cage 2 Stussy Ren Platina Joggesko-l\u00e6r og tekstil"},"content":{"rendered":"<h2>Nike Air Zoom Spiridon Cage 2 Stussy Ren Platina Joggesko-l\u00e6r og tekstil<\/h2>\n<p>&nbsp;<\/p>\n<p>Nike Air Zoom Spiridon Cage 2 Stussy Pure Platinum er stilige joggesko laget av en kombinasjon av l\u00e6r og tekstiler, noe som gir komfort, letthet og holdbarhet. Den lyse skyggen Av Rent Platina gir modernitet og allsidighet til utseendet. Modellen ble utviklet i samarbeid med Stussy, som legger vekt p\u00e5 eksklusivitet og trendy design. Laget i fabrikken Vietnam, har joggeskoene en slitesterk s\u00e5le og en behagelig passform p\u00e5 foten. Det perfekte valget for daglig bruk og en aktiv livsstil med vekt p\u00e5 stil og komfort.<\/p>\n","protected":false},"excerpt":{"rendered":"<p>Nike Air Zoom Spiridon Cage 2 Stussy Pure Platinum er stilige joggesko laget av en kombinasjon av l\u00e6r og tekstiler, noe som gir komfort, letthet og holdbarhet. Den lyse skyggen Av Rent Platina gir modernitet og allsidighet til utseendet. Modellen ble utviklet i samarbeid med Stussy, som legger vekt p\u00e5 eksklusivitet og trendy design. Laget i fabrikken Vietnam, har joggeskoene en slitesterk s\u00e5le og en behagelig passform p\u00e5 foten. Det perfekte valget for daglig bruk og en aktiv livsstil med vekt p\u00e5 stil og komfort.<\/p>\n","protected":false},"featured_media":803038,"comment_status":"open","ping_status":"open","template":"","meta":[],"product_brand":[],"product_cat":[3277,3278],"product_tag":[],"class_list":{"0":"post-803037","1":"product","2":"type-product","3":"status-publish","4":"has-post-thumbnail","6":"product_cat-all-product","7":"product_cat-krosivky","8":"pa_rozmir-910","9":"pa_rozmir-912","10":"pa_rozmir-914","11":"pa_rozmir-915","12":"pa_rozmir-916","13":"pa_rozmir-917","14":"pa_rozmir-918","15":"pa_rozmir-919","16":"pa_rozmir-920","17":"pa_rozmir-921","18":"pa_rozmir-922","20":"first","21":"instock","22":"purchasable","23":"product-type-variable"},"_links":{"self":[{"href":"https:\/\/nextsnkr.com\/no\/wp-json\/wp\/v2\/product\/803037","targetHints":{"allow":["GET"]}}],"collection":[{"href":"https:\/\/nextsnkr.com\/no\/wp-json\/wp\/v2\/product"}],"about":[{"href":"https:\/\/nextsnkr.com\/no\/wp-json\/wp\/v2\/types\/product"}],"replies":[{"embeddable":true,"href":"https:\/\/nextsnkr.com\/no\/wp-json\/wp\/v2\/comments?post=803037"}],"version-history":[{"count":0,"href":"https:\/\/nextsnkr.com\/no\/wp-json\/wp\/v2\/product\/803037\/revisions"}],"wp:featuredmedia":[{"embeddable":true,"href":"https:\/\/nextsnkr.com\/no\/wp-json\/wp\/v2\/media\/803038"}],"wp:attachment":[{"href":"https:\/\/nextsnkr.com\/no\/wp-json\/wp\/v2\/media?parent=803037"}],"wp:term":[{"taxonomy":"product_brand","embeddable":true,"href":"https:\/\/nextsnkr.com\/no\/wp-json\/wp\/v2\/product_brand?post=803037"},{"taxonomy":"product_cat","embeddable":true,"href":"https:\/\/nextsnkr.com\/no\/wp-json\/wp\/v2\/product_cat?post=803037"},{"taxonomy":"product_tag","embeddable":true,"href":"https:\/\/nextsnkr.com\/no\/wp-json\/wp\/v2\/product_tag?post=803037"}],"curies":[{"name":"wp","href":"https:\/\/api.w.org\/{rel}","templated":true}]}}