{"id":800318,"date":"2025-06-17T22:38:25","date_gmt":"2025-06-17T19:38:25","guid":{"rendered":"https:\/\/nextsnkr.com\/product\/nike-air-max-plus-black-gradient-red\/"},"modified":"2026-02-01T18:13:14","modified_gmt":"2026-02-01T15:13:14","slug":"nike-air-max-plus-black-gradient-red","status":"publish","type":"product","link":"https:\/\/nextsnkr.com\/no\/produkt\/nike-air-max-plus-black-gradient-red\/","title":{"rendered":"Nike Air Max Plus Svart Gradient R\u00f8d joggesko-l\u00e6r og tekstil"},"content":{"rendered":"<h2>Nike Air Max Plus Svart Gradient R\u00f8d joggesko-l\u00e6r og tekstil<\/h2>\n<p>&nbsp;<\/p>\n<p>Nike Air Max Plus Black Gradient Red er en stilig l\u00f8pesko i skinn og tekstil som kombinerer komfort, holdbarhet og moderne design. Den svarte gradienten med en r\u00f8d fargetone gj\u00f8r modellen lys og enkel \u00e5 kombinere med enhver uformell stil. Laget i fabrikken Vietnam, er joggeskoene utstyrt med Et air Max-dempingssystem, en slitesterk s\u00e5le og en behagelig passform p\u00e5 foten. Det perfekte valget for daglig bruk, aktiv livsstil og skape et fasjonabelt sporty utseende.<\/p>\n","protected":false},"excerpt":{"rendered":"<p>Nike Air Max Plus Black Gradient Red er en stilig l\u00f8pesko i skinn og tekstil som kombinerer komfort, holdbarhet og moderne design. Den svarte gradienten med en r\u00f8d fargetone gj\u00f8r modellen lys og enkel \u00e5 kombinere med enhver uformell stil. Laget i fabrikken Vietnam, er joggeskoene utstyrt med Et air Max-dempingssystem, en slitesterk s\u00e5le og en behagelig passform p\u00e5 foten. Det perfekte valget for daglig bruk, aktiv livsstil og skape et fasjonabelt sporty utseende.<\/p>\n","protected":false},"featured_media":800319,"comment_status":"open","ping_status":"open","template":"","meta":[],"product_brand":[],"product_cat":[3277,3278],"product_tag":[],"class_list":{"0":"post-800318","1":"product","2":"type-product","3":"status-publish","4":"has-post-thumbnail","6":"product_cat-all-product","7":"product_cat-krosivky","8":"pa_rozmir-910","9":"pa_rozmir-912","10":"pa_rozmir-914","11":"pa_rozmir-915","12":"pa_rozmir-916","13":"pa_rozmir-917","14":"pa_rozmir-918","15":"pa_rozmir-919","16":"pa_rozmir-920","17":"pa_rozmir-921","18":"pa_rozmir-922","20":"first","21":"onbackorder","22":"purchasable","23":"product-type-variable"},"_links":{"self":[{"href":"https:\/\/nextsnkr.com\/no\/wp-json\/wp\/v2\/product\/800318","targetHints":{"allow":["GET"]}}],"collection":[{"href":"https:\/\/nextsnkr.com\/no\/wp-json\/wp\/v2\/product"}],"about":[{"href":"https:\/\/nextsnkr.com\/no\/wp-json\/wp\/v2\/types\/product"}],"replies":[{"embeddable":true,"href":"https:\/\/nextsnkr.com\/no\/wp-json\/wp\/v2\/comments?post=800318"}],"version-history":[{"count":0,"href":"https:\/\/nextsnkr.com\/no\/wp-json\/wp\/v2\/product\/800318\/revisions"}],"wp:featuredmedia":[{"embeddable":true,"href":"https:\/\/nextsnkr.com\/no\/wp-json\/wp\/v2\/media\/800319"}],"wp:attachment":[{"href":"https:\/\/nextsnkr.com\/no\/wp-json\/wp\/v2\/media?parent=800318"}],"wp:term":[{"taxonomy":"product_brand","embeddable":true,"href":"https:\/\/nextsnkr.com\/no\/wp-json\/wp\/v2\/product_brand?post=800318"},{"taxonomy":"product_cat","embeddable":true,"href":"https:\/\/nextsnkr.com\/no\/wp-json\/wp\/v2\/product_cat?post=800318"},{"taxonomy":"product_tag","embeddable":true,"href":"https:\/\/nextsnkr.com\/no\/wp-json\/wp\/v2\/product_tag?post=800318"}],"curies":[{"name":"wp","href":"https:\/\/api.w.org\/{rel}","templated":true}]}}