{"id":799639,"date":"2025-06-17T22:40:13","date_gmt":"2025-06-17T19:40:13","guid":{"rendered":"https:\/\/nextsnkr.com\/product\/nike-air-max-plus-black-metallic-silver-2\/"},"modified":"2026-02-01T18:12:56","modified_gmt":"2026-02-01T15:12:56","slug":"nike-air-max-plus-black-metallic-silver-2","status":"publish","type":"product","link":"https:\/\/nextsnkr.com\/no\/produkt\/nike-air-max-plus-black-metallic-silver-2\/","title":{"rendered":"Nike Air Max Plus Svart Metallic S\u00f8lv Joggesko-l\u00e6r og tekstiler"},"content":{"rendered":"<h2>Nike Air Max Plus Svart Metallic S\u00f8lv Joggesko-l\u00e6r og tekstiler<\/h2>\n<p>&nbsp;<\/p>\n<p>Nike Air Max Plus Black Metallic Silver sneakers er en stilig og komfortabel modell med en kombinasjon av ekte l\u00e6r og tekstiler for daglig bruk og utend\u00f8rsaktiviteter. Den lette, slitesterke s\u00e5len gir demping og st\u00f8tte for foten, mens den svarte fargen med metallisk s\u00f8lv gir modernitet og dynamikk til utseendet. Laget I Vietnam, kombinerer disse joggeskoene holdbarhet, komfort og trendy stil, noe som gj\u00f8r Nike Air Max Plus til det perfekte valget for aktiv livsstil og trendy buer.<\/p>\n","protected":false},"excerpt":{"rendered":"<p>Nike Air Max Plus Black Metallic Silver sneakers er en stilig og komfortabel modell med en kombinasjon av ekte l\u00e6r og tekstiler for daglig bruk og utend\u00f8rsaktiviteter. Den lette, slitesterke s\u00e5len gir demping og st\u00f8tte for foten, mens den svarte fargen med metallisk s\u00f8lv gir modernitet og dynamikk til utseendet. Laget I Vietnam, kombinerer disse joggeskoene holdbarhet, komfort og trendy stil, noe som gj\u00f8r Nike Air Max Plus til det perfekte valget for aktiv livsstil og trendy buer.<\/p>\n","protected":false},"featured_media":799640,"comment_status":"open","ping_status":"open","template":"","meta":[],"product_brand":[],"product_cat":[3277,3278],"product_tag":[],"class_list":{"0":"post-799639","1":"product","2":"type-product","3":"status-publish","4":"has-post-thumbnail","6":"product_cat-all-product","7":"product_cat-krosivky","8":"pa_rozmir-910","9":"pa_rozmir-912","10":"pa_rozmir-914","11":"pa_rozmir-915","12":"pa_rozmir-916","13":"pa_rozmir-917","14":"pa_rozmir-918","15":"pa_rozmir-919","16":"pa_rozmir-920","17":"pa_rozmir-921","18":"pa_rozmir-922","20":"first","21":"onbackorder","22":"purchasable","23":"product-type-variable"},"_links":{"self":[{"href":"https:\/\/nextsnkr.com\/no\/wp-json\/wp\/v2\/product\/799639","targetHints":{"allow":["GET"]}}],"collection":[{"href":"https:\/\/nextsnkr.com\/no\/wp-json\/wp\/v2\/product"}],"about":[{"href":"https:\/\/nextsnkr.com\/no\/wp-json\/wp\/v2\/types\/product"}],"replies":[{"embeddable":true,"href":"https:\/\/nextsnkr.com\/no\/wp-json\/wp\/v2\/comments?post=799639"}],"version-history":[{"count":0,"href":"https:\/\/nextsnkr.com\/no\/wp-json\/wp\/v2\/product\/799639\/revisions"}],"wp:featuredmedia":[{"embeddable":true,"href":"https:\/\/nextsnkr.com\/no\/wp-json\/wp\/v2\/media\/799640"}],"wp:attachment":[{"href":"https:\/\/nextsnkr.com\/no\/wp-json\/wp\/v2\/media?parent=799639"}],"wp:term":[{"taxonomy":"product_brand","embeddable":true,"href":"https:\/\/nextsnkr.com\/no\/wp-json\/wp\/v2\/product_brand?post=799639"},{"taxonomy":"product_cat","embeddable":true,"href":"https:\/\/nextsnkr.com\/no\/wp-json\/wp\/v2\/product_cat?post=799639"},{"taxonomy":"product_tag","embeddable":true,"href":"https:\/\/nextsnkr.com\/no\/wp-json\/wp\/v2\/product_tag?post=799639"}],"curies":[{"name":"wp","href":"https:\/\/api.w.org\/{rel}","templated":true}]}}