{"id":797099,"date":"2025-06-13T10:04:01","date_gmt":"2025-06-13T07:04:01","guid":{"rendered":"https:\/\/nextsnkr.com\/product\/track-white\/"},"modified":"2026-02-01T14:45:45","modified_gmt":"2026-02-01T11:45:45","slug":"track-white","status":"publish","type":"product","link":"https:\/\/nextsnkr.com\/no\/produkt\/track-white\/","title":{"rendered":"Spor hvite skinnsko-stilige l\u00f8pesko for menn"},"content":{"rendered":"<h2>Spor hvite skinnsko-stilige l\u00f8pesko for menn<\/h2>\n<p>&nbsp;<\/p>\n<p>Track White sneakers er allsidige ekte skinnsko designet for daglig komfort og aktiv urban stil. Det slitesterke materialet sikrer holdbarhet, mens den gjennomtenkte designen garanterer en behagelig passform og p\u00e5litelig fotst\u00f8tte. Disse joggeskoene er lette, praktiske og stilige, og er det perfekte valget for turer, trenings\u00f8kter eller uformelle utseende. Kina-produsenten garanterer kvaliteten p\u00e5 utf\u00f8relsen og det moderne utseendet til modellen.<\/p>\n","protected":false},"excerpt":{"rendered":"<p>Track White sneakers er allsidige ekte skinnsko designet for daglig komfort og aktiv urban stil. Det slitesterke materialet sikrer holdbarhet, mens den gjennomtenkte designen garanterer en behagelig passform og p\u00e5litelig fotst\u00f8tte. Disse joggeskoene er lette, praktiske og stilige, og er det perfekte valget for turer, trenings\u00f8kter eller uformelle utseende. Kina-produsenten garanterer kvaliteten p\u00e5 utf\u00f8relsen og det moderne utseendet til modellen.<\/p>\n","protected":false},"featured_media":797103,"comment_status":"open","ping_status":"open","template":"","meta":[],"product_brand":[],"product_cat":[3277,3278],"product_tag":[],"class_list":{"0":"post-797099","1":"product","2":"type-product","3":"status-publish","4":"has-post-thumbnail","6":"product_cat-all-product","7":"product_cat-krosivky","8":"pa_rozmir-910","9":"pa_rozmir-912","10":"pa_rozmir-914","11":"pa_rozmir-915","12":"pa_rozmir-916","13":"pa_rozmir-917","14":"pa_rozmir-918","15":"pa_rozmir-919","16":"pa_rozmir-920","17":"pa_rozmir-921","18":"pa_rozmir-922","20":"first","21":"instock","22":"purchasable","23":"product-type-variable"},"_links":{"self":[{"href":"https:\/\/nextsnkr.com\/no\/wp-json\/wp\/v2\/product\/797099","targetHints":{"allow":["GET"]}}],"collection":[{"href":"https:\/\/nextsnkr.com\/no\/wp-json\/wp\/v2\/product"}],"about":[{"href":"https:\/\/nextsnkr.com\/no\/wp-json\/wp\/v2\/types\/product"}],"replies":[{"embeddable":true,"href":"https:\/\/nextsnkr.com\/no\/wp-json\/wp\/v2\/comments?post=797099"}],"version-history":[{"count":0,"href":"https:\/\/nextsnkr.com\/no\/wp-json\/wp\/v2\/product\/797099\/revisions"}],"wp:featuredmedia":[{"embeddable":true,"href":"https:\/\/nextsnkr.com\/no\/wp-json\/wp\/v2\/media\/797103"}],"wp:attachment":[{"href":"https:\/\/nextsnkr.com\/no\/wp-json\/wp\/v2\/media?parent=797099"}],"wp:term":[{"taxonomy":"product_brand","embeddable":true,"href":"https:\/\/nextsnkr.com\/no\/wp-json\/wp\/v2\/product_brand?post=797099"},{"taxonomy":"product_cat","embeddable":true,"href":"https:\/\/nextsnkr.com\/no\/wp-json\/wp\/v2\/product_cat?post=797099"},{"taxonomy":"product_tag","embeddable":true,"href":"https:\/\/nextsnkr.com\/no\/wp-json\/wp\/v2\/product_tag?post=797099"}],"curies":[{"name":"wp","href":"https:\/\/api.w.org\/{rel}","templated":true}]}}