{"id":796389,"date":"2025-06-17T22:48:09","date_gmt":"2025-06-17T19:48:09","guid":{"rendered":"https:\/\/nextsnkr.com\/product\/air-jordan-red\/"},"modified":"2026-02-01T14:45:19","modified_gmt":"2026-02-01T11:45:19","slug":"air-jordan-red","status":"publish","type":"product","link":"https:\/\/nextsnkr.com\/no\/produkt\/air-jordan-red\/","title":{"rendered":"AIR JORDAN Red hat er en stilig akryl vinter lue"},"content":{"rendered":"<h2>AIR JORDAN Red hat er en stilig akryl vinter lue<\/h2>\n<p>&nbsp;<\/p>\n<p>AIR JORDAN Red hat ER en allsidig modell for en varm og behagelig vinter. Laget av myk akryl, det gir varme og en behagelig f\u00f8lelse n\u00e5r slitt. Det omfangsrike broderiet gir en stilig aksent og fremhever merkevaren, og den universelle st\u00f8rrelsen passer de fleste voksne. Lett \u00e5 holde ren-anbefales vask p\u00e5 30 kvm. c. det perfekte valget for \u00e5 kombinere moderne design og kuldebeskyttelse i hverdagen.<\/p>\n","protected":false},"excerpt":{"rendered":"<p>AIR JORDAN Red hat ER en allsidig modell for en varm og behagelig vinter. Laget av myk akryl, det gir varme og en behagelig f\u00f8lelse n\u00e5r slitt. Det omfangsrike broderiet gir en stilig aksent og fremhever merkevaren, og den universelle st\u00f8rrelsen passer de fleste voksne. Lett \u00e5 holde ren-anbefales vask p\u00e5 30 kvm. c. det perfekte valget for \u00e5 kombinere moderne design og kuldebeskyttelse i hverdagen.<\/p>\n","protected":false},"featured_media":796391,"comment_status":"open","ping_status":"open","template":"","meta":[],"product_brand":[],"product_cat":[3389,3277,4454],"product_tag":[],"class_list":{"0":"post-796389","1":"product","2":"type-product","3":"status-publish","4":"has-post-thumbnail","6":"product_cat-nike-jordan","7":"product_cat-all-product","8":"product_cat-shapky","9":"pa_rozmir-one-size","11":"first","12":"instock","13":"purchasable","14":"product-type-simple"},"_links":{"self":[{"href":"https:\/\/nextsnkr.com\/no\/wp-json\/wp\/v2\/product\/796389","targetHints":{"allow":["GET"]}}],"collection":[{"href":"https:\/\/nextsnkr.com\/no\/wp-json\/wp\/v2\/product"}],"about":[{"href":"https:\/\/nextsnkr.com\/no\/wp-json\/wp\/v2\/types\/product"}],"replies":[{"embeddable":true,"href":"https:\/\/nextsnkr.com\/no\/wp-json\/wp\/v2\/comments?post=796389"}],"version-history":[{"count":0,"href":"https:\/\/nextsnkr.com\/no\/wp-json\/wp\/v2\/product\/796389\/revisions"}],"wp:featuredmedia":[{"embeddable":true,"href":"https:\/\/nextsnkr.com\/no\/wp-json\/wp\/v2\/media\/796391"}],"wp:attachment":[{"href":"https:\/\/nextsnkr.com\/no\/wp-json\/wp\/v2\/media?parent=796389"}],"wp:term":[{"taxonomy":"product_brand","embeddable":true,"href":"https:\/\/nextsnkr.com\/no\/wp-json\/wp\/v2\/product_brand?post=796389"},{"taxonomy":"product_cat","embeddable":true,"href":"https:\/\/nextsnkr.com\/no\/wp-json\/wp\/v2\/product_cat?post=796389"},{"taxonomy":"product_tag","embeddable":true,"href":"https:\/\/nextsnkr.com\/no\/wp-json\/wp\/v2\/product_tag?post=796389"}],"curies":[{"name":"wp","href":"https:\/\/api.w.org\/{rel}","templated":true}]}}