{"id":796192,"date":"2025-06-17T22:48:15","date_gmt":"2025-06-17T19:48:15","guid":{"rendered":"https:\/\/nextsnkr.com\/product\/air-jordan-black\/"},"modified":"2026-02-01T14:44:59","modified_gmt":"2026-02-01T11:44:59","slug":"air-jordan-black","status":"publish","type":"product","link":"https:\/\/nextsnkr.com\/no\/produkt\/air-jordan-black\/","title":{"rendered":"AIR JORDAN Svart hatt-akryl universal med broderi"},"content":{"rendered":"<h2>AIR JORDAN Svart hatt-akryl universal med broderi<\/h2>\n<p>&nbsp;<\/p>\n<p>AIR JORDAN Black hat er et stilig og praktisk tilbeh\u00f8r for enhver sesong. Laget av akryl av h\u00f8y kvalitet, gir den varme og komfort n\u00e5r den b\u00e6res. Det omfangsrike broderiet av merkets logo gir et moderne, sporty utseende. Den universelle st\u00f8rrelsen passer de fleste, og pleien er enkel-den kan vaskes p\u00e5 30 istedetfor C. Velg AIR JORDAN Svart for et stilig utseende og p\u00e5litelig beskyttelse mot kulde.<\/p>\n","protected":false},"excerpt":{"rendered":"<p>AIR JORDAN Black hat er et stilig og praktisk tilbeh\u00f8r for enhver sesong. Laget av akryl av h\u00f8y kvalitet, gir den varme og komfort n\u00e5r den b\u00e6res. Det omfangsrike broderiet av merkets logo gir et moderne, sporty utseende. Den universelle st\u00f8rrelsen passer de fleste, og pleien er enkel-den kan vaskes p\u00e5 30 istedetfor C. Velg AIR JORDAN Svart for et stilig utseende og p\u00e5litelig beskyttelse mot kulde.<\/p>\n","protected":false},"featured_media":796193,"comment_status":"open","ping_status":"open","template":"","meta":[],"product_brand":[],"product_cat":[3389,3277,4454],"product_tag":[],"class_list":{"0":"post-796192","1":"product","2":"type-product","3":"status-publish","4":"has-post-thumbnail","6":"product_cat-nike-jordan","7":"product_cat-all-product","8":"product_cat-shapky","9":"pa_rozmir-one-size","11":"first","12":"instock","13":"purchasable","14":"product-type-simple"},"_links":{"self":[{"href":"https:\/\/nextsnkr.com\/no\/wp-json\/wp\/v2\/product\/796192","targetHints":{"allow":["GET"]}}],"collection":[{"href":"https:\/\/nextsnkr.com\/no\/wp-json\/wp\/v2\/product"}],"about":[{"href":"https:\/\/nextsnkr.com\/no\/wp-json\/wp\/v2\/types\/product"}],"replies":[{"embeddable":true,"href":"https:\/\/nextsnkr.com\/no\/wp-json\/wp\/v2\/comments?post=796192"}],"version-history":[{"count":0,"href":"https:\/\/nextsnkr.com\/no\/wp-json\/wp\/v2\/product\/796192\/revisions"}],"wp:featuredmedia":[{"embeddable":true,"href":"https:\/\/nextsnkr.com\/no\/wp-json\/wp\/v2\/media\/796193"}],"wp:attachment":[{"href":"https:\/\/nextsnkr.com\/no\/wp-json\/wp\/v2\/media?parent=796192"}],"wp:term":[{"taxonomy":"product_brand","embeddable":true,"href":"https:\/\/nextsnkr.com\/no\/wp-json\/wp\/v2\/product_brand?post=796192"},{"taxonomy":"product_cat","embeddable":true,"href":"https:\/\/nextsnkr.com\/no\/wp-json\/wp\/v2\/product_cat?post=796192"},{"taxonomy":"product_tag","embeddable":true,"href":"https:\/\/nextsnkr.com\/no\/wp-json\/wp\/v2\/product_tag?post=796192"}],"curies":[{"name":"wp","href":"https:\/\/api.w.org\/{rel}","templated":true}]}}