{"id":795755,"date":"2025-06-13T10:06:24","date_gmt":"2025-06-13T07:06:24","guid":{"rendered":"https:\/\/nextsnkr.com\/product\/3-xl-black\/"},"modified":"2026-02-01T14:44:46","modified_gmt":"2026-02-01T11:44:46","slug":"3-xl-black","status":"publish","type":"product","link":"https:\/\/nextsnkr.com\/no\/produkt\/3-xl-black\/","title":{"rendered":"Sneakers 3 XL Svart Skinn Svart"},"content":{"rendered":"<h2>Sneakers 3 XL Svart Skinn Svart<\/h2>\n<p>&nbsp;<\/p>\n<p>De 3 XL Svarte joggeskoene er laget av ekte skinn av h\u00f8y kvalitet, noe som sikrer holdbarhet, stilig utseende og lang levetid. Den klassiske svarte designen gj\u00f8r modellen allsidig og enkel \u00e5 kombinere med hvilken som helst garderobe. Den komfortable s\u00e5len garanterer komfort under daglige turer og et aktivt tempo i livet. Det perfekte valget for de som leter etter p\u00e5litelige, praktiske og stilige skinnsko. Produsent: Kina. SKU: 165-700269<\/p>\n","protected":false},"excerpt":{"rendered":"<p>De 3 XL Svarte joggeskoene er laget av ekte skinn av h\u00f8y kvalitet, noe som sikrer holdbarhet, stilig utseende og lang levetid. Den klassiske svarte designen gj\u00f8r modellen allsidig og enkel \u00e5 kombinere med hvilken som helst garderobe. Den komfortable s\u00e5len garanterer komfort under daglige turer og et aktivt tempo i livet. Det perfekte valget for de som leter etter p\u00e5litelige, praktiske og stilige skinnsko. Produsent: Kina. SKU: 165-700269<\/p>\n","protected":false},"featured_media":795756,"comment_status":"open","ping_status":"open","template":"","meta":[],"product_brand":[],"product_cat":[3277,3278],"product_tag":[],"class_list":{"0":"post-795755","1":"product","2":"type-product","3":"status-publish","4":"has-post-thumbnail","6":"product_cat-all-product","7":"product_cat-krosivky","8":"pa_rozmir-910","9":"pa_rozmir-912","10":"pa_rozmir-914","11":"pa_rozmir-915","12":"pa_rozmir-916","13":"pa_rozmir-917","14":"pa_rozmir-918","15":"pa_rozmir-919","16":"pa_rozmir-920","17":"pa_rozmir-921","18":"pa_rozmir-922","20":"first","21":"instock","22":"purchasable","23":"product-type-variable"},"_links":{"self":[{"href":"https:\/\/nextsnkr.com\/no\/wp-json\/wp\/v2\/product\/795755","targetHints":{"allow":["GET"]}}],"collection":[{"href":"https:\/\/nextsnkr.com\/no\/wp-json\/wp\/v2\/product"}],"about":[{"href":"https:\/\/nextsnkr.com\/no\/wp-json\/wp\/v2\/types\/product"}],"replies":[{"embeddable":true,"href":"https:\/\/nextsnkr.com\/no\/wp-json\/wp\/v2\/comments?post=795755"}],"version-history":[{"count":0,"href":"https:\/\/nextsnkr.com\/no\/wp-json\/wp\/v2\/product\/795755\/revisions"}],"wp:featuredmedia":[{"embeddable":true,"href":"https:\/\/nextsnkr.com\/no\/wp-json\/wp\/v2\/media\/795756"}],"wp:attachment":[{"href":"https:\/\/nextsnkr.com\/no\/wp-json\/wp\/v2\/media?parent=795755"}],"wp:term":[{"taxonomy":"product_brand","embeddable":true,"href":"https:\/\/nextsnkr.com\/no\/wp-json\/wp\/v2\/product_brand?post=795755"},{"taxonomy":"product_cat","embeddable":true,"href":"https:\/\/nextsnkr.com\/no\/wp-json\/wp\/v2\/product_cat?post=795755"},{"taxonomy":"product_tag","embeddable":true,"href":"https:\/\/nextsnkr.com\/no\/wp-json\/wp\/v2\/product_tag?post=795755"}],"curies":[{"name":"wp","href":"https:\/\/api.w.org\/{rel}","templated":true}]}}