{"id":795221,"date":"2025-06-17T22:48:51","date_gmt":"2025-06-17T19:48:51","guid":{"rendered":"https:\/\/nextsnkr.com\/product\/north-face-grey\/"},"modified":"2026-02-01T14:44:12","modified_gmt":"2026-02-01T11:44:12","slug":"north-face-grey","status":"publish","type":"product","link":"https:\/\/nextsnkr.com\/no\/produkt\/north-face-grey\/","title":{"rendered":"North FACE Gr\u00e5 akryl universell lue"},"content":{"rendered":"<h2>North FACE Gr\u00e5 akryl universell lue<\/h2>\n<p>&nbsp;<\/p>\n<p>Den stilige NORTH FACE Gr\u00e5 lue er laget av myk akryl, som gir varme og komfort i all slags v\u00e6r. Den allsidige st\u00f8rrelsen og det omfangsrike broderiet gj\u00f8r denne merkehatten til et ideelt valg for hverdagsbruk, utend\u00f8rsaktiviteter og byvandringer, og kombinerer praktisk og fasjonabel design.<\/p>\n","protected":false},"excerpt":{"rendered":"<p>Den stilige NORTH FACE Gr\u00e5 lue er laget av myk akryl, som gir varme og komfort i all slags v\u00e6r. Den allsidige st\u00f8rrelsen og det omfangsrike broderiet gj\u00f8r denne merkehatten til et ideelt valg for hverdagsbruk, utend\u00f8rsaktiviteter og byvandringer, og kombinerer praktisk og fasjonabel design.<\/p>\n","protected":false},"featured_media":795222,"comment_status":"open","ping_status":"open","template":"","meta":[],"product_brand":[],"product_cat":[3277,4454],"product_tag":[],"class_list":{"0":"post-795221","1":"product","2":"type-product","3":"status-publish","4":"has-post-thumbnail","6":"product_cat-all-product","7":"product_cat-shapky","8":"pa_rozmir-one-size","10":"first","11":"instock","12":"purchasable","13":"product-type-simple"},"_links":{"self":[{"href":"https:\/\/nextsnkr.com\/no\/wp-json\/wp\/v2\/product\/795221","targetHints":{"allow":["GET"]}}],"collection":[{"href":"https:\/\/nextsnkr.com\/no\/wp-json\/wp\/v2\/product"}],"about":[{"href":"https:\/\/nextsnkr.com\/no\/wp-json\/wp\/v2\/types\/product"}],"replies":[{"embeddable":true,"href":"https:\/\/nextsnkr.com\/no\/wp-json\/wp\/v2\/comments?post=795221"}],"version-history":[{"count":0,"href":"https:\/\/nextsnkr.com\/no\/wp-json\/wp\/v2\/product\/795221\/revisions"}],"wp:featuredmedia":[{"embeddable":true,"href":"https:\/\/nextsnkr.com\/no\/wp-json\/wp\/v2\/media\/795222"}],"wp:attachment":[{"href":"https:\/\/nextsnkr.com\/no\/wp-json\/wp\/v2\/media?parent=795221"}],"wp:term":[{"taxonomy":"product_brand","embeddable":true,"href":"https:\/\/nextsnkr.com\/no\/wp-json\/wp\/v2\/product_brand?post=795221"},{"taxonomy":"product_cat","embeddable":true,"href":"https:\/\/nextsnkr.com\/no\/wp-json\/wp\/v2\/product_cat?post=795221"},{"taxonomy":"product_tag","embeddable":true,"href":"https:\/\/nextsnkr.com\/no\/wp-json\/wp\/v2\/product_tag?post=795221"}],"curies":[{"name":"wp","href":"https:\/\/api.w.org\/{rel}","templated":true}]}}