{"id":793893,"date":"2025-06-13T10:10:30","date_gmt":"2025-06-13T07:10:30","guid":{"rendered":"https:\/\/nextsnkr.com\/product\/3-xl\/"},"modified":"2026-02-01T14:43:18","modified_gmt":"2026-02-01T11:43:18","slug":"3-xl","status":"publish","type":"product","link":"https:\/\/nextsnkr.com\/no\/produkt\/3-xl\/","title":{"rendered":"Menns 3 XL leather running sko-stilig og komfortabel"},"content":{"rendered":"<h2>Menns 3 XL leather running sko-stilig og komfortabel<\/h2>\n<p>&nbsp;<\/p>\n<p>3 XL skinnsko er en kombinasjon av komfort, holdbarhet og moderne design. Ekte skinn sikrer holdbarhet og behagelig passform, og skredders\u00f8m av h\u00f8y kvalitet garanterer p\u00e5litelighet i daglig bruk. Modellen, laget i Kina, er egnet for utend\u00f8rsaktiviteter og daglig bruk. Et stilig valg for de som verdsetter komfort og kvalitet.<\/p>\n","protected":false},"excerpt":{"rendered":"<p>3 XL skinnsko er en kombinasjon av komfort, holdbarhet og moderne design. Ekte skinn sikrer holdbarhet og behagelig passform, og skredders\u00f8m av h\u00f8y kvalitet garanterer p\u00e5litelighet i daglig bruk. Modellen, laget i Kina, er egnet for utend\u00f8rsaktiviteter og daglig bruk. Et stilig valg for de som verdsetter komfort og kvalitet.<\/p>\n","protected":false},"featured_media":793894,"comment_status":"open","ping_status":"open","template":"","meta":[],"product_brand":[],"product_cat":[3277,3278],"product_tag":[],"class_list":{"0":"post-793893","1":"product","2":"type-product","3":"status-publish","4":"has-post-thumbnail","6":"product_cat-all-product","7":"product_cat-krosivky","8":"pa_rozmir-910","9":"pa_rozmir-912","10":"pa_rozmir-914","11":"pa_rozmir-915","12":"pa_rozmir-916","13":"pa_rozmir-917","14":"pa_rozmir-918","15":"pa_rozmir-919","16":"pa_rozmir-920","17":"pa_rozmir-921","18":"pa_rozmir-922","20":"first","21":"onbackorder","22":"purchasable","23":"product-type-variable"},"_links":{"self":[{"href":"https:\/\/nextsnkr.com\/no\/wp-json\/wp\/v2\/product\/793893","targetHints":{"allow":["GET"]}}],"collection":[{"href":"https:\/\/nextsnkr.com\/no\/wp-json\/wp\/v2\/product"}],"about":[{"href":"https:\/\/nextsnkr.com\/no\/wp-json\/wp\/v2\/types\/product"}],"replies":[{"embeddable":true,"href":"https:\/\/nextsnkr.com\/no\/wp-json\/wp\/v2\/comments?post=793893"}],"version-history":[{"count":0,"href":"https:\/\/nextsnkr.com\/no\/wp-json\/wp\/v2\/product\/793893\/revisions"}],"wp:featuredmedia":[{"embeddable":true,"href":"https:\/\/nextsnkr.com\/no\/wp-json\/wp\/v2\/media\/793894"}],"wp:attachment":[{"href":"https:\/\/nextsnkr.com\/no\/wp-json\/wp\/v2\/media?parent=793893"}],"wp:term":[{"taxonomy":"product_brand","embeddable":true,"href":"https:\/\/nextsnkr.com\/no\/wp-json\/wp\/v2\/product_brand?post=793893"},{"taxonomy":"product_cat","embeddable":true,"href":"https:\/\/nextsnkr.com\/no\/wp-json\/wp\/v2\/product_cat?post=793893"},{"taxonomy":"product_tag","embeddable":true,"href":"https:\/\/nextsnkr.com\/no\/wp-json\/wp\/v2\/product_tag?post=793893"}],"curies":[{"name":"wp","href":"https:\/\/api.w.org\/{rel}","templated":true}]}}