{"id":793540,"date":"2025-06-13T10:11:12","date_gmt":"2025-06-13T07:11:12","guid":{"rendered":"https:\/\/nextsnkr.com\/product\/adidas-x-balenciaga-triple-s-pink\/"},"modified":"2026-02-01T14:43:08","modified_gmt":"2026-02-01T11:43:08","slug":"adidas-x-balenciaga-triple-s-pink","status":"publish","type":"product","link":"https:\/\/nextsnkr.com\/no\/produkt\/adidas-x-balenciaga-triple-s-pink\/","title":{"rendered":"Adidas X Balenciaga Triple S Rosa Skinn Joggesko-Premium stil"},"content":{"rendered":"<h2>Adidas X Balenciaga Triple S Rosa Skinn Joggesko-Premium stil<\/h2>\n<p>&nbsp;<\/p>\n<p>Adidas x Balenciaga Triple S Rosa joggesko er en eksklusiv modell laget av h\u00f8ykvalitets skinn og laget i den gjenkjennelige massive Triple S-designen. Produsert I Kina, gir den h\u00f8y kvalitet til en optimal pris. Den stilige rosa fargen gj\u00f8r skoene til en lys aksent i ethvert utseende, og slitesterke materialer garanterer komfort og holdbarhet. Et ideelt valg for kjennere av merkede og trendy joggesko. Kode OG SKU: 072-393834.<\/p>\n","protected":false},"excerpt":{"rendered":"<p>Adidas x Balenciaga Triple S Rosa joggesko er en eksklusiv modell laget av h\u00f8ykvalitets skinn og laget i den gjenkjennelige massive Triple S-designen. Produsert I Kina, gir den h\u00f8y kvalitet til en optimal pris. Den stilige rosa fargen gj\u00f8r skoene til en lys aksent i ethvert utseende, og slitesterke materialer garanterer komfort og holdbarhet. Et ideelt valg for kjennere av merkede og trendy joggesko. Kode OG SKU: 072-393834.<\/p>\n","protected":false},"featured_media":793541,"comment_status":"open","ping_status":"open","template":"","meta":[],"product_brand":[],"product_cat":[3277,3278],"product_tag":[],"class_list":{"0":"post-793540","1":"product","2":"type-product","3":"status-publish","4":"has-post-thumbnail","6":"product_cat-all-product","7":"product_cat-krosivky","8":"pa_rozmir-910","9":"pa_rozmir-912","10":"pa_rozmir-914","11":"pa_rozmir-915","12":"pa_rozmir-916","13":"pa_rozmir-917","14":"pa_rozmir-918","15":"pa_rozmir-919","16":"pa_rozmir-920","17":"pa_rozmir-921","18":"pa_rozmir-922","20":"first","21":"instock","22":"purchasable","23":"product-type-variable"},"_links":{"self":[{"href":"https:\/\/nextsnkr.com\/no\/wp-json\/wp\/v2\/product\/793540","targetHints":{"allow":["GET"]}}],"collection":[{"href":"https:\/\/nextsnkr.com\/no\/wp-json\/wp\/v2\/product"}],"about":[{"href":"https:\/\/nextsnkr.com\/no\/wp-json\/wp\/v2\/types\/product"}],"replies":[{"embeddable":true,"href":"https:\/\/nextsnkr.com\/no\/wp-json\/wp\/v2\/comments?post=793540"}],"version-history":[{"count":0,"href":"https:\/\/nextsnkr.com\/no\/wp-json\/wp\/v2\/product\/793540\/revisions"}],"wp:featuredmedia":[{"embeddable":true,"href":"https:\/\/nextsnkr.com\/no\/wp-json\/wp\/v2\/media\/793541"}],"wp:attachment":[{"href":"https:\/\/nextsnkr.com\/no\/wp-json\/wp\/v2\/media?parent=793540"}],"wp:term":[{"taxonomy":"product_brand","embeddable":true,"href":"https:\/\/nextsnkr.com\/no\/wp-json\/wp\/v2\/product_brand?post=793540"},{"taxonomy":"product_cat","embeddable":true,"href":"https:\/\/nextsnkr.com\/no\/wp-json\/wp\/v2\/product_cat?post=793540"},{"taxonomy":"product_tag","embeddable":true,"href":"https:\/\/nextsnkr.com\/no\/wp-json\/wp\/v2\/product_tag?post=793540"}],"curies":[{"name":"wp","href":"https:\/\/api.w.org\/{rel}","templated":true}]}}