{"id":793200,"date":"2025-06-13T10:11:53","date_gmt":"2025-06-13T07:11:53","guid":{"rendered":"https:\/\/nextsnkr.com\/product\/3-xl-dirty-beige\/"},"modified":"2026-02-01T14:42:59","modified_gmt":"2026-02-01T11:42:59","slug":"3-xl-dirty-beige","status":"publish","type":"product","link":"https:\/\/nextsnkr.com\/no\/produkt\/3-xl-dirty-beige\/","title":{"rendered":"Dirty Beige 3 XL sneakers-beige menns tekstil og l\u00e6r"},"content":{"rendered":"<h2>Dirty Beige 3 XL sneakers-beige menns tekstil og l\u00e6r<\/h2>\n<p>&nbsp;<\/p>\n<p>Dirty Beige 3 XL joggesko kombinerer tekstiler og naturlig skinn, noe som gir letthet, holdbarhet og komfort under daglig bruk. Den allsidige beige fargen kan enkelt kombineres med enhver stil, og den moderne designen gj\u00f8r modellen fengende og trendy. Den komfortable s\u00e5len garanterer demping og st\u00f8tte for foten, som er egnet for aktive turer og urban livsstil. Et ideelt alternativ for de som leter etter stil og praktisk i en sko.<\/p>\n","protected":false},"excerpt":{"rendered":"<p>Dirty Beige 3 XL joggesko kombinerer tekstiler og naturlig skinn, noe som gir letthet, holdbarhet og komfort under daglig bruk. Den allsidige beige fargen kan enkelt kombineres med enhver stil, og den moderne designen gj\u00f8r modellen fengende og trendy. Den komfortable s\u00e5len garanterer demping og st\u00f8tte for foten, som er egnet for aktive turer og urban livsstil. Et ideelt alternativ for de som leter etter stil og praktisk i en sko.<\/p>\n","protected":false},"featured_media":793201,"comment_status":"open","ping_status":"open","template":"","meta":[],"product_brand":[],"product_cat":[3277,3278],"product_tag":[],"class_list":{"0":"post-793200","1":"product","2":"type-product","3":"status-publish","4":"has-post-thumbnail","6":"product_cat-all-product","7":"product_cat-krosivky","8":"pa_rozmir-910","9":"pa_rozmir-912","10":"pa_rozmir-914","11":"pa_rozmir-915","12":"pa_rozmir-916","13":"pa_rozmir-917","14":"pa_rozmir-918","15":"pa_rozmir-919","16":"pa_rozmir-920","17":"pa_rozmir-921","18":"pa_rozmir-922","20":"first","21":"onbackorder","22":"purchasable","23":"product-type-variable"},"_links":{"self":[{"href":"https:\/\/nextsnkr.com\/no\/wp-json\/wp\/v2\/product\/793200","targetHints":{"allow":["GET"]}}],"collection":[{"href":"https:\/\/nextsnkr.com\/no\/wp-json\/wp\/v2\/product"}],"about":[{"href":"https:\/\/nextsnkr.com\/no\/wp-json\/wp\/v2\/types\/product"}],"replies":[{"embeddable":true,"href":"https:\/\/nextsnkr.com\/no\/wp-json\/wp\/v2\/comments?post=793200"}],"version-history":[{"count":0,"href":"https:\/\/nextsnkr.com\/no\/wp-json\/wp\/v2\/product\/793200\/revisions"}],"wp:featuredmedia":[{"embeddable":true,"href":"https:\/\/nextsnkr.com\/no\/wp-json\/wp\/v2\/media\/793201"}],"wp:attachment":[{"href":"https:\/\/nextsnkr.com\/no\/wp-json\/wp\/v2\/media?parent=793200"}],"wp:term":[{"taxonomy":"product_brand","embeddable":true,"href":"https:\/\/nextsnkr.com\/no\/wp-json\/wp\/v2\/product_brand?post=793200"},{"taxonomy":"product_cat","embeddable":true,"href":"https:\/\/nextsnkr.com\/no\/wp-json\/wp\/v2\/product_cat?post=793200"},{"taxonomy":"product_tag","embeddable":true,"href":"https:\/\/nextsnkr.com\/no\/wp-json\/wp\/v2\/product_tag?post=793200"}],"curies":[{"name":"wp","href":"https:\/\/api.w.org\/{rel}","templated":true}]}}